{"id":98971,"date":"2026-02-06T12:37:43","date_gmt":"2026-02-06T11:37:43","guid":{"rendered":"https:\/\/localhost\/?post_type=product&#038;p=98971"},"modified":"2026-02-19T06:37:13","modified_gmt":"2026-02-19T05:37:13","slug":"pantaloncini-uomo-nobel-joma-100053-200","status":"publish","type":"product","link":"https:\/\/juxtare.store\/it\/prodotto\/pantaloncini-uomo-nobel-joma-100053-200\/","title":{"rendered":"Pantaloncini uomo nobel joma 100053.200"},"content":{"rendered":"<p>Pantaloncini sportivi uomo\/bambino, pensati per allenamenti, partite e attivit\u00e0 sportive di ogni tipo. questi pantaloncini si distinguono per la loro leggerezza, comodit\u00e0 e libert\u00e0 di movimento. hanno una vita elasticizzata regolabile con coulisse per facilitare l&#039;adattamento al corpo dello sportivo. inoltre, si caratterizzano per la loro elevata resistenza, elasticit\u00e0 e leggerezza che permettono una totale libert\u00e0 di movimento. logo joma serigrafato.<\/p>\n","protected":false},"excerpt":{"rendered":"<p>Pantaloncini sportivi uomo\/bambino, pensati per allenamenti, partite e attivit\u00e0 sportive di ogni tipo. questi pantaloncini si distinguono per la loro leggerezza, comodit\u00e0 e libert\u00e0 di movimento. hanno una vita elasticizzata regolabile con coulisse per facilitare l&#039;adattamento al corpo dello sportivo. inoltre, si caratterizzano per la loro elevata resistenza, elasticit\u00e0 e leggerezza che permettono una totale libert\u00e0 di movimento. logo joma serigrafato.<\/p>\n","protected":false},"featured_media":98967,"comment_status":"open","ping_status":"closed","template":"","meta":[],"product_brand":[],"product_cat":[78,1017],"product_tag":[],"class_list":{"0":"post-98971","1":"product","2":"type-product","3":"status-publish","4":"has-post-thumbnail","6":"product_cat-sport","7":"product_cat-football-shorts","10":"first","11":"instock","12":"shipping-taxable","13":"purchasable","14":"product-type-variable"},"_links":{"self":[{"href":"https:\/\/juxtare.store\/it\/wp-json\/wp\/v2\/product\/98971","targetHints":{"allow":["GET"]}}],"collection":[{"href":"https:\/\/juxtare.store\/it\/wp-json\/wp\/v2\/product"}],"about":[{"href":"https:\/\/juxtare.store\/it\/wp-json\/wp\/v2\/types\/product"}],"replies":[{"embeddable":true,"href":"https:\/\/juxtare.store\/it\/wp-json\/wp\/v2\/comments?post=98971"}],"wp:featuredmedia":[{"embeddable":true,"href":"https:\/\/juxtare.store\/it\/wp-json\/wp\/v2\/media\/98967"}],"wp:attachment":[{"href":"https:\/\/juxtare.store\/it\/wp-json\/wp\/v2\/media?parent=98971"}],"wp:term":[{"taxonomy":"product_brand","embeddable":true,"href":"https:\/\/juxtare.store\/it\/wp-json\/wp\/v2\/product_brand?post=98971"},{"taxonomy":"product_cat","embeddable":true,"href":"https:\/\/juxtare.store\/it\/wp-json\/wp\/v2\/product_cat?post=98971"},{"taxonomy":"product_tag","embeddable":true,"href":"https:\/\/juxtare.store\/it\/wp-json\/wp\/v2\/product_tag?post=98971"}],"curies":[{"name":"wp","href":"https:\/\/api.w.org\/{rel}","templated":true}]}}