{"id":96672,"date":"2026-02-06T12:39:30","date_gmt":"2026-02-06T11:39:30","guid":{"rendered":"https:\/\/localhost\/?post_type=product&#038;p=96672"},"modified":"2026-03-03T08:36:36","modified_gmt":"2026-03-03T07:36:36","slug":"t-shirt-in-cotone-vans-vn000m6rwht","status":"publish","type":"product","link":"https:\/\/juxtare.store\/it\/prodotto\/t-shirt-in-cotone-vans-vn000m6rwht\/","title":{"rendered":"T-shirt in cotone vans  vn000m6rwht"},"content":{"rendered":"<p>Vans t-shirt realizzata in maglia fine elasticizzata. il modello realizzato in un materiale estremamente confortevole e traspirante perfetto per la stagione calda.- vestibilit\u00e0 classica.- taglio largo che consente piena libert\u00e0 di movimento.- polsino tagliato con linea spalle abbassata offre libert\u00e0 di movimento.- un classico girocollo rotondo.- motivo stampato.<\/p>\n","protected":false},"excerpt":{"rendered":"<p>Vans t-shirt realizzata in maglia fine elasticizzata. il modello realizzato in un materiale estremamente confortevole e traspirante perfetto per la stagione calda.- vestibilit\u00e0 classica.- taglio largo che consente piena libert\u00e0 di movimento.- polsino tagliato con linea spalle abbassata offre libert\u00e0 di movimento.- un classico girocollo rotondo.- motivo stampato.<\/p>\n","protected":false},"featured_media":96668,"comment_status":"open","ping_status":"closed","template":"","meta":[],"product_brand":[],"product_cat":[15],"product_tag":[],"class_list":{"0":"post-96672","1":"product","2":"type-product","3":"status-publish","4":"has-post-thumbnail","6":"product_cat-uncategorized","9":"first","10":"instock","11":"shipping-taxable","12":"purchasable","13":"product-type-variable"},"_links":{"self":[{"href":"https:\/\/juxtare.store\/it\/wp-json\/wp\/v2\/product\/96672","targetHints":{"allow":["GET"]}}],"collection":[{"href":"https:\/\/juxtare.store\/it\/wp-json\/wp\/v2\/product"}],"about":[{"href":"https:\/\/juxtare.store\/it\/wp-json\/wp\/v2\/types\/product"}],"replies":[{"embeddable":true,"href":"https:\/\/juxtare.store\/it\/wp-json\/wp\/v2\/comments?post=96672"}],"wp:featuredmedia":[{"embeddable":true,"href":"https:\/\/juxtare.store\/it\/wp-json\/wp\/v2\/media\/96668"}],"wp:attachment":[{"href":"https:\/\/juxtare.store\/it\/wp-json\/wp\/v2\/media?parent=96672"}],"wp:term":[{"taxonomy":"product_brand","embeddable":true,"href":"https:\/\/juxtare.store\/it\/wp-json\/wp\/v2\/product_brand?post=96672"},{"taxonomy":"product_cat","embeddable":true,"href":"https:\/\/juxtare.store\/it\/wp-json\/wp\/v2\/product_cat?post=96672"},{"taxonomy":"product_tag","embeddable":true,"href":"https:\/\/juxtare.store\/it\/wp-json\/wp\/v2\/product_tag?post=96672"}],"curies":[{"name":"wp","href":"https:\/\/api.w.org\/{rel}","templated":true}]}}