{"id":96634,"date":"2026-02-06T12:39:30","date_gmt":"2026-02-06T11:39:30","guid":{"rendered":"https:\/\/localhost\/?post_type=product&#038;p=96634"},"modified":"2026-02-06T12:39:30","modified_gmt":"2026-02-06T11:39:30","slug":"t-shirt-adidas-tiro24-ir9349","status":"publish","type":"product","link":"https:\/\/juxtare.store\/it\/prodotto\/t-shirt-adidas-tiro24-ir9349\/","title":{"rendered":"T-shirt adidas tiro24 ir9349"},"content":{"rendered":"<p>Dai il massimo in allenamento. e quando hai finito, indossa questa morbida t-shirt per recuperare le forze con stile. fa parte della collezione adidas tiro 24 e sottolinea la tua passione per lo sport con il 3 bar logo sul petto e le 3 strisce sulle spalle.il cotone di questo prodotto \u00e8 stato reperito tramite better cotton. la filiera del cotone \u00e8 complessa, quindi viene utilizzato il cosiddetto bilancio di massa per la tracciabilit\u00e0 dei volumi. questo \u00e8 un sistema che consente di sostituire o miscelare better cotton con cotone convenzionale a condizione che volumi equivalenti provengano da better cotton.<\/p>\n","protected":false},"excerpt":{"rendered":"<p>Dai il massimo in allenamento. e quando hai finito, indossa questa morbida t-shirt per recuperare le forze con stile. fa parte della collezione adidas tiro 24 e sottolinea la tua passione per lo sport con il 3 bar logo sul petto e le 3 strisce sulle spalle.il cotone di questo prodotto \u00e8 stato reperito tramite better cotton. la filiera del cotone \u00e8 complessa, quindi viene utilizzato il cosiddetto bilancio di massa per la tracciabilit\u00e0 dei volumi. questo \u00e8 un sistema che consente di sostituire o miscelare better cotton con cotone convenzionale a condizione che volumi equivalenti provengano da better cotton.<\/p>\n","protected":false},"featured_media":96630,"comment_status":"open","ping_status":"closed","template":"","meta":[],"product_brand":[],"product_cat":[15],"product_tag":[],"class_list":{"0":"post-96634","1":"product","2":"type-product","3":"status-publish","4":"has-post-thumbnail","6":"product_cat-uncategorized","9":"first","10":"instock","11":"shipping-taxable","12":"purchasable","13":"product-type-variable"},"_links":{"self":[{"href":"https:\/\/juxtare.store\/it\/wp-json\/wp\/v2\/product\/96634","targetHints":{"allow":["GET"]}}],"collection":[{"href":"https:\/\/juxtare.store\/it\/wp-json\/wp\/v2\/product"}],"about":[{"href":"https:\/\/juxtare.store\/it\/wp-json\/wp\/v2\/types\/product"}],"replies":[{"embeddable":true,"href":"https:\/\/juxtare.store\/it\/wp-json\/wp\/v2\/comments?post=96634"}],"wp:featuredmedia":[{"embeddable":true,"href":"https:\/\/juxtare.store\/it\/wp-json\/wp\/v2\/media\/96630"}],"wp:attachment":[{"href":"https:\/\/juxtare.store\/it\/wp-json\/wp\/v2\/media?parent=96634"}],"wp:term":[{"taxonomy":"product_brand","embeddable":true,"href":"https:\/\/juxtare.store\/it\/wp-json\/wp\/v2\/product_brand?post=96634"},{"taxonomy":"product_cat","embeddable":true,"href":"https:\/\/juxtare.store\/it\/wp-json\/wp\/v2\/product_cat?post=96634"},{"taxonomy":"product_tag","embeddable":true,"href":"https:\/\/juxtare.store\/it\/wp-json\/wp\/v2\/product_tag?post=96634"}],"curies":[{"name":"wp","href":"https:\/\/api.w.org\/{rel}","templated":true}]}}