{"id":96548,"date":"2026-02-06T12:39:32","date_gmt":"2026-02-06T11:39:32","guid":{"rendered":"https:\/\/localhost\/?post_type=product&#038;p=96548"},"modified":"2026-04-04T07:45:11","modified_gmt":"2026-04-04T05:45:11","slug":"felpa-con-cappuccio-full-zip-vans-salton-vn000p5abrd1","status":"publish","type":"product","link":"https:\/\/juxtare.store\/it\/prodotto\/felpa-con-cappuccio-full-zip-vans-salton-vn000p5abrd1\/","title":{"rendered":"Felpa con cappuccio full zip vans salton  vn000p5abrd1"},"content":{"rendered":"<p>La nostra felpa con cappuccio e zip salton \u00e8 un vero e proprio capo essenziale del guardaroba, con una vestibilit\u00e0 ampia che la rende pi\u00f9 rilassata e morbida. presenta una zip frontale per una facile indossabilit\u00e0, tasche anteriori e un logo da skateboard ricamato sul petto a sinistra, un sottile riferimento alla tradizione dello skateboard che ha caratterizzato la storia del nostro marchio.<\/p>\n","protected":false},"excerpt":{"rendered":"<p>La nostra felpa con cappuccio e zip salton \u00e8 un vero e proprio capo essenziale del guardaroba, con una vestibilit\u00e0 ampia che la rende pi\u00f9 rilassata e morbida. presenta una zip frontale per una facile indossabilit\u00e0, tasche anteriori e un logo da skateboard ricamato sul petto a sinistra, un sottile riferimento alla tradizione dello skateboard che ha caratterizzato la storia del nostro marchio.<\/p>\n","protected":false},"featured_media":96542,"comment_status":"open","ping_status":"closed","template":"","meta":[],"product_brand":[],"product_cat":[106,176],"product_tag":[],"class_list":{"0":"post-96548","1":"product","2":"type-product","3":"status-publish","4":"has-post-thumbnail","6":"product_cat-mens","7":"product_cat-mens-sweatshirts","10":"first","11":"instock","12":"shipping-taxable","13":"purchasable","14":"product-type-variable"},"_links":{"self":[{"href":"https:\/\/juxtare.store\/it\/wp-json\/wp\/v2\/product\/96548","targetHints":{"allow":["GET"]}}],"collection":[{"href":"https:\/\/juxtare.store\/it\/wp-json\/wp\/v2\/product"}],"about":[{"href":"https:\/\/juxtare.store\/it\/wp-json\/wp\/v2\/types\/product"}],"replies":[{"embeddable":true,"href":"https:\/\/juxtare.store\/it\/wp-json\/wp\/v2\/comments?post=96548"}],"wp:featuredmedia":[{"embeddable":true,"href":"https:\/\/juxtare.store\/it\/wp-json\/wp\/v2\/media\/96542"}],"wp:attachment":[{"href":"https:\/\/juxtare.store\/it\/wp-json\/wp\/v2\/media?parent=96548"}],"wp:term":[{"taxonomy":"product_brand","embeddable":true,"href":"https:\/\/juxtare.store\/it\/wp-json\/wp\/v2\/product_brand?post=96548"},{"taxonomy":"product_cat","embeddable":true,"href":"https:\/\/juxtare.store\/it\/wp-json\/wp\/v2\/product_cat?post=96548"},{"taxonomy":"product_tag","embeddable":true,"href":"https:\/\/juxtare.store\/it\/wp-json\/wp\/v2\/product_tag?post=96548"}],"curies":[{"name":"wp","href":"https:\/\/api.w.org\/{rel}","templated":true}]}}