{"id":96423,"date":"2026-02-06T12:40:25","date_gmt":"2026-02-06T11:40:25","guid":{"rendered":"https:\/\/localhost\/?post_type=product&#038;p=96423"},"modified":"2026-04-03T07:45:52","modified_gmt":"2026-04-03T05:45:52","slug":"nike-jr-mercurial-vapor-16-club-mg-fq8286-600","status":"publish","type":"product","link":"https:\/\/juxtare.store\/it\/prodotto\/nike-jr-mercurial-vapor-16-club-mg-fq8286-600\/","title":{"rendered":"Nike jr. mercurial vapor 16 club mg fq8286-600"},"content":{"rendered":"<p>Se sei agli inizi o giochi solo per divertirti, la scarpa club ti consente di dare il massimo in campo senza rinunciare alla qualit\u00e0. nike jr. vapor 16 pu\u00f2 aiutarti a far vedere tutta la tua velocit\u00e0 e mettere la palla in fondo alla rete. inoltre, la tomaia in pelle sintetica offre aderenza per i dribbling ad alta velocit\u00e0. \u00c8 ora di sfrecciare in campo!dettagli del prodottola tomaia in pelle sintetica presenta piccoli dettagli testurizzati che offrono aderenza per un controllo di palla migliore durante i dribbling ad alta velocit\u00e0.i piatti suola in plastica con i tacchetti sagomati sono studiati per i campi in erba naturale e in erba artificiale. \u00c8 versatile per gli atleti che devono spostarsi tra una superficie all&#039;altra.la fodera confortevole avvolge il piede per una calzata naturale e aderente.<\/p>\n","protected":false},"excerpt":{"rendered":"<p>Se sei agli inizi o giochi solo per divertirti, la scarpa club ti consente di dare il massimo in campo senza rinunciare alla qualit\u00e0. nike jr. vapor 16 pu\u00f2 aiutarti a far vedere tutta la tua velocit\u00e0 e mettere la palla in fondo alla rete. inoltre, la tomaia in pelle sintetica offre aderenza per i dribbling ad alta velocit\u00e0. \u00c8 ora di sfrecciare in campo!dettagli del prodottola tomaia in pelle sintetica presenta piccoli dettagli testurizzati che offrono aderenza per un controllo di palla migliore durante i dribbling ad alta velocit\u00e0.i piatti suola in plastica con i tacchetti sagomati sono studiati per i campi in erba naturale e in erba artificiale. \u00c8 versatile per gli atleti che devono spostarsi tra una superficie all&#039;altra.la fodera confortevole avvolge il piede per una calzata naturale e aderente.<\/p>\n","protected":false},"featured_media":96419,"comment_status":"open","ping_status":"closed","template":"","meta":[],"product_brand":[],"product_cat":[78,615],"product_tag":[],"class_list":{"0":"post-96423","1":"product","2":"type-product","3":"status-publish","4":"has-post-thumbnail","6":"product_cat-sport","7":"product_cat-football-shoes","10":"first","11":"instock","12":"shipping-taxable","13":"purchasable","14":"product-type-variable"},"_links":{"self":[{"href":"https:\/\/juxtare.store\/it\/wp-json\/wp\/v2\/product\/96423","targetHints":{"allow":["GET"]}}],"collection":[{"href":"https:\/\/juxtare.store\/it\/wp-json\/wp\/v2\/product"}],"about":[{"href":"https:\/\/juxtare.store\/it\/wp-json\/wp\/v2\/types\/product"}],"replies":[{"embeddable":true,"href":"https:\/\/juxtare.store\/it\/wp-json\/wp\/v2\/comments?post=96423"}],"wp:featuredmedia":[{"embeddable":true,"href":"https:\/\/juxtare.store\/it\/wp-json\/wp\/v2\/media\/96419"}],"wp:attachment":[{"href":"https:\/\/juxtare.store\/it\/wp-json\/wp\/v2\/media?parent=96423"}],"wp:term":[{"taxonomy":"product_brand","embeddable":true,"href":"https:\/\/juxtare.store\/it\/wp-json\/wp\/v2\/product_brand?post=96423"},{"taxonomy":"product_cat","embeddable":true,"href":"https:\/\/juxtare.store\/it\/wp-json\/wp\/v2\/product_cat?post=96423"},{"taxonomy":"product_tag","embeddable":true,"href":"https:\/\/juxtare.store\/it\/wp-json\/wp\/v2\/product_tag?post=96423"}],"curies":[{"name":"wp","href":"https:\/\/api.w.org\/{rel}","templated":true}]}}