{"id":96015,"date":"2026-02-06T13:45:29","date_gmt":"2026-02-06T12:45:29","guid":{"rendered":"https:\/\/localhost\/?post_type=product&#038;p=96015"},"modified":"2026-04-03T07:39:05","modified_gmt":"2026-04-03T05:39:05","slug":"completo-da-calcio-joma-danubio-iii-verde-fluorescente-nero-103732-021","status":"publish","type":"product","link":"https:\/\/juxtare.store\/it\/prodotto\/completo-da-calcio-joma-danubio-iii-verde-fluorescente-nero-103732-021\/","title":{"rendered":"Completo da calcio joma danubio iii verde fluorescente nero 103732.021"},"content":{"rendered":"<p>Completo sportivo da uomo. modello per allenamento e gioco di calcio. questo completo \u00e8 composto da una maglia a maniche corte e pantaloncini. \u00c8 leggero, comodo, traspirante e offre un&#039;eccellente libert\u00e0 di movimento. la maglia ha un collo a v con una fascia elastica interna per ottimizzare la vestibilit\u00e0 e prevenire eventuali irritazioni. design con tagli a contrasto di colore. d&#039;altra parte, i pantaloncini presentano una vita elastica regolabile tramite cordino interno. realizzato in tessuto leggero e resistente alla trazione, che ne prolunga la durata. inoltre, \u00e8 traspirante e contribuisce alla regolazione del sudore. logo joma stampato.<\/p>\n","protected":false},"excerpt":{"rendered":"<p>Completo sportivo da uomo. modello per allenamento e gioco di calcio. questo completo \u00e8 composto da una maglia a maniche corte e pantaloncini. \u00c8 leggero, comodo, traspirante e offre un&#039;eccellente libert\u00e0 di movimento. la maglia ha un collo a v con una fascia elastica interna per ottimizzare la vestibilit\u00e0 e prevenire eventuali irritazioni. design con tagli a contrasto di colore. d&#039;altra parte, i pantaloncini presentano una vita elastica regolabile tramite cordino interno. realizzato in tessuto leggero e resistente alla trazione, che ne prolunga la durata. inoltre, \u00e8 traspirante e contribuisce alla regolazione del sudore. logo joma stampato.<\/p>\n","protected":false},"featured_media":96012,"comment_status":"open","ping_status":"closed","template":"","meta":[],"product_brand":[],"product_cat":[78,174],"product_tag":[],"class_list":{"0":"post-96015","1":"product","2":"type-product","3":"status-publish","4":"has-post-thumbnail","6":"product_cat-sport","7":"product_cat-football-kits","10":"first","11":"instock","12":"shipping-taxable","13":"purchasable","14":"product-type-variable"},"_links":{"self":[{"href":"https:\/\/juxtare.store\/it\/wp-json\/wp\/v2\/product\/96015","targetHints":{"allow":["GET"]}}],"collection":[{"href":"https:\/\/juxtare.store\/it\/wp-json\/wp\/v2\/product"}],"about":[{"href":"https:\/\/juxtare.store\/it\/wp-json\/wp\/v2\/types\/product"}],"replies":[{"embeddable":true,"href":"https:\/\/juxtare.store\/it\/wp-json\/wp\/v2\/comments?post=96015"}],"wp:featuredmedia":[{"embeddable":true,"href":"https:\/\/juxtare.store\/it\/wp-json\/wp\/v2\/media\/96012"}],"wp:attachment":[{"href":"https:\/\/juxtare.store\/it\/wp-json\/wp\/v2\/media?parent=96015"}],"wp:term":[{"taxonomy":"product_brand","embeddable":true,"href":"https:\/\/juxtare.store\/it\/wp-json\/wp\/v2\/product_brand?post=96015"},{"taxonomy":"product_cat","embeddable":true,"href":"https:\/\/juxtare.store\/it\/wp-json\/wp\/v2\/product_cat?post=96015"},{"taxonomy":"product_tag","embeddable":true,"href":"https:\/\/juxtare.store\/it\/wp-json\/wp\/v2\/product_tag?post=96015"}],"curies":[{"name":"wp","href":"https:\/\/api.w.org\/{rel}","templated":true}]}}