{"id":95733,"date":"2026-02-06T13:48:47","date_gmt":"2026-02-06T12:48:47","guid":{"rendered":"https:\/\/localhost\/?post_type=product&#038;p=95733"},"modified":"2026-04-02T07:34:36","modified_gmt":"2026-04-02T05:34:36","slug":"t-shirt-da-calcio-joma-combi-100052-020","status":"publish","type":"product","link":"https:\/\/juxtare.store\/it\/prodotto\/t-shirt-da-calcio-joma-combi-100052-020\/","title":{"rendered":"T-shirt da calcio joma combi 100052.020"},"content":{"rendered":"<p>T-shirt a maniche corte da uomo\/bambino, progettata per lo sport e buona per allenamenti e gare in sport come il calcio. grazie alla sua resistenza, leggerezza e traspirabilit\u00e0, questa maglia \u00e8 molto comoda per lo sportivo. inoltre, la sua forma ampia permetter\u00e0 di giocare godendo del comfort.\u00c8 caratterizzata da un girocollo elasticizzato per una vestibilit\u00e0 pi\u00f9 comoda. inoltre, questa t-shirt sportiva permetter\u00e0 all&#039;atleta di muoversi in totale libert\u00e0.logo joma serigrafato.<\/p>\n","protected":false},"excerpt":{"rendered":"<p>T-shirt a maniche corte da uomo\/bambino, progettata per lo sport e buona per allenamenti e gare in sport come il calcio. grazie alla sua resistenza, leggerezza e traspirabilit\u00e0, questa maglia \u00e8 molto comoda per lo sportivo. inoltre, la sua forma ampia permetter\u00e0 di giocare godendo del comfort.\u00c8 caratterizzata da un girocollo elasticizzato per una vestibilit\u00e0 pi\u00f9 comoda. inoltre, questa t-shirt sportiva permetter\u00e0 all&#039;atleta di muoversi in totale libert\u00e0.logo joma serigrafato.<\/p>\n","protected":false},"featured_media":95730,"comment_status":"open","ping_status":"closed","template":"","meta":[],"product_brand":[],"product_cat":[15],"product_tag":[],"class_list":{"0":"post-95733","1":"product","2":"type-product","3":"status-publish","4":"has-post-thumbnail","6":"product_cat-uncategorized","9":"first","10":"instock","11":"shipping-taxable","12":"purchasable","13":"product-type-variable"},"_links":{"self":[{"href":"https:\/\/juxtare.store\/it\/wp-json\/wp\/v2\/product\/95733","targetHints":{"allow":["GET"]}}],"collection":[{"href":"https:\/\/juxtare.store\/it\/wp-json\/wp\/v2\/product"}],"about":[{"href":"https:\/\/juxtare.store\/it\/wp-json\/wp\/v2\/types\/product"}],"replies":[{"embeddable":true,"href":"https:\/\/juxtare.store\/it\/wp-json\/wp\/v2\/comments?post=95733"}],"wp:featuredmedia":[{"embeddable":true,"href":"https:\/\/juxtare.store\/it\/wp-json\/wp\/v2\/media\/95730"}],"wp:attachment":[{"href":"https:\/\/juxtare.store\/it\/wp-json\/wp\/v2\/media?parent=95733"}],"wp:term":[{"taxonomy":"product_brand","embeddable":true,"href":"https:\/\/juxtare.store\/it\/wp-json\/wp\/v2\/product_brand?post=95733"},{"taxonomy":"product_cat","embeddable":true,"href":"https:\/\/juxtare.store\/it\/wp-json\/wp\/v2\/product_cat?post=95733"},{"taxonomy":"product_tag","embeddable":true,"href":"https:\/\/juxtare.store\/it\/wp-json\/wp\/v2\/product_tag?post=95733"}],"curies":[{"name":"wp","href":"https:\/\/api.w.org\/{rel}","templated":true}]}}