{"id":93782,"date":"2025-05-21T11:15:24","date_gmt":"2025-05-21T09:15:24","guid":{"rendered":"https:\/\/localhost\/?post_type=product&#038;p=93782"},"modified":"2025-05-21T11:15:24","modified_gmt":"2025-05-21T09:15:24","slug":"gonna-nike-sportswear-chill-rib-fq1636-010","status":"publish","type":"product","link":"https:\/\/juxtare.store\/it\/prodotto\/gonna-nike-sportswear-chill-rib-fq1636-010\/","title":{"rendered":"Gonna nike sportswear chill rib fq1636-010"},"content":{"rendered":"<p>Stile, comfort e versatilit\u00e0 sono i punti di forza della nostra interpretazione dell&#039;abbigliamento da casa di lusso. una vestibilit\u00e0 attillata e un elastico in vita conferiscono a questa gonna a coste una vestibilit\u00e0 aderente, rendendola perfetta per quelle giornate tranquille in cui vuoi sentirti comoda ma allo stesso tempo in ordine. vantaggilo spacco arriva fino al ginocchio, facilitando i movimenti.il nostro jersey a coste \u00e8 super morbido e opaco, esaltando il tuo look con una consistenza che puoi toccare.dettagli del prodotto33% rayon\/32% acrilico\/31% cotone\/4% spandexlogo swoosh ricamatomostrato: nero\/nerostile: fq1636-010<\/p>\n","protected":false},"excerpt":{"rendered":"<p>Stile, comfort e versatilit\u00e0 sono i punti di forza della nostra interpretazione dell&#039;abbigliamento da casa di lusso. una vestibilit\u00e0 attillata e un elastico in vita conferiscono a questa gonna a coste una vestibilit\u00e0 aderente, rendendola perfetta per quelle giornate tranquille in cui vuoi sentirti comoda ma allo stesso tempo in ordine. vantaggilo spacco arriva fino al ginocchio, facilitando i movimenti.il nostro jersey a coste \u00e8 super morbido e opaco, esaltando il tuo look con una consistenza che puoi toccare.dettagli del prodotto33% rayon\/32% acrilico\/31% cotone\/4% spandexlogo swoosh ricamatomostrato: nero\/nerostile: fq1636-010<\/p>\n","protected":false},"featured_media":93778,"comment_status":"open","ping_status":"closed","template":"","meta":[],"product_brand":[],"product_cat":[135,184],"product_tag":[],"class_list":{"0":"post-93782","1":"product","2":"type-product","3":"status-publish","4":"has-post-thumbnail","6":"product_cat-womens","7":"product_cat-womens-tracksuits","10":"first","11":"instock","12":"shipping-taxable","13":"purchasable","14":"product-type-variable"},"_links":{"self":[{"href":"https:\/\/juxtare.store\/it\/wp-json\/wp\/v2\/product\/93782","targetHints":{"allow":["GET"]}}],"collection":[{"href":"https:\/\/juxtare.store\/it\/wp-json\/wp\/v2\/product"}],"about":[{"href":"https:\/\/juxtare.store\/it\/wp-json\/wp\/v2\/types\/product"}],"replies":[{"embeddable":true,"href":"https:\/\/juxtare.store\/it\/wp-json\/wp\/v2\/comments?post=93782"}],"wp:featuredmedia":[{"embeddable":true,"href":"https:\/\/juxtare.store\/it\/wp-json\/wp\/v2\/media\/93778"}],"wp:attachment":[{"href":"https:\/\/juxtare.store\/it\/wp-json\/wp\/v2\/media?parent=93782"}],"wp:term":[{"taxonomy":"product_brand","embeddable":true,"href":"https:\/\/juxtare.store\/it\/wp-json\/wp\/v2\/product_brand?post=93782"},{"taxonomy":"product_cat","embeddable":true,"href":"https:\/\/juxtare.store\/it\/wp-json\/wp\/v2\/product_cat?post=93782"},{"taxonomy":"product_tag","embeddable":true,"href":"https:\/\/juxtare.store\/it\/wp-json\/wp\/v2\/product_tag?post=93782"}],"curies":[{"name":"wp","href":"https:\/\/api.w.org\/{rel}","templated":true}]}}