{"id":93080,"date":"2026-02-06T13:53:42","date_gmt":"2026-02-06T12:53:42","guid":{"rendered":"https:\/\/localhost\/?post_type=product&#038;p=93080"},"modified":"2026-02-06T13:53:42","modified_gmt":"2026-02-06T12:53:42","slug":"pantalone-adidas-3s-je6430","status":"publish","type":"product","link":"https:\/\/juxtare.store\/it\/prodotto\/pantalone-adidas-3s-je6430\/","title":{"rendered":"Pantalone adidas 3s je6430"},"content":{"rendered":"<p>Questi pantaloni adidas uniscono uno stile casual a una silhouette contemporanea. la struttura in jersey \u00e8 morbida e leggera, ideale per le mattine a casa e le serate di relax. il 3 bar logo ricamato e le 3 strisce lungo le gambe assicurano un look sportivo senza tempo.scegliere materiali riciclati ci permette di riutilizzare ci\u00f2 che \u00e8 gi\u00e0 stato creato, contribuendo a ridurre gli sprechi e i rifiuti. la scelta di materiali rinnovabili ci aiuter\u00e0 a ridurre la nostra dipendenza dalle risorse limitate. i nostri prodotti realizzati con un mix di materiali riciclati e rinnovabili contengono almeno il 70% di questi materiali sul totale.<\/p>\n","protected":false},"excerpt":{"rendered":"<p>Questi pantaloni adidas uniscono uno stile casual a una silhouette contemporanea. la struttura in jersey \u00e8 morbida e leggera, ideale per le mattine a casa e le serate di relax. il 3 bar logo ricamato e le 3 strisce lungo le gambe assicurano un look sportivo senza tempo.scegliere materiali riciclati ci permette di riutilizzare ci\u00f2 che \u00e8 gi\u00e0 stato creato, contribuendo a ridurre gli sprechi e i rifiuti. la scelta di materiali rinnovabili ci aiuter\u00e0 a ridurre la nostra dipendenza dalle risorse limitate. i nostri prodotti realizzati con un mix di materiali riciclati e rinnovabili contengono almeno il 70% di questi materiali sul totale.<\/p>\n","protected":false},"featured_media":93076,"comment_status":"open","ping_status":"closed","template":"","meta":[],"product_brand":[],"product_cat":[106,152],"product_tag":[],"class_list":{"0":"post-93080","1":"product","2":"type-product","3":"status-publish","4":"has-post-thumbnail","6":"product_cat-mens","7":"product_cat-mens-tracksuits","10":"first","11":"instock","12":"shipping-taxable","13":"purchasable","14":"product-type-variable"},"_links":{"self":[{"href":"https:\/\/juxtare.store\/it\/wp-json\/wp\/v2\/product\/93080","targetHints":{"allow":["GET"]}}],"collection":[{"href":"https:\/\/juxtare.store\/it\/wp-json\/wp\/v2\/product"}],"about":[{"href":"https:\/\/juxtare.store\/it\/wp-json\/wp\/v2\/types\/product"}],"replies":[{"embeddable":true,"href":"https:\/\/juxtare.store\/it\/wp-json\/wp\/v2\/comments?post=93080"}],"wp:featuredmedia":[{"embeddable":true,"href":"https:\/\/juxtare.store\/it\/wp-json\/wp\/v2\/media\/93076"}],"wp:attachment":[{"href":"https:\/\/juxtare.store\/it\/wp-json\/wp\/v2\/media?parent=93080"}],"wp:term":[{"taxonomy":"product_brand","embeddable":true,"href":"https:\/\/juxtare.store\/it\/wp-json\/wp\/v2\/product_brand?post=93080"},{"taxonomy":"product_cat","embeddable":true,"href":"https:\/\/juxtare.store\/it\/wp-json\/wp\/v2\/product_cat?post=93080"},{"taxonomy":"product_tag","embeddable":true,"href":"https:\/\/juxtare.store\/it\/wp-json\/wp\/v2\/product_tag?post=93080"}],"curies":[{"name":"wp","href":"https:\/\/api.w.org\/{rel}","templated":true}]}}