{"id":92914,"date":"2025-04-26T07:20:31","date_gmt":"2025-04-26T05:20:31","guid":{"rendered":"https:\/\/juxtare.store\/?post_type=product&#038;p=92914"},"modified":"2025-05-02T14:14:19","modified_gmt":"2025-05-02T12:14:19","slug":"zaino-a-sacca-adidas-je3217","status":"publish","type":"product","link":"https:\/\/juxtare.store\/it\/prodotto\/zaino-a-sacca-adidas-je3217\/","title":{"rendered":"Zaino a sacca Adidas je3217"},"content":{"rendered":"<p>Questa sacca da palestra Adidas ti permette di portare con te tutto l&#8217;essenziale, in palestra e in giro per la citt\u00e0. La chiusura con cordino assicura un pratico accesso, mentre gli spallacci ti consentono di trasportarla con comodit\u00e0. La tasca con zip \u00e8 perfetta per tenere i piccoli oggetti a portata di mano. Dimensioni 36 cm x 47 cm, volume 14,5 l. 100% poliestere (riciclato), chiusura con cordino, tasca con chiusura a zip.<\/p>\n","protected":false},"excerpt":{"rendered":"<p>Questa sacca da palestra Adidas ti permette di portare con te tutto l&#8217;essenziale, in palestra e in giro per la citt\u00e0. La chiusura con cordino assicura un pratico accesso, mentre gli spallacci ti consentono di trasportarla con comodit\u00e0. La tasca con zip \u00e8 perfetta per tenere i piccoli oggetti a portata di mano. Dimensioni 36 cm x 47 cm, volume 14,5 l. 100% poliestere (riciclato), chiusura con cordino, tasca con chiusura a zip.<\/p>\n","protected":false},"featured_media":92915,"comment_status":"open","ping_status":"closed","template":"","meta":[],"product_brand":[],"product_cat":[363,365],"product_tag":[],"class_list":{"0":"post-92914","1":"product","2":"type-product","3":"status-publish","4":"has-post-thumbnail","6":"product_cat-accessori","7":"product_cat-borse-zaini","10":"first","11":"instock","12":"shipping-taxable","13":"purchasable","14":"product-type-variable"},"_links":{"self":[{"href":"https:\/\/juxtare.store\/it\/wp-json\/wp\/v2\/product\/92914","targetHints":{"allow":["GET"]}}],"collection":[{"href":"https:\/\/juxtare.store\/it\/wp-json\/wp\/v2\/product"}],"about":[{"href":"https:\/\/juxtare.store\/it\/wp-json\/wp\/v2\/types\/product"}],"replies":[{"embeddable":true,"href":"https:\/\/juxtare.store\/it\/wp-json\/wp\/v2\/comments?post=92914"}],"wp:featuredmedia":[{"embeddable":true,"href":"https:\/\/juxtare.store\/it\/wp-json\/wp\/v2\/media\/92915"}],"wp:attachment":[{"href":"https:\/\/juxtare.store\/it\/wp-json\/wp\/v2\/media?parent=92914"}],"wp:term":[{"taxonomy":"product_brand","embeddable":true,"href":"https:\/\/juxtare.store\/it\/wp-json\/wp\/v2\/product_brand?post=92914"},{"taxonomy":"product_cat","embeddable":true,"href":"https:\/\/juxtare.store\/it\/wp-json\/wp\/v2\/product_cat?post=92914"},{"taxonomy":"product_tag","embeddable":true,"href":"https:\/\/juxtare.store\/it\/wp-json\/wp\/v2\/product_tag?post=92914"}],"curies":[{"name":"wp","href":"https:\/\/api.w.org\/{rel}","templated":true}]}}