{"id":92905,"date":"2025-04-26T07:20:36","date_gmt":"2025-04-26T05:20:36","guid":{"rendered":"https:\/\/juxtare.store\/?post_type=product&#038;p=92905"},"modified":"2025-05-02T14:10:04","modified_gmt":"2025-05-02T12:10:04","slug":"t-shirt-da-calcio-junior-nike-academy-fz9758-329","status":"publish","type":"product","link":"https:\/\/juxtare.store\/it\/prodotto\/t-shirt-da-calcio-junior-nike-academy-fz9758-329\/","title":{"rendered":"T-shirt da calcio junior Nike academy fz9758-329"},"content":{"rendered":"<p>Progettata per offrirti freschezza e comfort mentre perfezioni le tue abilit\u00e0, questa maglia leggera \u00e8 dotata della nostra tecnologia traspirante dri-fit. Il mesh sui lati e sul retro dona una maggiore traspirabilit\u00e0. La tecnologia Nike dri-fit allontana il sudore per favorirne una rapida evaporazione e mantenere la pelle asciutta per un comfort ideale. Gli inserti in mesh offrono una traspirabilit\u00e0 extra.<\/p>\n","protected":false},"excerpt":{"rendered":"<p>Progettata per offrirti freschezza e comfort mentre perfezioni le tue abilit\u00e0, questa maglia leggera \u00e8 dotata della nostra tecnologia traspirante dri-fit. Il mesh sui lati e sul retro dona una maggiore traspirabilit\u00e0. La tecnologia Nike dri-fit allontana il sudore per favorirne una rapida evaporazione e mantenere la pelle asciutta per un comfort ideale. Gli inserti in mesh offrono una traspirabilit\u00e0 extra.<\/p>\n","protected":false},"featured_media":92906,"comment_status":"open","ping_status":"closed","template":"","meta":[],"product_brand":[],"product_cat":[369,379],"product_tag":[],"class_list":{"0":"post-92905","1":"product","2":"type-product","3":"status-publish","4":"has-post-thumbnail","6":"product_cat-bambini","7":"product_cat-t-shirt-per-bambini","10":"first","11":"instock","12":"shipping-taxable","13":"purchasable","14":"product-type-variable"},"_links":{"self":[{"href":"https:\/\/juxtare.store\/it\/wp-json\/wp\/v2\/product\/92905","targetHints":{"allow":["GET"]}}],"collection":[{"href":"https:\/\/juxtare.store\/it\/wp-json\/wp\/v2\/product"}],"about":[{"href":"https:\/\/juxtare.store\/it\/wp-json\/wp\/v2\/types\/product"}],"replies":[{"embeddable":true,"href":"https:\/\/juxtare.store\/it\/wp-json\/wp\/v2\/comments?post=92905"}],"wp:featuredmedia":[{"embeddable":true,"href":"https:\/\/juxtare.store\/it\/wp-json\/wp\/v2\/media\/92906"}],"wp:attachment":[{"href":"https:\/\/juxtare.store\/it\/wp-json\/wp\/v2\/media?parent=92905"}],"wp:term":[{"taxonomy":"product_brand","embeddable":true,"href":"https:\/\/juxtare.store\/it\/wp-json\/wp\/v2\/product_brand?post=92905"},{"taxonomy":"product_cat","embeddable":true,"href":"https:\/\/juxtare.store\/it\/wp-json\/wp\/v2\/product_cat?post=92905"},{"taxonomy":"product_tag","embeddable":true,"href":"https:\/\/juxtare.store\/it\/wp-json\/wp\/v2\/product_tag?post=92905"}],"curies":[{"name":"wp","href":"https:\/\/api.w.org\/{rel}","templated":true}]}}