{"id":92828,"date":"2025-04-26T07:23:15","date_gmt":"2025-04-26T05:23:15","guid":{"rendered":"https:\/\/juxtare.store\/?post_type=product&#038;p=92828"},"modified":"2026-01-29T06:28:14","modified_gmt":"2026-01-29T05:28:14","slug":"pantaloncini-da-palestra-nike-pro-junior-fb1081-010","status":"publish","type":"product","link":"https:\/\/juxtare.store\/it\/prodotto\/pantaloncini-da-palestra-nike-pro-junior-fb1081-010\/","title":{"rendered":"Pantaloncini da palestra Nike pro junior fb1081-010"},"content":{"rendered":"<p>Gioca e sentiti come il tuo atleta preferito indossando gli shorts Nike pro. Il tessuto super elasticizzato avvolge il corpo, cos\u00ec potrai sentirti a tuo agio in tutti gli sport, dai campi da gioco ai campi all&#8217;aperto. Consiglio da professionista: puoi indossarli da soli o sotto i pantaloncini da gioco, a te la scelta. La tecnologia Nike dri-fit allontana il sudore dalla pelle per favorirne un&#8217;evaporazione pi\u00f9 rapida, aiutandoti a rimanere asciutto e comodo. Il tessuto elasticizzato in maglia dona una sensazione di vestibilit\u00e0 aderente al corpo. Cintura elastica con grafica Nike pro per una vestibilit\u00e0 aderente. Le cuciture rinforzate seguono le linee naturali del tuo corpo, cos\u00ec puoi muoverti e allungarti comodamente. Dettagli del prodotto, cucitura interna tessuto principale 83% poliestere\/17% spandex. Fodera tassello 100% poliestere. Lavabile in lavatrice, importato.<\/p>\n","protected":false},"excerpt":{"rendered":"<p>Gioca e sentiti come il tuo atleta preferito indossando gli shorts Nike pro. Il tessuto super elasticizzato avvolge il corpo, cos\u00ec potrai sentirti a tuo agio in tutti gli sport, dai campi da gioco ai campi all&#8217;aperto. Consiglio da professionista: puoi indossarli da soli o sotto i pantaloncini da gioco, a te la scelta. La tecnologia Nike dri-fit allontana il sudore dalla pelle per favorirne un&#8217;evaporazione pi\u00f9 rapida, aiutandoti a rimanere asciutto e comodo. Il tessuto elasticizzato in maglia dona una sensazione di vestibilit\u00e0 aderente al corpo. Cintura elastica con grafica Nike pro per una vestibilit\u00e0 aderente. Le cuciture rinforzate seguono le linee naturali del tuo corpo, cos\u00ec puoi muoverti e allungarti comodamente. Dettagli del prodotto, cucitura interna tessuto principale 83% poliestere\/17% spandex. Fodera tassello 100% poliestere. Lavabile in lavatrice, importato.<\/p>\n","protected":false},"featured_media":92829,"comment_status":"open","ping_status":"closed","template":"","meta":[],"product_brand":[],"product_cat":[369,377],"product_tag":[],"class_list":{"0":"post-92828","1":"product","2":"type-product","3":"status-publish","4":"has-post-thumbnail","6":"product_cat-bambini","7":"product_cat-pantaloncini-per-bambini","10":"first","11":"instock","12":"shipping-taxable","13":"purchasable","14":"product-type-variable"},"_links":{"self":[{"href":"https:\/\/juxtare.store\/it\/wp-json\/wp\/v2\/product\/92828","targetHints":{"allow":["GET"]}}],"collection":[{"href":"https:\/\/juxtare.store\/it\/wp-json\/wp\/v2\/product"}],"about":[{"href":"https:\/\/juxtare.store\/it\/wp-json\/wp\/v2\/types\/product"}],"replies":[{"embeddable":true,"href":"https:\/\/juxtare.store\/it\/wp-json\/wp\/v2\/comments?post=92828"}],"wp:featuredmedia":[{"embeddable":true,"href":"https:\/\/juxtare.store\/it\/wp-json\/wp\/v2\/media\/92829"}],"wp:attachment":[{"href":"https:\/\/juxtare.store\/it\/wp-json\/wp\/v2\/media?parent=92828"}],"wp:term":[{"taxonomy":"product_brand","embeddable":true,"href":"https:\/\/juxtare.store\/it\/wp-json\/wp\/v2\/product_brand?post=92828"},{"taxonomy":"product_cat","embeddable":true,"href":"https:\/\/juxtare.store\/it\/wp-json\/wp\/v2\/product_cat?post=92828"},{"taxonomy":"product_tag","embeddable":true,"href":"https:\/\/juxtare.store\/it\/wp-json\/wp\/v2\/product_tag?post=92828"}],"curies":[{"name":"wp","href":"https:\/\/api.w.org\/{rel}","templated":true}]}}