{"id":92801,"date":"2025-04-30T07:20:42","date_gmt":"2025-04-30T05:20:42","guid":{"rendered":"https:\/\/juxtare.store\/?post_type=product&#038;p=92801"},"modified":"2025-05-02T13:41:11","modified_gmt":"2025-05-02T11:41:11","slug":"pallone-da-calcio-volo-nike-fz3023-100","status":"publish","type":"product","link":"https:\/\/juxtare.store\/it\/prodotto\/pallone-da-calcio-volo-nike-fz3023-100\/","title":{"rendered":"Pallone da calcio volo Nike fz3023-100"},"content":{"rendered":"<p>Quando non ti fermi mai, indipendentemente dalle condizioni, hai bisogno di un pallone all&#8217;altezza. Con una texture aderente per condizioni di bagnato o asciutto e un design a quattro pannelli che crea uno sweet spot pi\u00f9 ampio, il pallone da calcio Nike flight ti aiuta a eccellere in campo, con la pioggia o con il sole. La tecnologia Nike aerowsculpt utilizza scanalature sagomate per interrompere il flusso d&#8217;aria sulla palla, riducendo la resistenza e rendendola pi\u00f9 stabile. Quattro pannelli fusi creano uno sweet spot pi\u00f9 ampio per colpi pi\u00f9 potenti. La tecnologia all conditions control (acc) aggiunge una consistenza aderente sia in condizioni di bagnato che di asciutto. Dettagli del prodotto, 37% poliuretano (pu), 33% gomma, 20% poliestere, 10% cotone. Pulizia delle macchie, importato, colori bianco\/blu annerito\/cremisi iper. Stile: fz3023-100.<\/p>\n","protected":false},"excerpt":{"rendered":"<p>Quando non ti fermi mai, indipendentemente dalle condizioni, hai bisogno di un pallone all&#8217;altezza. Con una texture aderente per condizioni di bagnato o asciutto e un design a quattro pannelli che crea uno sweet spot pi\u00f9 ampio, il pallone da calcio Nike flight ti aiuta a eccellere in campo, con la pioggia o con il sole. La tecnologia Nike aerowsculpt utilizza scanalature sagomate per interrompere il flusso d&#8217;aria sulla palla, riducendo la resistenza e rendendola pi\u00f9 stabile. Quattro pannelli fusi creano uno sweet spot pi\u00f9 ampio per colpi pi\u00f9 potenti. La tecnologia all conditions control (acc) aggiunge una consistenza aderente sia in condizioni di bagnato che di asciutto. Dettagli del prodotto, 37% poliuretano (pu), 33% gomma, 20% poliestere, 10% cotone. Pulizia delle macchie, importato, colori bianco\/blu annerito\/cremisi iper. Stile: fz3023-100.<\/p>\n","protected":false},"featured_media":92802,"comment_status":"open","ping_status":"closed","template":"","meta":[],"product_brand":[],"product_cat":[363,367],"product_tag":[],"class_list":{"0":"post-92801","1":"product","2":"type-product","3":"status-publish","4":"has-post-thumbnail","6":"product_cat-accessori","7":"product_cat-palloni-da-calcio","10":"first","11":"instock","12":"shipping-taxable","13":"purchasable","14":"product-type-variable"},"_links":{"self":[{"href":"https:\/\/juxtare.store\/it\/wp-json\/wp\/v2\/product\/92801","targetHints":{"allow":["GET"]}}],"collection":[{"href":"https:\/\/juxtare.store\/it\/wp-json\/wp\/v2\/product"}],"about":[{"href":"https:\/\/juxtare.store\/it\/wp-json\/wp\/v2\/types\/product"}],"replies":[{"embeddable":true,"href":"https:\/\/juxtare.store\/it\/wp-json\/wp\/v2\/comments?post=92801"}],"wp:featuredmedia":[{"embeddable":true,"href":"https:\/\/juxtare.store\/it\/wp-json\/wp\/v2\/media\/92802"}],"wp:attachment":[{"href":"https:\/\/juxtare.store\/it\/wp-json\/wp\/v2\/media?parent=92801"}],"wp:term":[{"taxonomy":"product_brand","embeddable":true,"href":"https:\/\/juxtare.store\/it\/wp-json\/wp\/v2\/product_brand?post=92801"},{"taxonomy":"product_cat","embeddable":true,"href":"https:\/\/juxtare.store\/it\/wp-json\/wp\/v2\/product_cat?post=92801"},{"taxonomy":"product_tag","embeddable":true,"href":"https:\/\/juxtare.store\/it\/wp-json\/wp\/v2\/product_tag?post=92801"}],"curies":[{"name":"wp","href":"https:\/\/api.w.org\/{rel}","templated":true}]}}