{"id":92670,"date":"2024-02-14T04:51:19","date_gmt":"2024-02-14T03:51:19","guid":{"rendered":"https:\/\/juxtare.store\/?post_type=product&#038;p=92670"},"modified":"2025-04-30T19:33:48","modified_gmt":"2025-04-30T17:33:48","slug":"nike-shorts-k-pine-green-white","status":"publish","type":"product","link":"https:\/\/juxtare.store\/it\/prodotto\/nike-shorts-k-pine-green-white\/","title":{"rendered":"Nike shorts k pine green\/white"},"content":{"rendered":"<p>Il pantaloncino Nike \u00e8 la scelta ideale per un look sportivo e confortevole durante le tue attivit\u00e0 fisiche realizzato con materiali di alta qualit\u00e0. Questo pantaloncino \u00e8 resistente e traspirante garantendo il massimo comfort e una grande libert\u00e0 di movimento. La tecnologia dri-fit presente in molti modelli di pantaloncini Nike assorbe il sudore dalla pelle e lo trasferisce alla superficie del tessuto dove si evapora rapidamente mantenendoti fresco e asciutto anche durante gli allenamenti pi\u00f9 intensi. Il design accattivante e moderno dei pantaloncini Nike li rende adatti non solo per le attivit\u00e0 sportive ma anche per il tempo libero. Scegli tra una vasta gamma di colori e stili dal classico nero ai vivaci colori estivi per un look che si adatta al tuo stile personale. In sintesi il pantaloncino Nike \u00e8 una scelta affidabile per tutti gli appassionati di sport che desiderano massimo comfort, traspirabilit\u00e0 e stile.<\/p>\n","protected":false},"excerpt":{"rendered":"<p>Il pantaloncino Nike \u00e8 la scelta ideale per un look sportivo e confortevole durante le tue attivit\u00e0 fisiche realizzato con materiali di alta qualit\u00e0. Questo pantaloncino \u00e8 resistente e traspirante garantendo il massimo comfort e una grande libert\u00e0 di movimento. La tecnologia dri-fit presente in molti modelli di pantaloncini Nike assorbe il sudore dalla pelle e lo trasferisce alla superficie del tessuto dove si evapora rapidamente mantenendoti fresco e asciutto anche durante gli allenamenti pi\u00f9 intensi. Il design accattivante e moderno dei pantaloncini Nike li rende adatti non solo per le attivit\u00e0 sportive ma anche per il tempo libero. Scegli tra una vasta gamma di colori e stili dal classico nero ai vivaci colori estivi per un look che si adatta al tuo stile personale. In sintesi il pantaloncino Nike \u00e8 una scelta affidabile per tutti gli appassionati di sport che desiderano massimo comfort, traspirabilit\u00e0 e stile.<\/p>\n","protected":false},"featured_media":92671,"comment_status":"open","ping_status":"closed","template":"","meta":[],"product_brand":[],"product_cat":[400,408],"product_tag":[],"class_list":{"0":"post-92670","1":"product","2":"type-product","3":"status-publish","4":"has-post-thumbnail","6":"product_cat-sport-it","7":"product_cat-pantaloncini-tecnici","10":"first","11":"instock","12":"shipping-taxable","13":"purchasable","14":"product-type-variable"},"_links":{"self":[{"href":"https:\/\/juxtare.store\/it\/wp-json\/wp\/v2\/product\/92670","targetHints":{"allow":["GET"]}}],"collection":[{"href":"https:\/\/juxtare.store\/it\/wp-json\/wp\/v2\/product"}],"about":[{"href":"https:\/\/juxtare.store\/it\/wp-json\/wp\/v2\/types\/product"}],"replies":[{"embeddable":true,"href":"https:\/\/juxtare.store\/it\/wp-json\/wp\/v2\/comments?post=92670"}],"wp:featuredmedia":[{"embeddable":true,"href":"https:\/\/juxtare.store\/it\/wp-json\/wp\/v2\/media\/92671"}],"wp:attachment":[{"href":"https:\/\/juxtare.store\/it\/wp-json\/wp\/v2\/media?parent=92670"}],"wp:term":[{"taxonomy":"product_brand","embeddable":true,"href":"https:\/\/juxtare.store\/it\/wp-json\/wp\/v2\/product_brand?post=92670"},{"taxonomy":"product_cat","embeddable":true,"href":"https:\/\/juxtare.store\/it\/wp-json\/wp\/v2\/product_cat?post=92670"},{"taxonomy":"product_tag","embeddable":true,"href":"https:\/\/juxtare.store\/it\/wp-json\/wp\/v2\/product_tag?post=92670"}],"curies":[{"name":"wp","href":"https:\/\/api.w.org\/{rel}","templated":true}]}}