{"id":92480,"date":"2026-02-06T13:53:43","date_gmt":"2026-02-06T12:53:43","guid":{"rendered":"https:\/\/localhost\/?post_type=product&#038;p=92480"},"modified":"2026-02-06T13:53:43","modified_gmt":"2026-02-06T12:53:43","slug":"nike-downshifter-13-fd6476-001","status":"publish","type":"product","link":"https:\/\/juxtare.store\/it\/prodotto\/nike-downshifter-13-fd6476-001\/","title":{"rendered":"Nike downshifter 13 fd6476-001"},"content":{"rendered":"<p>Scarpa da running su strada \u2013 donnadownshifter 13 \u00e8 pronta a correre sia con chi inizia con entusiasmo il proprio viaggio nel mondo del running che con gli esperti che puntano a migliorare le proprie prestazioni. con una nuova tomaia morbida, offre ammortizzatore e resistenza senza compromessi, aiutandoti a trovare la marcia in pi\u00f9 o semplicemente a fare il primo passo verso i tanti chilometri che verranno. mesh traspiranteil nuovo mesh multistrato \u00e8 morbido e confortevole al tatto e offre un alto livello di traspirabilit\u00e0.supporto e sicurezzauna fit band interna aggiornata avvolge perfettamente l&#039;area mediale per offrire supporto e sicurezza. \u00c8 pi\u00f9 evidente a occhio nudo di quanto non fosse nel modello downshifter 12.andatura fluidala morbida schiuma riciclata favorisce una corsa pi\u00f9 sostenibile senza compromettere ammortizzazione e sostegno.suole in nike grindil resistente battistrada in gomma verde \u00e8 realizzato con il 13% di nike grind. offre una protezione completa dalle abrasioni dalla punta al tallone, con tasselli per una maggiore resistenza e trazione. more detailsla fascetta sulla linguetta consente di indossare la scarpa pi\u00f9 facilmenteil collare imbottito a semi-cascata aggiunge comfort<\/p>\n","protected":false},"excerpt":{"rendered":"<p>Scarpa da running su strada \u2013 donnadownshifter 13 \u00e8 pronta a correre sia con chi inizia con entusiasmo il proprio viaggio nel mondo del running che con gli esperti che puntano a migliorare le proprie prestazioni. con una nuova tomaia morbida, offre ammortizzatore e resistenza senza compromessi, aiutandoti a trovare la marcia in pi\u00f9 o semplicemente a fare il primo passo verso i tanti chilometri che verranno. mesh traspiranteil nuovo mesh multistrato \u00e8 morbido e confortevole al tatto e offre un alto livello di traspirabilit\u00e0.supporto e sicurezzauna fit band interna aggiornata avvolge perfettamente l&#039;area mediale per offrire supporto e sicurezza. \u00c8 pi\u00f9 evidente a occhio nudo di quanto non fosse nel modello downshifter 12.andatura fluidala morbida schiuma riciclata favorisce una corsa pi\u00f9 sostenibile senza compromettere ammortizzazione e sostegno.suole in nike grindil resistente battistrada in gomma verde \u00e8 realizzato con il 13% di nike grind. offre una protezione completa dalle abrasioni dalla punta al tallone, con tasselli per una maggiore resistenza e trazione. more detailsla fascetta sulla linguetta consente di indossare la scarpa pi\u00f9 facilmenteil collare imbottito a semi-cascata aggiunge comfort<\/p>\n","protected":false},"featured_media":92476,"comment_status":"open","ping_status":"closed","template":"","meta":[],"product_brand":[],"product_cat":[135,349],"product_tag":[],"class_list":{"0":"post-92480","1":"product","2":"type-product","3":"status-publish","4":"has-post-thumbnail","6":"product_cat-womens","7":"product_cat-womens-shoes","10":"first","11":"instock","12":"shipping-taxable","13":"purchasable","14":"product-type-variable"},"_links":{"self":[{"href":"https:\/\/juxtare.store\/it\/wp-json\/wp\/v2\/product\/92480","targetHints":{"allow":["GET"]}}],"collection":[{"href":"https:\/\/juxtare.store\/it\/wp-json\/wp\/v2\/product"}],"about":[{"href":"https:\/\/juxtare.store\/it\/wp-json\/wp\/v2\/types\/product"}],"replies":[{"embeddable":true,"href":"https:\/\/juxtare.store\/it\/wp-json\/wp\/v2\/comments?post=92480"}],"wp:featuredmedia":[{"embeddable":true,"href":"https:\/\/juxtare.store\/it\/wp-json\/wp\/v2\/media\/92476"}],"wp:attachment":[{"href":"https:\/\/juxtare.store\/it\/wp-json\/wp\/v2\/media?parent=92480"}],"wp:term":[{"taxonomy":"product_brand","embeddable":true,"href":"https:\/\/juxtare.store\/it\/wp-json\/wp\/v2\/product_brand?post=92480"},{"taxonomy":"product_cat","embeddable":true,"href":"https:\/\/juxtare.store\/it\/wp-json\/wp\/v2\/product_cat?post=92480"},{"taxonomy":"product_tag","embeddable":true,"href":"https:\/\/juxtare.store\/it\/wp-json\/wp\/v2\/product_tag?post=92480"}],"curies":[{"name":"wp","href":"https:\/\/api.w.org\/{rel}","templated":true}]}}