{"id":91902,"date":"2025-02-19T06:24:36","date_gmt":"2025-02-19T05:24:36","guid":{"rendered":"https:\/\/juxtare.store\/?post_type=product&#038;p=91902"},"modified":"2025-11-14T08:55:56","modified_gmt":"2025-11-14T07:55:56","slug":"nike-premier-3-hm0283-001","status":"publish","type":"product","link":"https:\/\/juxtare.store\/it\/prodotto\/nike-premier-3-hm0283-001\/","title":{"rendered":"Nike premier 3 hm0283-001"},"content":{"rendered":"<p>La scarpa Nike premier 3 torna alle origini con una silhouette intramontabile avvolta in morbida pelle che offre affidabilit\u00e0 e libert\u00e0 di movimento in campo. Scarpa da calcio a taglio basso tf. La tomaia in pelle pregiata \u00e8 morbida per un tocco superiore. La linguetta con risvolto presenta un taglio che consente di scegliere tra un look tradizionale o pi\u00f9 moderno. Il battistrada in gomma \u00e8 pensato per una trazione multidirezionale sulle superfici in erba sintetica.<\/p>\n","protected":false},"excerpt":{"rendered":"<p>La scarpa Nike premier 3 torna alle origini con una silhouette intramontabile avvolta in morbida pelle che offre affidabilit\u00e0 e libert\u00e0 di movimento in campo. Scarpa da calcio a taglio basso tf. La tomaia in pelle pregiata \u00e8 morbida per un tocco superiore. La linguetta con risvolto presenta un taglio che consente di scegliere tra un look tradizionale o pi\u00f9 moderno. Il battistrada in gomma \u00e8 pensato per una trazione multidirezionale sulle superfici in erba sintetica.<\/p>\n","protected":false},"featured_media":91903,"comment_status":"open","ping_status":"closed","template":"","meta":[],"product_brand":[],"product_cat":[400,616],"product_tag":[],"class_list":{"0":"post-91902","1":"product","2":"type-product","3":"status-publish","4":"has-post-thumbnail","6":"product_cat-sport-it","7":"product_cat-scarpe-da-calcio","10":"first","11":"instock","12":"shipping-taxable","13":"purchasable","14":"product-type-variable"},"_links":{"self":[{"href":"https:\/\/juxtare.store\/it\/wp-json\/wp\/v2\/product\/91902","targetHints":{"allow":["GET"]}}],"collection":[{"href":"https:\/\/juxtare.store\/it\/wp-json\/wp\/v2\/product"}],"about":[{"href":"https:\/\/juxtare.store\/it\/wp-json\/wp\/v2\/types\/product"}],"replies":[{"embeddable":true,"href":"https:\/\/juxtare.store\/it\/wp-json\/wp\/v2\/comments?post=91902"}],"wp:featuredmedia":[{"embeddable":true,"href":"https:\/\/juxtare.store\/it\/wp-json\/wp\/v2\/media\/91903"}],"wp:attachment":[{"href":"https:\/\/juxtare.store\/it\/wp-json\/wp\/v2\/media?parent=91902"}],"wp:term":[{"taxonomy":"product_brand","embeddable":true,"href":"https:\/\/juxtare.store\/it\/wp-json\/wp\/v2\/product_brand?post=91902"},{"taxonomy":"product_cat","embeddable":true,"href":"https:\/\/juxtare.store\/it\/wp-json\/wp\/v2\/product_cat?post=91902"},{"taxonomy":"product_tag","embeddable":true,"href":"https:\/\/juxtare.store\/it\/wp-json\/wp\/v2\/product_tag?post=91902"}],"curies":[{"name":"wp","href":"https:\/\/api.w.org\/{rel}","templated":true}]}}