{"id":91864,"date":"2025-04-19T07:20:40","date_gmt":"2025-04-19T05:20:40","guid":{"rendered":"https:\/\/juxtare.store\/?post_type=product&#038;p=91864"},"modified":"2025-04-26T07:23:32","modified_gmt":"2025-04-26T05:23:32","slug":"nike-downshifter-13-fd6454-404","status":"publish","type":"product","link":"https:\/\/juxtare.store\/it\/prodotto\/nike-downshifter-13-fd6454-404\/","title":{"rendered":"Nike downshifter 13 fd6454-404"},"content":{"rendered":"<p>Downshifter 13 Nike \u00e8 pronta a correre sia con chi inizia con entusiasmo il proprio viaggio nel mondo del running che con gli esperti che puntano a migliorare le proprie prestazioni. Con una nuova tomaia morbida, offre ammortizzazione e resistenza senza compromessi, aiutandoti a trovare la marcia in pi\u00f9 o semplicemente a fare il primo passo verso i tanti chilometri che verranno. Il nuovo mesh multistrato \u00e8 morbido e confortevole al tatto e offre un alto livello di traspirabilit\u00e0. Una fit band interna aggiornata avvolge perfettamente l&#8217;area mediale per offrire supporto e sicurezza. \u00c8 pi\u00f9 evidente a occhio nudo di quanto non fosse nel modello downshifter 12. La morbida schiuma riciclata favorisce una corsa pi\u00f9 sostenibile senza compromettere ammortizzazione e sostegno. Il resistente battistrada in gomma verde \u00e8 realizzato con il 13% di Nike grind. Offre una protezione completa dalle abrasioni dalla punta al tallone, con tasselli per una maggiore resistenza e trazione.<\/p>\n","protected":false},"excerpt":{"rendered":"<p>Downshifter 13 Nike \u00e8 pronta a correre sia con chi inizia con entusiasmo il proprio viaggio nel mondo del running che con gli esperti che puntano a migliorare le proprie prestazioni. Con una nuova tomaia morbida, offre ammortizzazione e resistenza senza compromessi, aiutandoti a trovare la marcia in pi\u00f9 o semplicemente a fare il primo passo verso i tanti chilometri che verranno. Il nuovo mesh multistrato \u00e8 morbido e confortevole al tatto e offre un alto livello di traspirabilit\u00e0. Una fit band interna aggiornata avvolge perfettamente l&#8217;area mediale per offrire supporto e sicurezza. \u00c8 pi\u00f9 evidente a occhio nudo di quanto non fosse nel modello downshifter 12. La morbida schiuma riciclata favorisce una corsa pi\u00f9 sostenibile senza compromettere ammortizzazione e sostegno. Il resistente battistrada in gomma verde \u00e8 realizzato con il 13% di Nike grind. Offre una protezione completa dalle abrasioni dalla punta al tallone, con tasselli per una maggiore resistenza e trazione.<\/p>\n","protected":false},"featured_media":91865,"comment_status":"open","ping_status":"closed","template":"","meta":[],"product_brand":[],"product_cat":[382,392],"product_tag":[],"class_list":{"0":"post-91864","1":"product","2":"type-product","3":"status-publish","4":"has-post-thumbnail","6":"product_cat-uomo","7":"product_cat-scarpe-da-uomo","10":"first","11":"instock","12":"shipping-taxable","13":"purchasable","14":"product-type-variable"},"_links":{"self":[{"href":"https:\/\/juxtare.store\/it\/wp-json\/wp\/v2\/product\/91864","targetHints":{"allow":["GET"]}}],"collection":[{"href":"https:\/\/juxtare.store\/it\/wp-json\/wp\/v2\/product"}],"about":[{"href":"https:\/\/juxtare.store\/it\/wp-json\/wp\/v2\/types\/product"}],"replies":[{"embeddable":true,"href":"https:\/\/juxtare.store\/it\/wp-json\/wp\/v2\/comments?post=91864"}],"wp:featuredmedia":[{"embeddable":true,"href":"https:\/\/juxtare.store\/it\/wp-json\/wp\/v2\/media\/91865"}],"wp:attachment":[{"href":"https:\/\/juxtare.store\/it\/wp-json\/wp\/v2\/media?parent=91864"}],"wp:term":[{"taxonomy":"product_brand","embeddable":true,"href":"https:\/\/juxtare.store\/it\/wp-json\/wp\/v2\/product_brand?post=91864"},{"taxonomy":"product_cat","embeddable":true,"href":"https:\/\/juxtare.store\/it\/wp-json\/wp\/v2\/product_cat?post=91864"},{"taxonomy":"product_tag","embeddable":true,"href":"https:\/\/juxtare.store\/it\/wp-json\/wp\/v2\/product_tag?post=91864"}],"curies":[{"name":"wp","href":"https:\/\/api.w.org\/{rel}","templated":true}]}}