{"id":91189,"date":"2025-03-26T06:43:41","date_gmt":"2025-03-26T05:43:41","guid":{"rendered":"https:\/\/juxtare.store\/?post_type=product&#038;p=91189"},"modified":"2025-04-16T13:44:08","modified_gmt":"2025-04-16T11:44:08","slug":"pantaloncini-da-basket-da-uomo-nike-nt0201-010","status":"publish","type":"product","link":"https:\/\/juxtare.store\/it\/prodotto\/pantaloncini-da-basket-da-uomo-nike-nt0201-010\/","title":{"rendered":"Pantaloncini da basket da uomo Nike nt0201-010"},"content":{"rendered":"<p>Mantieni le cose semplici e fresche con i pantaloncini Nike team basketball stock. Il tessuto leggero e traspirante ti aiuta a rimanere fresco e concentrato, indipendentemente da quanto tempo rimane sul cronometro. Una cintura elastica crea una vestibilit\u00e0 sicura. La cintura elastica con coulisse offre una vestibilit\u00e0 personalizzata. Tassello in mesh per una maggiore traspirabilit\u00e0. Dri-fit, standard, nero \/ bianco, sku: nt0201-010.<\/p>\n","protected":false},"excerpt":{"rendered":"<p>Mantieni le cose semplici e fresche con i pantaloncini Nike team basketball stock. Il tessuto leggero e traspirante ti aiuta a rimanere fresco e concentrato, indipendentemente da quanto tempo rimane sul cronometro. Una cintura elastica crea una vestibilit\u00e0 sicura. La cintura elastica con coulisse offre una vestibilit\u00e0 personalizzata. Tassello in mesh per una maggiore traspirabilit\u00e0. Dri-fit, standard, nero \/ bianco, sku: nt0201-010.<\/p>\n","protected":false},"featured_media":91190,"comment_status":"open","ping_status":"closed","template":"","meta":[],"product_brand":[],"product_cat":[400,408],"product_tag":[],"class_list":{"0":"post-91189","1":"product","2":"type-product","3":"status-publish","4":"has-post-thumbnail","6":"product_cat-sport-it","7":"product_cat-pantaloncini-tecnici","10":"first","11":"instock","12":"shipping-taxable","13":"purchasable","14":"product-type-variable"},"_links":{"self":[{"href":"https:\/\/juxtare.store\/it\/wp-json\/wp\/v2\/product\/91189","targetHints":{"allow":["GET"]}}],"collection":[{"href":"https:\/\/juxtare.store\/it\/wp-json\/wp\/v2\/product"}],"about":[{"href":"https:\/\/juxtare.store\/it\/wp-json\/wp\/v2\/types\/product"}],"replies":[{"embeddable":true,"href":"https:\/\/juxtare.store\/it\/wp-json\/wp\/v2\/comments?post=91189"}],"wp:featuredmedia":[{"embeddable":true,"href":"https:\/\/juxtare.store\/it\/wp-json\/wp\/v2\/media\/91190"}],"wp:attachment":[{"href":"https:\/\/juxtare.store\/it\/wp-json\/wp\/v2\/media?parent=91189"}],"wp:term":[{"taxonomy":"product_brand","embeddable":true,"href":"https:\/\/juxtare.store\/it\/wp-json\/wp\/v2\/product_brand?post=91189"},{"taxonomy":"product_cat","embeddable":true,"href":"https:\/\/juxtare.store\/it\/wp-json\/wp\/v2\/product_cat?post=91189"},{"taxonomy":"product_tag","embeddable":true,"href":"https:\/\/juxtare.store\/it\/wp-json\/wp\/v2\/product_tag?post=91189"}],"curies":[{"name":"wp","href":"https:\/\/api.w.org\/{rel}","templated":true}]}}