{"id":91084,"date":"2026-02-06T13:56:11","date_gmt":"2026-02-06T12:56:11","guid":{"rendered":"https:\/\/localhost\/?post_type=product&#038;p=91084"},"modified":"2026-02-06T13:56:11","modified_gmt":"2026-02-06T12:56:11","slug":"maglia-nike-strike-iv-dri-fit-da-donna-fz9329-101","status":"publish","type":"product","link":"https:\/\/juxtare.store\/it\/prodotto\/maglia-nike-strike-iv-dri-fit-da-donna-fz9329-101\/","title":{"rendered":"Maglia nike strike iv dri-fit da donna fz9329-101"},"content":{"rendered":"<p>Ispirata a ci\u00f2 che i migliori giocatori indossano sui palcoscenici pi\u00f9 importanti del calcio. la tecnologia dri-fit, unita ai pannelli laterali in mesh traspirante, aiuta gli atleti a mantenere la pelle fresca e composta durante le partite pi\u00f9 intense. il taglio rinnovato offre pi\u00f9 spazio in vita per maggiore comfort e libert\u00e0 di movimento. questo prodotto \u00e8 realizzato al 100% con fibre di poliestere riciclato. la struttura dei pannelli laterali utilizza un motivo pi\u00f9 efficiente per ridurre lo spreco di materiale. codice stile: fz9329-101100% poliesterecolore: bianco\/bianco\/bianco\/(nero)caratteristiche del prodotto la tecnologia nike dri-fit allontana il sudore dalla pelle per una pi\u00f9 rapida evaporazione, aiutando gli atleti a rimanere asciutti e comodi.il nuovo taglio da donna offre pi\u00f9 spazio in vita, permettendo loro di dare il massimo.<\/p>\n","protected":false},"excerpt":{"rendered":"<p>Ispirata a ci\u00f2 che i migliori giocatori indossano sui palcoscenici pi\u00f9 importanti del calcio. la tecnologia dri-fit, unita ai pannelli laterali in mesh traspirante, aiuta gli atleti a mantenere la pelle fresca e composta durante le partite pi\u00f9 intense. il taglio rinnovato offre pi\u00f9 spazio in vita per maggiore comfort e libert\u00e0 di movimento. questo prodotto \u00e8 realizzato al 100% con fibre di poliestere riciclato. la struttura dei pannelli laterali utilizza un motivo pi\u00f9 efficiente per ridurre lo spreco di materiale. codice stile: fz9329-101100% poliesterecolore: bianco\/bianco\/bianco\/(nero)caratteristiche del prodotto la tecnologia nike dri-fit allontana il sudore dalla pelle per una pi\u00f9 rapida evaporazione, aiutando gli atleti a rimanere asciutti e comodi.il nuovo taglio da donna offre pi\u00f9 spazio in vita, permettendo loro di dare il massimo.<\/p>\n","protected":false},"featured_media":91082,"comment_status":"open","ping_status":"closed","template":"","meta":[],"product_brand":[],"product_cat":[135,207],"product_tag":[],"class_list":{"0":"post-91084","1":"product","2":"type-product","3":"status-publish","4":"has-post-thumbnail","6":"product_cat-womens","7":"product_cat-womens-t-shirts","10":"first","11":"instock","12":"shipping-taxable","13":"purchasable","14":"product-type-variable"},"_links":{"self":[{"href":"https:\/\/juxtare.store\/it\/wp-json\/wp\/v2\/product\/91084","targetHints":{"allow":["GET"]}}],"collection":[{"href":"https:\/\/juxtare.store\/it\/wp-json\/wp\/v2\/product"}],"about":[{"href":"https:\/\/juxtare.store\/it\/wp-json\/wp\/v2\/types\/product"}],"replies":[{"embeddable":true,"href":"https:\/\/juxtare.store\/it\/wp-json\/wp\/v2\/comments?post=91084"}],"wp:featuredmedia":[{"embeddable":true,"href":"https:\/\/juxtare.store\/it\/wp-json\/wp\/v2\/media\/91082"}],"wp:attachment":[{"href":"https:\/\/juxtare.store\/it\/wp-json\/wp\/v2\/media?parent=91084"}],"wp:term":[{"taxonomy":"product_brand","embeddable":true,"href":"https:\/\/juxtare.store\/it\/wp-json\/wp\/v2\/product_brand?post=91084"},{"taxonomy":"product_cat","embeddable":true,"href":"https:\/\/juxtare.store\/it\/wp-json\/wp\/v2\/product_cat?post=91084"},{"taxonomy":"product_tag","embeddable":true,"href":"https:\/\/juxtare.store\/it\/wp-json\/wp\/v2\/product_tag?post=91084"}],"curies":[{"name":"wp","href":"https:\/\/api.w.org\/{rel}","templated":true}]}}