{"id":90953,"date":"2025-03-26T06:51:30","date_gmt":"2025-03-26T05:51:30","guid":{"rendered":"https:\/\/juxtare.store\/?post_type=product&#038;p=90953"},"modified":"2025-04-15T13:09:06","modified_gmt":"2025-04-15T11:09:06","slug":"t-shirt-nike-just-do-it-core-dz2989-010","status":"publish","type":"product","link":"https:\/\/juxtare.store\/it\/prodotto\/t-shirt-nike-just-do-it-core-dz2989-010\/","title":{"rendered":"T-shirt Nike just do it core dz2989-010"},"content":{"rendered":"<p>Maglietta da uomo Nike just do it core. Fai un salto di qualit\u00e0 con questa t-shirt just do it core da uomo di Nike. In una colorazione nera, questa maglietta dalla vestibilit\u00e0 standard \u00e8 realizzata in morbido cotone per un comfort quotidiano. Presenta maniche corte con scollo a giro a coste ed \u00e8 rifinita con l&#8217;iconico slogan just do it e un logo Nike sul petto. Composizione 100% cotone. Taglia e vestibilit\u00e0 regolare.<\/p>\n","protected":false},"excerpt":{"rendered":"<p>Maglietta da uomo Nike just do it core. Fai un salto di qualit\u00e0 con questa t-shirt just do it core da uomo di Nike. In una colorazione nera, questa maglietta dalla vestibilit\u00e0 standard \u00e8 realizzata in morbido cotone per un comfort quotidiano. Presenta maniche corte con scollo a giro a coste ed \u00e8 rifinita con l&#8217;iconico slogan just do it e un logo Nike sul petto. Composizione 100% cotone. Taglia e vestibilit\u00e0 regolare.<\/p>\n","protected":false},"featured_media":90954,"comment_status":"open","ping_status":"closed","template":"","meta":[],"product_brand":[],"product_cat":[638],"product_tag":[],"class_list":{"0":"post-90953","1":"product","2":"type-product","3":"status-publish","4":"has-post-thumbnail","6":"product_cat-uncategorized-it","9":"first","10":"instock","11":"shipping-taxable","12":"purchasable","13":"product-type-variable"},"_links":{"self":[{"href":"https:\/\/juxtare.store\/it\/wp-json\/wp\/v2\/product\/90953","targetHints":{"allow":["GET"]}}],"collection":[{"href":"https:\/\/juxtare.store\/it\/wp-json\/wp\/v2\/product"}],"about":[{"href":"https:\/\/juxtare.store\/it\/wp-json\/wp\/v2\/types\/product"}],"replies":[{"embeddable":true,"href":"https:\/\/juxtare.store\/it\/wp-json\/wp\/v2\/comments?post=90953"}],"wp:featuredmedia":[{"embeddable":true,"href":"https:\/\/juxtare.store\/it\/wp-json\/wp\/v2\/media\/90954"}],"wp:attachment":[{"href":"https:\/\/juxtare.store\/it\/wp-json\/wp\/v2\/media?parent=90953"}],"wp:term":[{"taxonomy":"product_brand","embeddable":true,"href":"https:\/\/juxtare.store\/it\/wp-json\/wp\/v2\/product_brand?post=90953"},{"taxonomy":"product_cat","embeddable":true,"href":"https:\/\/juxtare.store\/it\/wp-json\/wp\/v2\/product_cat?post=90953"},{"taxonomy":"product_tag","embeddable":true,"href":"https:\/\/juxtare.store\/it\/wp-json\/wp\/v2\/product_tag?post=90953"}],"curies":[{"name":"wp","href":"https:\/\/api.w.org\/{rel}","templated":true}]}}