{"id":90042,"date":"2025-05-21T11:16:54","date_gmt":"2025-05-21T09:16:54","guid":{"rendered":"https:\/\/localhost\/?post_type=product&#038;p=90042"},"modified":"2025-11-14T08:29:41","modified_gmt":"2025-11-14T07:29:41","slug":"zaino-kappa-321m89w-005","status":"publish","type":"product","link":"https:\/\/juxtare.store\/it\/prodotto\/zaino-kappa-321m89w-005\/","title":{"rendered":"Zaino kappa 321m89w-005"},"content":{"rendered":"<p>Realizzata per alte prestazioni, combinando la flessibilit\u00e0 con la vestibilit\u00e0 e la stabilit\u00e0. \u00c8 flessibile senza influire sulla stabilit\u00e0, grazie alla sua composizione.il suo peso \u00e8 di 259 gr.la tomaia \u00e8 realizzata di pelle premium molto flessibile. realizzata con nylon interno di alta qualit\u00e0 e con resistenza alla trazione 800n\/50 mm in trama e 600n\/50 mm in ordito. puntale rinforzato per l&#039;impatto.la soletta \u00e8 realizzata in eva preformata e il plantare \u00e8 in eva naturale da 2 mm.l&#039;intersuola \u00e8 realizzata in phylon di alta qualit\u00e0 e resistente (shore-55).la suola \u00e8 realizzata in gomma di alta qualit\u00e0 e resistente all&#039;abrasione din-70.<\/p>\n","protected":false},"excerpt":{"rendered":"<p>Realizzata per alte prestazioni, combinando la flessibilit\u00e0 con la vestibilit\u00e0 e la stabilit\u00e0. \u00c8 flessibile senza influire sulla stabilit\u00e0, grazie alla sua composizione.il suo peso \u00e8 di 259 gr.la tomaia \u00e8 realizzata di pelle premium molto flessibile. realizzata con nylon interno di alta qualit\u00e0 e con resistenza alla trazione 800n\/50 mm in trama e 600n\/50 mm in ordito. puntale rinforzato per l&#039;impatto.la soletta \u00e8 realizzata in eva preformata e il plantare \u00e8 in eva naturale da 2 mm.l&#039;intersuola \u00e8 realizzata in phylon di alta qualit\u00e0 e resistente (shore-55).la suola \u00e8 realizzata in gomma di alta qualit\u00e0 e resistente all&#039;abrasione din-70.<\/p>\n","protected":false},"featured_media":90041,"comment_status":"open","ping_status":"closed","template":"","meta":[],"product_brand":[],"product_cat":[122,163],"product_tag":[],"class_list":{"0":"post-90042","1":"product","2":"type-product","3":"status-publish","4":"has-post-thumbnail","6":"product_cat-accessories","7":"product_cat-bags-backpacks","10":"first","11":"instock","12":"shipping-taxable","13":"purchasable","14":"product-type-variable"},"_links":{"self":[{"href":"https:\/\/juxtare.store\/it\/wp-json\/wp\/v2\/product\/90042","targetHints":{"allow":["GET"]}}],"collection":[{"href":"https:\/\/juxtare.store\/it\/wp-json\/wp\/v2\/product"}],"about":[{"href":"https:\/\/juxtare.store\/it\/wp-json\/wp\/v2\/types\/product"}],"replies":[{"embeddable":true,"href":"https:\/\/juxtare.store\/it\/wp-json\/wp\/v2\/comments?post=90042"}],"wp:featuredmedia":[{"embeddable":true,"href":"https:\/\/juxtare.store\/it\/wp-json\/wp\/v2\/media\/90041"}],"wp:attachment":[{"href":"https:\/\/juxtare.store\/it\/wp-json\/wp\/v2\/media?parent=90042"}],"wp:term":[{"taxonomy":"product_brand","embeddable":true,"href":"https:\/\/juxtare.store\/it\/wp-json\/wp\/v2\/product_brand?post=90042"},{"taxonomy":"product_cat","embeddable":true,"href":"https:\/\/juxtare.store\/it\/wp-json\/wp\/v2\/product_cat?post=90042"},{"taxonomy":"product_tag","embeddable":true,"href":"https:\/\/juxtare.store\/it\/wp-json\/wp\/v2\/product_tag?post=90042"}],"curies":[{"name":"wp","href":"https:\/\/api.w.org\/{rel}","templated":true}]}}