{"id":89793,"date":"2026-02-06T13:57:13","date_gmt":"2026-02-06T12:57:13","guid":{"rendered":"https:\/\/localhost\/?post_type=product&#038;p=89793"},"modified":"2026-02-06T13:57:14","modified_gmt":"2026-02-06T12:57:14","slug":"pantalone-tuta-adidas-tiro24-is1001","status":"publish","type":"product","link":"https:\/\/juxtare.store\/it\/prodotto\/pantalone-tuta-adidas-tiro24-is1001\/","title":{"rendered":"Pantalone tuta adidas tiro24 is1001"},"content":{"rendered":"<p>Alza il livello del tuo allenamento con questi track pants adidas junior. la struttura in resistente filato doppio e la vestibilit\u00e0 aderente ti aiutano a mantenere alta la concentrazione durante gli allenamenti pi\u00f9 intensi. la tecnologia antiumidit\u00e0 aeroready mantiene le gambe asciutte e le tasche con chiusura a zip custodiscono gli oggetti essenziali per eliminare ogni distrazione.questo prodotto \u00e8 realizzato al 100% con materiali riciclati. implementare la nostra produzione con materiali riciclati ci permette di ridurre gli sprechi, l&#039;utilizzo di fonti non rinnovabili e l&#039;impatto ambientale dei prodotti che produciamo.<\/p>\n","protected":false},"excerpt":{"rendered":"<p>Alza il livello del tuo allenamento con questi track pants adidas junior. la struttura in resistente filato doppio e la vestibilit\u00e0 aderente ti aiutano a mantenere alta la concentrazione durante gli allenamenti pi\u00f9 intensi. la tecnologia antiumidit\u00e0 aeroready mantiene le gambe asciutte e le tasche con chiusura a zip custodiscono gli oggetti essenziali per eliminare ogni distrazione.questo prodotto \u00e8 realizzato al 100% con materiali riciclati. implementare la nostra produzione con materiali riciclati ci permette di ridurre gli sprechi, l&#039;utilizzo di fonti non rinnovabili e l&#039;impatto ambientale dei prodotti che produciamo.<\/p>\n","protected":false},"featured_media":89789,"comment_status":"open","ping_status":"closed","template":"","meta":[],"product_brand":[],"product_cat":[93,183],"product_tag":[],"class_list":{"0":"post-89793","1":"product","2":"type-product","3":"status-publish","4":"has-post-thumbnail","6":"product_cat-kids","7":"product_cat-kids-tracksuits","10":"first","11":"instock","12":"shipping-taxable","13":"purchasable","14":"product-type-variable"},"_links":{"self":[{"href":"https:\/\/juxtare.store\/it\/wp-json\/wp\/v2\/product\/89793","targetHints":{"allow":["GET"]}}],"collection":[{"href":"https:\/\/juxtare.store\/it\/wp-json\/wp\/v2\/product"}],"about":[{"href":"https:\/\/juxtare.store\/it\/wp-json\/wp\/v2\/types\/product"}],"replies":[{"embeddable":true,"href":"https:\/\/juxtare.store\/it\/wp-json\/wp\/v2\/comments?post=89793"}],"wp:featuredmedia":[{"embeddable":true,"href":"https:\/\/juxtare.store\/it\/wp-json\/wp\/v2\/media\/89789"}],"wp:attachment":[{"href":"https:\/\/juxtare.store\/it\/wp-json\/wp\/v2\/media?parent=89793"}],"wp:term":[{"taxonomy":"product_brand","embeddable":true,"href":"https:\/\/juxtare.store\/it\/wp-json\/wp\/v2\/product_brand?post=89793"},{"taxonomy":"product_cat","embeddable":true,"href":"https:\/\/juxtare.store\/it\/wp-json\/wp\/v2\/product_cat?post=89793"},{"taxonomy":"product_tag","embeddable":true,"href":"https:\/\/juxtare.store\/it\/wp-json\/wp\/v2\/product_tag?post=89793"}],"curies":[{"name":"wp","href":"https:\/\/api.w.org\/{rel}","templated":true}]}}