{"id":89760,"date":"2025-04-03T07:40:42","date_gmt":"2025-04-03T05:40:42","guid":{"rendered":"https:\/\/juxtare.store\/?post_type=product&#038;p=89760"},"modified":"2025-04-04T18:37:51","modified_gmt":"2025-04-04T16:37:51","slug":"nike-pegasus-41-fd2722-102","status":"publish","type":"product","link":"https:\/\/juxtare.store\/it\/prodotto\/nike-pegasus-41-fd2722-102\/","title":{"rendered":"Nike pegasus 41 fd2722-102"},"content":{"rendered":"<p>L&#8217;ammortizzazione reattiva di Nike pegasus offre un&#8217;andatura energica per le tue corse quotidiane su strada. Prova il ritorno di energia e la leggerezza di questa scarpa, dotata di due unit\u00e0 air zoom, dell&#8217;intersuola in schiuma reactx e di mesh tecnico migliorato sulla tomaia che ne riduce il peso e aumenta la traspirabilit\u00e0. Tomaia in mesh tecnico traspirante migliorata, intersuola in schiuma reactx che avvolge le unit\u00e0 air zoom su avampiede e tallone per un&#8217;andatura reattiva. Esclusivo battistrada in gomma con motivo waffle che dona trazione e flessibilit\u00e0. Morbida linguetta sul collare e sottopiede che offrono una sensazione di stabilit\u00e0 e comfort. La nuova schiuma reactx nell&#8217;intersuola offre una reattivit\u00e0 superiore del 13% rispetto alla tecnologia react precedente. Pensata per le prestazioni e per il pianeta, la schiuma reactx \u00e8 progettata per ridurre l&#8217;impatto ambientale di un paio di intersuole di almeno il 43%, poich\u00e9 l&#8217;energia utilizzata nel processo di produzione \u00e8 inferiore rispetto a quella impiegata per la realizzazione della precedente schiuma react. L&#8217;impatto ambientale di reactx si basa su una valutazione della cradle-to-gate analizzata da pr\u00e9 sustainability b.v. e intertek china. Altri componenti dell&#8217;intersuola, come unit\u00e0 air, piatti suola o altre formulazioni di schiuma, non sono stati presi in considerazione.<\/p>\n","protected":false},"excerpt":{"rendered":"<p>L&#8217;ammortizzazione reattiva di Nike pegasus offre un&#8217;andatura energica per le tue corse quotidiane su strada. Prova il ritorno di energia e la leggerezza di questa scarpa, dotata di due unit\u00e0 air zoom, dell&#8217;intersuola in schiuma reactx e di mesh tecnico migliorato sulla tomaia che ne riduce il peso e aumenta la traspirabilit\u00e0. Tomaia in mesh tecnico traspirante migliorata, intersuola in schiuma reactx che avvolge le unit\u00e0 air zoom su avampiede e tallone per un&#8217;andatura reattiva. Esclusivo battistrada in gomma con motivo waffle che dona trazione e flessibilit\u00e0. Morbida linguetta sul collare e sottopiede che offrono una sensazione di stabilit\u00e0 e comfort. La nuova schiuma reactx nell&#8217;intersuola offre una reattivit\u00e0 superiore del 13% rispetto alla tecnologia react precedente. Pensata per le prestazioni e per il pianeta, la schiuma reactx \u00e8 progettata per ridurre l&#8217;impatto ambientale di un paio di intersuole di almeno il 43%, poich\u00e9 l&#8217;energia utilizzata nel processo di produzione \u00e8 inferiore rispetto a quella impiegata per la realizzazione della precedente schiuma react. L&#8217;impatto ambientale di reactx si basa su una valutazione della cradle-to-gate analizzata da pr\u00e9 sustainability b.v. e intertek china. Altri componenti dell&#8217;intersuola, come unit\u00e0 air, piatti suola o altre formulazioni di schiuma, non sono stati presi in considerazione.<\/p>\n","protected":false},"featured_media":89761,"comment_status":"open","ping_status":"closed","template":"","meta":[],"product_brand":[],"product_cat":[382,392],"product_tag":[],"class_list":{"0":"post-89760","1":"product","2":"type-product","3":"status-publish","4":"has-post-thumbnail","6":"product_cat-uomo","7":"product_cat-scarpe-da-uomo","10":"first","11":"instock","12":"shipping-taxable","13":"purchasable","14":"product-type-variable"},"_links":{"self":[{"href":"https:\/\/juxtare.store\/it\/wp-json\/wp\/v2\/product\/89760","targetHints":{"allow":["GET"]}}],"collection":[{"href":"https:\/\/juxtare.store\/it\/wp-json\/wp\/v2\/product"}],"about":[{"href":"https:\/\/juxtare.store\/it\/wp-json\/wp\/v2\/types\/product"}],"replies":[{"embeddable":true,"href":"https:\/\/juxtare.store\/it\/wp-json\/wp\/v2\/comments?post=89760"}],"wp:featuredmedia":[{"embeddable":true,"href":"https:\/\/juxtare.store\/it\/wp-json\/wp\/v2\/media\/89761"}],"wp:attachment":[{"href":"https:\/\/juxtare.store\/it\/wp-json\/wp\/v2\/media?parent=89760"}],"wp:term":[{"taxonomy":"product_brand","embeddable":true,"href":"https:\/\/juxtare.store\/it\/wp-json\/wp\/v2\/product_brand?post=89760"},{"taxonomy":"product_cat","embeddable":true,"href":"https:\/\/juxtare.store\/it\/wp-json\/wp\/v2\/product_cat?post=89760"},{"taxonomy":"product_tag","embeddable":true,"href":"https:\/\/juxtare.store\/it\/wp-json\/wp\/v2\/product_tag?post=89760"}],"curies":[{"name":"wp","href":"https:\/\/api.w.org\/{rel}","templated":true}]}}