{"id":89734,"date":"2025-04-04T07:43:24","date_gmt":"2025-04-04T05:43:24","guid":{"rendered":"https:\/\/juxtare.store\/?post_type=product&#038;p=89734"},"modified":"2025-04-04T18:29:25","modified_gmt":"2025-04-04T16:29:25","slug":"nike-jr-mercurial-vapor-16-club-mg-fq8286-800","status":"publish","type":"product","link":"https:\/\/juxtare.store\/it\/prodotto\/nike-jr-mercurial-vapor-16-club-mg-fq8286-800\/","title":{"rendered":"Nike jr. mercurial vapor 16 club mg fq8286-800"},"content":{"rendered":"<p>Se sei agli inizi o giochi solo per divertirti, la scarpa Nike club ti consente di dare il massimo in campo senza rinunciare alla qualit\u00e0. Nike jr. vapor 16 pu\u00f2 aiutarti a far vedere tutta la tua velocit\u00e0 e mettere la palla in fondo alla rete. Inoltre la tomaia in pelle sintetica offre aderenza per i dribbling ad alta velocit\u00e0. \u00c8 ora di sfrecciare in campo! La tomaia in pelle sintetica presenta piccoli dettagli testurizzati che offrono aderenza per un controllo di palla migliore durante i dribbling ad alta velocit\u00e0. I piatti suola in plastica con i tacchetti sagomati sono studiati per i campi in erba naturale e in erba artificiale. \u00c8 versatile per gli atleti che devono spostarsi tra una superficie all&#8217;altra. La fodera confortevole avvolge il piede per una calzata naturale e aderente.<\/p>\n","protected":false},"excerpt":{"rendered":"<p>Se sei agli inizi o giochi solo per divertirti, la scarpa Nike club ti consente di dare il massimo in campo senza rinunciare alla qualit\u00e0. Nike jr. vapor 16 pu\u00f2 aiutarti a far vedere tutta la tua velocit\u00e0 e mettere la palla in fondo alla rete. Inoltre la tomaia in pelle sintetica offre aderenza per i dribbling ad alta velocit\u00e0. \u00c8 ora di sfrecciare in campo! La tomaia in pelle sintetica presenta piccoli dettagli testurizzati che offrono aderenza per un controllo di palla migliore durante i dribbling ad alta velocit\u00e0. I piatti suola in plastica con i tacchetti sagomati sono studiati per i campi in erba naturale e in erba artificiale. \u00c8 versatile per gli atleti che devono spostarsi tra una superficie all&#8217;altra. La fodera confortevole avvolge il piede per una calzata naturale e aderente.<\/p>\n","protected":false},"featured_media":89735,"comment_status":"open","ping_status":"closed","template":"","meta":[],"product_brand":[],"product_cat":[400,616],"product_tag":[],"class_list":{"0":"post-89734","1":"product","2":"type-product","3":"status-publish","4":"has-post-thumbnail","6":"product_cat-sport-it","7":"product_cat-scarpe-da-calcio","10":"first","11":"instock","12":"shipping-taxable","13":"purchasable","14":"product-type-variable"},"_links":{"self":[{"href":"https:\/\/juxtare.store\/it\/wp-json\/wp\/v2\/product\/89734","targetHints":{"allow":["GET"]}}],"collection":[{"href":"https:\/\/juxtare.store\/it\/wp-json\/wp\/v2\/product"}],"about":[{"href":"https:\/\/juxtare.store\/it\/wp-json\/wp\/v2\/types\/product"}],"replies":[{"embeddable":true,"href":"https:\/\/juxtare.store\/it\/wp-json\/wp\/v2\/comments?post=89734"}],"wp:featuredmedia":[{"embeddable":true,"href":"https:\/\/juxtare.store\/it\/wp-json\/wp\/v2\/media\/89735"}],"wp:attachment":[{"href":"https:\/\/juxtare.store\/it\/wp-json\/wp\/v2\/media?parent=89734"}],"wp:term":[{"taxonomy":"product_brand","embeddable":true,"href":"https:\/\/juxtare.store\/it\/wp-json\/wp\/v2\/product_brand?post=89734"},{"taxonomy":"product_cat","embeddable":true,"href":"https:\/\/juxtare.store\/it\/wp-json\/wp\/v2\/product_cat?post=89734"},{"taxonomy":"product_tag","embeddable":true,"href":"https:\/\/juxtare.store\/it\/wp-json\/wp\/v2\/product_tag?post=89734"}],"curies":[{"name":"wp","href":"https:\/\/api.w.org\/{rel}","templated":true}]}}