{"id":89575,"date":"2025-04-04T08:37:12","date_gmt":"2025-04-04T06:37:12","guid":{"rendered":"https:\/\/juxtare.store\/?post_type=product&#038;p=89575"},"modified":"2025-04-26T07:47:01","modified_gmt":"2025-04-26T05:47:01","slug":"ciabata-nike-victori-one-cz7836-100","status":"publish","type":"product","link":"https:\/\/juxtare.store\/it\/prodotto\/ciabata-nike-victori-one-cz7836-100\/","title":{"rendered":"Ciabatta Nike victori one cz7836-100"},"content":{"rendered":"<p>Comfort rilassato, dalla doccia al divertimento, ciabatta da doccia. L&#8217;allenamento \u00e8 concluso, ora \u00e8 il momento di fare la doccia prima di uscire a divertirti. Con Nike victori one hai tutto il necessario. Il design versatile e monopezzo in schiuma \u00e8 morbidissimo e confortevole, mentre i motivi di trazione sulla suola sono l&#8217;ideale per le superfici bagnate, in pi\u00f9 si asciugano rapidamente, cos\u00ec puoi passare direttamente dalla doccia alla festa! Nuova schiuma pi\u00f9 morbida per un&#8217;ammortizzazione incredibile e un comfort che dura a lungo. Suola interna sagomata, che avvolge e sostiene il piede, con motivo antiscivolo che lo mantiene in posizione. Fascetta dotata di un comodo risvolto sull&#8217;estremit\u00e0 superiore e una spessa imbottitura per una sensazione di morbidezza. Nuovo design della fascetta con pi\u00f9 spazio per adattarsi a diverse misure. La suola presenta un nuovo motivo che offre una maggiore trazione, mentre gli inserti traforati aggiungono traspirabilit\u00e0 e lasciano defluire pi\u00f9 facilmente l&#8217;acqua quando indossi le ciabatte nella doccia. Swoosh testurizzato sulla fascetta, colore bianco.<\/p>\n","protected":false},"excerpt":{"rendered":"<p>Comfort rilassato, dalla doccia al divertimento, ciabatta da doccia. L&#8217;allenamento \u00e8 concluso, ora \u00e8 il momento di fare la doccia prima di uscire a divertirti. Con Nike victori one hai tutto il necessario. Il design versatile e monopezzo in schiuma \u00e8 morbidissimo e confortevole, mentre i motivi di trazione sulla suola sono l&#8217;ideale per le superfici bagnate, in pi\u00f9 si asciugano rapidamente, cos\u00ec puoi passare direttamente dalla doccia alla festa! Nuova schiuma pi\u00f9 morbida per un&#8217;ammortizzazione incredibile e un comfort che dura a lungo. Suola interna sagomata, che avvolge e sostiene il piede, con motivo antiscivolo che lo mantiene in posizione. Fascetta dotata di un comodo risvolto sull&#8217;estremit\u00e0 superiore e una spessa imbottitura per una sensazione di morbidezza. Nuovo design della fascetta con pi\u00f9 spazio per adattarsi a diverse misure. La suola presenta un nuovo motivo che offre una maggiore trazione, mentre gli inserti traforati aggiungono traspirabilit\u00e0 e lasciano defluire pi\u00f9 facilmente l&#8217;acqua quando indossi le ciabatte nella doccia. Swoosh testurizzato sulla fascetta, colore bianco.<\/p>\n","protected":false},"featured_media":89576,"comment_status":"open","ping_status":"closed","template":"","meta":[],"product_brand":[],"product_cat":[412,425],"product_tag":[],"class_list":{"0":"post-89575","1":"product","2":"type-product","3":"status-publish","4":"has-post-thumbnail","6":"product_cat-donna","7":"product_cat-pantofole-da-donna","10":"first","11":"instock","12":"shipping-taxable","13":"purchasable","14":"product-type-variable"},"_links":{"self":[{"href":"https:\/\/juxtare.store\/it\/wp-json\/wp\/v2\/product\/89575","targetHints":{"allow":["GET"]}}],"collection":[{"href":"https:\/\/juxtare.store\/it\/wp-json\/wp\/v2\/product"}],"about":[{"href":"https:\/\/juxtare.store\/it\/wp-json\/wp\/v2\/types\/product"}],"replies":[{"embeddable":true,"href":"https:\/\/juxtare.store\/it\/wp-json\/wp\/v2\/comments?post=89575"}],"wp:featuredmedia":[{"embeddable":true,"href":"https:\/\/juxtare.store\/it\/wp-json\/wp\/v2\/media\/89576"}],"wp:attachment":[{"href":"https:\/\/juxtare.store\/it\/wp-json\/wp\/v2\/media?parent=89575"}],"wp:term":[{"taxonomy":"product_brand","embeddable":true,"href":"https:\/\/juxtare.store\/it\/wp-json\/wp\/v2\/product_brand?post=89575"},{"taxonomy":"product_cat","embeddable":true,"href":"https:\/\/juxtare.store\/it\/wp-json\/wp\/v2\/product_cat?post=89575"},{"taxonomy":"product_tag","embeddable":true,"href":"https:\/\/juxtare.store\/it\/wp-json\/wp\/v2\/product_tag?post=89575"}],"curies":[{"name":"wp","href":"https:\/\/api.w.org\/{rel}","templated":true}]}}