{"id":87640,"date":"2025-03-01T06:24:05","date_gmt":"2025-03-01T05:24:05","guid":{"rendered":"https:\/\/juxtare.store\/?post_type=product&#038;p=87640"},"modified":"2025-03-05T11:51:03","modified_gmt":"2025-03-05T10:51:03","slug":"pantalone-entrada22-adidas-hc0335","status":"publish","type":"product","link":"https:\/\/juxtare.store\/it\/prodotto\/pantalone-entrada22-adidas-hc0335\/","title":{"rendered":"Pantalone entrada22 Adidas hc0335"},"content":{"rendered":"<p>Allenati come le professioniste, rilassati con stile. Questi pantaloni da calcio Adidas sono realizzati in tessuto antiumidit\u00e0 aeroready per aiutarti a mantenere la pelle asciutta e affrontare al meglio qualsiasi sfida dentro e fuori dal campo. Il girovita regolabile con cordino assicura una vestibilit\u00e0 stabile, mentre le zip alle caviglie consentono di indossare e sfilare il capo con semplicit\u00e0. Questo prodotto contiene il 100% di materiali riciclati ed \u00e8 solo una delle nostre soluzioni per la lotta contro l&#8217;inquinamento causato dai rifiuti plastici.<\/p>\n","protected":false},"excerpt":{"rendered":"<p>Allenati come le professioniste, rilassati con stile. Questi pantaloni da calcio Adidas sono realizzati in tessuto antiumidit\u00e0 aeroready per aiutarti a mantenere la pelle asciutta e affrontare al meglio qualsiasi sfida dentro e fuori dal campo. Il girovita regolabile con cordino assicura una vestibilit\u00e0 stabile, mentre le zip alle caviglie consentono di indossare e sfilare il capo con semplicit\u00e0. Questo prodotto contiene il 100% di materiali riciclati ed \u00e8 solo una delle nostre soluzioni per la lotta contro l&#8217;inquinamento causato dai rifiuti plastici.<\/p>\n","protected":false},"featured_media":87641,"comment_status":"open","ping_status":"closed","template":"","meta":[],"product_brand":[],"product_cat":[412,429],"product_tag":[],"class_list":{"0":"post-87640","1":"product","2":"type-product","3":"status-publish","4":"has-post-thumbnail","6":"product_cat-donna","7":"product_cat-tute-da-donna","10":"first","11":"instock","12":"shipping-taxable","13":"purchasable","14":"product-type-variable"},"_links":{"self":[{"href":"https:\/\/juxtare.store\/it\/wp-json\/wp\/v2\/product\/87640","targetHints":{"allow":["GET"]}}],"collection":[{"href":"https:\/\/juxtare.store\/it\/wp-json\/wp\/v2\/product"}],"about":[{"href":"https:\/\/juxtare.store\/it\/wp-json\/wp\/v2\/types\/product"}],"replies":[{"embeddable":true,"href":"https:\/\/juxtare.store\/it\/wp-json\/wp\/v2\/comments?post=87640"}],"wp:featuredmedia":[{"embeddable":true,"href":"https:\/\/juxtare.store\/it\/wp-json\/wp\/v2\/media\/87641"}],"wp:attachment":[{"href":"https:\/\/juxtare.store\/it\/wp-json\/wp\/v2\/media?parent=87640"}],"wp:term":[{"taxonomy":"product_brand","embeddable":true,"href":"https:\/\/juxtare.store\/it\/wp-json\/wp\/v2\/product_brand?post=87640"},{"taxonomy":"product_cat","embeddable":true,"href":"https:\/\/juxtare.store\/it\/wp-json\/wp\/v2\/product_cat?post=87640"},{"taxonomy":"product_tag","embeddable":true,"href":"https:\/\/juxtare.store\/it\/wp-json\/wp\/v2\/product_tag?post=87640"}],"curies":[{"name":"wp","href":"https:\/\/api.w.org\/{rel}","templated":true}]}}