{"id":86698,"date":"2025-02-13T06:25:30","date_gmt":"2025-02-13T05:25:30","guid":{"rendered":"https:\/\/juxtare.store\/?post_type=product&#038;p=86698"},"modified":"2025-02-21T10:54:01","modified_gmt":"2025-02-21T09:54:01","slug":"nike-mercurial-superfly-10-club-tf-fq8317-800","status":"publish","type":"product","link":"https:\/\/juxtare.store\/it\/prodotto\/nike-mercurial-superfly-10-club-tf-fq8317-800\/","title":{"rendered":"Nike mercurial superfly 10 club tf fq8317-800"},"content":{"rendered":"<p>Scarpa da calcio Nike a taglio alto tf, se sei agli inizi o giochi solo per divertirti, la scarpa club ti permette di dare il massimo in campo senza rinunciare alla qualit\u00e0. Superfly 10 \u00e8 progettata per la velocit\u00e0. Velocit\u00e0, tocco e comfort in un&#8217;unica scarpa? \u00c8 il momento di fare goal con i tuoi obiettivi. Tocco perfetto, la tomaia sintetica e sagomata presenta un motivo testurizzato per un migliore controllo di palla durante i dribbling ad alta velocit\u00e0. Trazione e affidabilit\u00e0, il battistrada in gomma offre un&#8217;ottima trazione sulle superfici in erba sintetica. Fit sicuro, la calzata di superfly 9 \u00e8 la stessa. Il risultato \u00e8 un design che si adatta alla forma del piede, lo abbiamo ottenuto svolgendo diversi test su centinaia di atleti. Il risultato \u00e8 una punta pi\u00f9 sagomata e un maggiore supporto sul tallone. Il collare dynamic fit avvolge la caviglia in un morbido tessuto elasticizzato per una calzata stabile. Ideale su superfici sintetiche pi\u00f9 corte, suola interna ammortizzata.<\/p>\n","protected":false},"excerpt":{"rendered":"<p>Scarpa da calcio Nike a taglio alto tf, se sei agli inizi o giochi solo per divertirti, la scarpa club ti permette di dare il massimo in campo senza rinunciare alla qualit\u00e0. Superfly 10 \u00e8 progettata per la velocit\u00e0. Velocit\u00e0, tocco e comfort in un&#8217;unica scarpa? \u00c8 il momento di fare goal con i tuoi obiettivi. Tocco perfetto, la tomaia sintetica e sagomata presenta un motivo testurizzato per un migliore controllo di palla durante i dribbling ad alta velocit\u00e0. Trazione e affidabilit\u00e0, il battistrada in gomma offre un&#8217;ottima trazione sulle superfici in erba sintetica. Fit sicuro, la calzata di superfly 9 \u00e8 la stessa. Il risultato \u00e8 un design che si adatta alla forma del piede, lo abbiamo ottenuto svolgendo diversi test su centinaia di atleti. Il risultato \u00e8 una punta pi\u00f9 sagomata e un maggiore supporto sul tallone. Il collare dynamic fit avvolge la caviglia in un morbido tessuto elasticizzato per una calzata stabile. Ideale su superfici sintetiche pi\u00f9 corte, suola interna ammortizzata.<\/p>\n","protected":false},"featured_media":86699,"comment_status":"open","ping_status":"closed","template":"","meta":[],"product_brand":[],"product_cat":[400,616],"product_tag":[],"class_list":{"0":"post-86698","1":"product","2":"type-product","3":"status-publish","4":"has-post-thumbnail","6":"product_cat-sport-it","7":"product_cat-scarpe-da-calcio","10":"first","11":"instock","12":"shipping-taxable","13":"purchasable","14":"product-type-variable"},"_links":{"self":[{"href":"https:\/\/juxtare.store\/it\/wp-json\/wp\/v2\/product\/86698","targetHints":{"allow":["GET"]}}],"collection":[{"href":"https:\/\/juxtare.store\/it\/wp-json\/wp\/v2\/product"}],"about":[{"href":"https:\/\/juxtare.store\/it\/wp-json\/wp\/v2\/types\/product"}],"replies":[{"embeddable":true,"href":"https:\/\/juxtare.store\/it\/wp-json\/wp\/v2\/comments?post=86698"}],"wp:featuredmedia":[{"embeddable":true,"href":"https:\/\/juxtare.store\/it\/wp-json\/wp\/v2\/media\/86699"}],"wp:attachment":[{"href":"https:\/\/juxtare.store\/it\/wp-json\/wp\/v2\/media?parent=86698"}],"wp:term":[{"taxonomy":"product_brand","embeddable":true,"href":"https:\/\/juxtare.store\/it\/wp-json\/wp\/v2\/product_brand?post=86698"},{"taxonomy":"product_cat","embeddable":true,"href":"https:\/\/juxtare.store\/it\/wp-json\/wp\/v2\/product_cat?post=86698"},{"taxonomy":"product_tag","embeddable":true,"href":"https:\/\/juxtare.store\/it\/wp-json\/wp\/v2\/product_tag?post=86698"}],"curies":[{"name":"wp","href":"https:\/\/api.w.org\/{rel}","templated":true}]}}