{"id":86406,"date":"2025-02-13T06:39:17","date_gmt":"2025-02-13T05:39:17","guid":{"rendered":"https:\/\/juxtare.store\/?post_type=product&#038;p=86406"},"modified":"2025-02-20T11:34:54","modified_gmt":"2025-02-20T10:34:54","slug":"felpa-girocollo-swoosh-singolo-nike-dx1361-410","status":"publish","type":"product","link":"https:\/\/juxtare.store\/it\/prodotto\/felpa-girocollo-swoosh-singolo-nike-dx1361-410\/","title":{"rendered":"Felpa girocollo swoosh singolo Nike dx1361-410"},"content":{"rendered":"<p>Celebra la potenza e la semplicit\u00e0 dello swoosh. Questa calda maglia Nike girocollo in pile \u00e8 realizzata con un po&#8217; di spazio extra su spalle, petto e corpo per un comfort semplice e uno stile rilassato e nostalgico. Le aperture elastiche a coste aiutano a tenere la maglia girocollo in posizione quando ti muovi e sigillano il calore corporeo quando il clima si raffredda. Il nostro pile spazzolato di peso medio ci ricorda la nostra coperta pelosa preferita. Super morbido e accogliente, con una vestibilit\u00e0 leggermente strutturata, \u00e8 un capo perfetto da indossare all&#8217;interno o all&#8217;esterno. Le spalle scese e la vestibilit\u00e0 ampia permettono di muoverti liberamente e di indossare pi\u00f9 strati con facilit\u00e0. Le coste spesse ed elastiche su colletto, polsini e orlo aiutano a trattenere il calore e a migliorare la finitura. Dettagli del prodotto: swoosh ricamato sul petto sinistro, corpo 84-85% cotone\/15-16% poliestere. Costine 98% cotone\/2% spandex. La percentuale di materiale pu\u00f2 variare, controllare l&#8217;etichetta per il contenuto effettivo. Lavare in lavatrice. Importato, stile dx1361-410.<\/p>\n","protected":false},"excerpt":{"rendered":"<p>Celebra la potenza e la semplicit\u00e0 dello swoosh. Questa calda maglia Nike girocollo in pile \u00e8 realizzata con un po&#8217; di spazio extra su spalle, petto e corpo per un comfort semplice e uno stile rilassato e nostalgico. Le aperture elastiche a coste aiutano a tenere la maglia girocollo in posizione quando ti muovi e sigillano il calore corporeo quando il clima si raffredda. Il nostro pile spazzolato di peso medio ci ricorda la nostra coperta pelosa preferita. Super morbido e accogliente, con una vestibilit\u00e0 leggermente strutturata, \u00e8 un capo perfetto da indossare all&#8217;interno o all&#8217;esterno. Le spalle scese e la vestibilit\u00e0 ampia permettono di muoverti liberamente e di indossare pi\u00f9 strati con facilit\u00e0. Le coste spesse ed elastiche su colletto, polsini e orlo aiutano a trattenere il calore e a migliorare la finitura. Dettagli del prodotto: swoosh ricamato sul petto sinistro, corpo 84-85% cotone\/15-16% poliestere. Costine 98% cotone\/2% spandex. La percentuale di materiale pu\u00f2 variare, controllare l&#8217;etichetta per il contenuto effettivo. Lavare in lavatrice. Importato, stile dx1361-410.<\/p>\n","protected":false},"featured_media":86407,"comment_status":"open","ping_status":"closed","template":"","meta":[],"product_brand":[],"product_cat":[382,388],"product_tag":[],"class_list":{"0":"post-86406","1":"product","2":"type-product","3":"status-publish","4":"has-post-thumbnail","6":"product_cat-uomo","7":"product_cat-felpe-da-uomo","10":"first","11":"instock","12":"shipping-taxable","13":"purchasable","14":"product-type-variable"},"_links":{"self":[{"href":"https:\/\/juxtare.store\/it\/wp-json\/wp\/v2\/product\/86406","targetHints":{"allow":["GET"]}}],"collection":[{"href":"https:\/\/juxtare.store\/it\/wp-json\/wp\/v2\/product"}],"about":[{"href":"https:\/\/juxtare.store\/it\/wp-json\/wp\/v2\/types\/product"}],"replies":[{"embeddable":true,"href":"https:\/\/juxtare.store\/it\/wp-json\/wp\/v2\/comments?post=86406"}],"wp:featuredmedia":[{"embeddable":true,"href":"https:\/\/juxtare.store\/it\/wp-json\/wp\/v2\/media\/86407"}],"wp:attachment":[{"href":"https:\/\/juxtare.store\/it\/wp-json\/wp\/v2\/media?parent=86406"}],"wp:term":[{"taxonomy":"product_brand","embeddable":true,"href":"https:\/\/juxtare.store\/it\/wp-json\/wp\/v2\/product_brand?post=86406"},{"taxonomy":"product_cat","embeddable":true,"href":"https:\/\/juxtare.store\/it\/wp-json\/wp\/v2\/product_cat?post=86406"},{"taxonomy":"product_tag","embeddable":true,"href":"https:\/\/juxtare.store\/it\/wp-json\/wp\/v2\/product_tag?post=86406"}],"curies":[{"name":"wp","href":"https:\/\/api.w.org\/{rel}","templated":true}]}}