{"id":86345,"date":"2025-02-20T06:28:13","date_gmt":"2025-02-20T05:28:13","guid":{"rendered":"https:\/\/juxtare.store\/?post_type=product&#038;p=86345"},"modified":"2025-02-20T10:46:51","modified_gmt":"2025-02-20T09:46:51","slug":"completino-da-calcio-bambino-nike-liverpool-23-24-dx2804-688","status":"publish","type":"product","link":"https:\/\/juxtare.store\/it\/prodotto\/completino-da-calcio-bambino-nike-liverpool-23-24-dx2804-688\/","title":{"rendered":"Completino da calcio bambino Nike Liverpool 23\/24 dx2804-688"},"content":{"rendered":"<p>Kit Nike Liverpool 23\/24 little kids dri-fit home. Rendi entusiasta il tuo bambino per la stagione 2023\/24 della premier league con il kit Nike little kids Liverpool fc 23\/24 home dri-fit in gym red\/white, un kit del Liverpool in formato ridotto che aiuta i bambini a mostrare il loro sostegno alla squadra. Con un mini kit completo incluso, il tuo bambino pu\u00f2 essere al centro dell&#8217;attenzione e vestirsi come Mohamed Salah, Darwin Nunez e Virgil Van Dijk e il resto dei loro eroi del Liverpool. La classica base completamente rossa si combina con pulite finiture bianche per creare un look senza tempo che evoca il kit del 1973\/74, indossato da Emlyn Hughes, Phil Thompson e Kevin Keegan quando il club vinse la Fa cup sotto la guida del leggendario Bill Shankly. Gli stemmi dei liverbird mostrano la loro passione per i reds di Klopp. La tecnologia dri-fit di Nike allontana il sudore dalla pelle per mantenerli asciutti e comodi, ideale per giocare in giardino. I materiali ad asciugatura rapida rendono il lavaggio meno complicato, quindi la vita \u00e8 un po&#8217; pi\u00f9 facile per i genitori. Questo capo \u00e8 appositamente progettato per i bambini pi\u00f9 piccoli all&#8217;inizio del loro percorso da fan, di et\u00e0 compresa tra i 3 e i 7 anni.<\/p>\n","protected":false},"excerpt":{"rendered":"<p>Kit Nike Liverpool 23\/24 little kids dri-fit home. Rendi entusiasta il tuo bambino per la stagione 2023\/24 della premier league con il kit Nike little kids Liverpool fc 23\/24 home dri-fit in gym red\/white, un kit del Liverpool in formato ridotto che aiuta i bambini a mostrare il loro sostegno alla squadra. Con un mini kit completo incluso, il tuo bambino pu\u00f2 essere al centro dell&#8217;attenzione e vestirsi come Mohamed Salah, Darwin Nunez e Virgil Van Dijk e il resto dei loro eroi del Liverpool. La classica base completamente rossa si combina con pulite finiture bianche per creare un look senza tempo che evoca il kit del 1973\/74, indossato da Emlyn Hughes, Phil Thompson e Kevin Keegan quando il club vinse la Fa cup sotto la guida del leggendario Bill Shankly. Gli stemmi dei liverbird mostrano la loro passione per i reds di Klopp. La tecnologia dri-fit di Nike allontana il sudore dalla pelle per mantenerli asciutti e comodi, ideale per giocare in giardino. I materiali ad asciugatura rapida rendono il lavaggio meno complicato, quindi la vita \u00e8 un po&#8217; pi\u00f9 facile per i genitori. Questo capo \u00e8 appositamente progettato per i bambini pi\u00f9 piccoli all&#8217;inizio del loro percorso da fan, di et\u00e0 compresa tra i 3 e i 7 anni.<\/p>\n","protected":false},"featured_media":86346,"comment_status":"open","ping_status":"closed","template":"","meta":[],"product_brand":[],"product_cat":[400,402],"product_tag":[],"class_list":{"0":"post-86345","1":"product","2":"type-product","3":"status-publish","4":"has-post-thumbnail","6":"product_cat-sport-it","7":"product_cat-kit-da-calcio","10":"first","11":"instock","12":"shipping-taxable","13":"purchasable","14":"product-type-variable"},"_links":{"self":[{"href":"https:\/\/juxtare.store\/it\/wp-json\/wp\/v2\/product\/86345","targetHints":{"allow":["GET"]}}],"collection":[{"href":"https:\/\/juxtare.store\/it\/wp-json\/wp\/v2\/product"}],"about":[{"href":"https:\/\/juxtare.store\/it\/wp-json\/wp\/v2\/types\/product"}],"replies":[{"embeddable":true,"href":"https:\/\/juxtare.store\/it\/wp-json\/wp\/v2\/comments?post=86345"}],"wp:featuredmedia":[{"embeddable":true,"href":"https:\/\/juxtare.store\/it\/wp-json\/wp\/v2\/media\/86346"}],"wp:attachment":[{"href":"https:\/\/juxtare.store\/it\/wp-json\/wp\/v2\/media?parent=86345"}],"wp:term":[{"taxonomy":"product_brand","embeddable":true,"href":"https:\/\/juxtare.store\/it\/wp-json\/wp\/v2\/product_brand?post=86345"},{"taxonomy":"product_cat","embeddable":true,"href":"https:\/\/juxtare.store\/it\/wp-json\/wp\/v2\/product_cat?post=86345"},{"taxonomy":"product_tag","embeddable":true,"href":"https:\/\/juxtare.store\/it\/wp-json\/wp\/v2\/product_tag?post=86345"}],"curies":[{"name":"wp","href":"https:\/\/api.w.org\/{rel}","templated":true}]}}