{"id":86228,"date":"2025-02-13T06:41:39","date_gmt":"2025-02-13T05:41:39","guid":{"rendered":"https:\/\/juxtare.store\/?post_type=product&#038;p=86228"},"modified":"2025-02-19T13:29:11","modified_gmt":"2025-02-19T12:29:11","slug":"t-shirt-nike-da-calcio-dv9750-451","status":"publish","type":"product","link":"https:\/\/juxtare.store\/it\/prodotto\/t-shirt-nike-da-calcio-dv9750-451\/","title":{"rendered":"T-shirt Nike da calcio dv9750-451"},"content":{"rendered":"<p>Nike dri-fit academy maglia calcio da uomo semplice, traspirante, morbida e confortevole. Un capo indispensabile per l&#8217;allenamento di tutti i giorni. Inoltre il mesh traspirante sul retro contribuisce a mantenere la pelle fresca. La tecnologia Nike dri-fit allontana il sudore per favorirne una rapida evaporazione e mantenere la pelle asciutta per un comfort eccellente. Il morbido tessuto in maglia \u00e8 elasticizzato per garantire la massima libert\u00e0 di movimento. Il mesh su schiena, spalle e pannelli laterali offre freschezza e traspirabilit\u00e0. Logo swoosh ricamato.<\/p>\n","protected":false},"excerpt":{"rendered":"<p>Nike dri-fit academy maglia calcio da uomo semplice, traspirante, morbida e confortevole. Un capo indispensabile per l&#8217;allenamento di tutti i giorni. Inoltre il mesh traspirante sul retro contribuisce a mantenere la pelle fresca. La tecnologia Nike dri-fit allontana il sudore per favorirne una rapida evaporazione e mantenere la pelle asciutta per un comfort eccellente. Il morbido tessuto in maglia \u00e8 elasticizzato per garantire la massima libert\u00e0 di movimento. Il mesh su schiena, spalle e pannelli laterali offre freschezza e traspirabilit\u00e0. Logo swoosh ricamato.<\/p>\n","protected":false},"featured_media":86229,"comment_status":"open","ping_status":"closed","template":"","meta":[],"product_brand":[],"product_cat":[638],"product_tag":[],"class_list":{"0":"post-86228","1":"product","2":"type-product","3":"status-publish","4":"has-post-thumbnail","6":"product_cat-uncategorized-it","9":"first","10":"instock","11":"shipping-taxable","12":"purchasable","13":"product-type-variable"},"_links":{"self":[{"href":"https:\/\/juxtare.store\/it\/wp-json\/wp\/v2\/product\/86228","targetHints":{"allow":["GET"]}}],"collection":[{"href":"https:\/\/juxtare.store\/it\/wp-json\/wp\/v2\/product"}],"about":[{"href":"https:\/\/juxtare.store\/it\/wp-json\/wp\/v2\/types\/product"}],"replies":[{"embeddable":true,"href":"https:\/\/juxtare.store\/it\/wp-json\/wp\/v2\/comments?post=86228"}],"wp:featuredmedia":[{"embeddable":true,"href":"https:\/\/juxtare.store\/it\/wp-json\/wp\/v2\/media\/86229"}],"wp:attachment":[{"href":"https:\/\/juxtare.store\/it\/wp-json\/wp\/v2\/media?parent=86228"}],"wp:term":[{"taxonomy":"product_brand","embeddable":true,"href":"https:\/\/juxtare.store\/it\/wp-json\/wp\/v2\/product_brand?post=86228"},{"taxonomy":"product_cat","embeddable":true,"href":"https:\/\/juxtare.store\/it\/wp-json\/wp\/v2\/product_cat?post=86228"},{"taxonomy":"product_tag","embeddable":true,"href":"https:\/\/juxtare.store\/it\/wp-json\/wp\/v2\/product_tag?post=86228"}],"curies":[{"name":"wp","href":"https:\/\/api.w.org\/{rel}","templated":true}]}}