{"id":85889,"date":"2025-02-19T06:42:57","date_gmt":"2025-02-19T05:42:57","guid":{"rendered":"https:\/\/juxtare.store\/?post_type=product&#038;p=85889"},"modified":"2025-02-19T10:38:55","modified_gmt":"2025-02-19T09:38:55","slug":"nike-jr-mercurial-superfly-10-club-mg-fq8318-800","status":"publish","type":"product","link":"https:\/\/juxtare.store\/it\/prodotto\/nike-jr-mercurial-superfly-10-club-mg-fq8318-800\/","title":{"rendered":"Nike jr. mercurial superfly 10 club mg fq8318-800"},"content":{"rendered":"<p>Scarpa da calcio a taglio alto mg \u2013 bambino\/a e ragazzo\/a. Se sei agli inizi o giochi solo per divertirti, la scarpa club ti consente di dare il massimo in campo senza rinunciare alla qualit\u00e0. Nike jr. superfly 10 pu\u00f2 aiutarti a mettere in mostra la tua velocit\u00e0 e mettere la palla in rete. Inoltre la tomaia in pelle sintetica offre aderenza per i dribbling ad alta velocit\u00e0. \u00c8 ora di sfrecciare in campo! Morbida al tatto, la tomaia in pelle sintetica presenta piccoli dettagli testurizzati che offrono aderenza per un controllo di palla migliore durante i dribbling ad alta velocit\u00e0. Trazione veloce, i piatti suola in plastica con i tacchetti sagomati sono studiati per i campi in erba naturale e in erba artificiale. \u00c8 versatile per gli atleti che devono spostarsi tra una superficie all&#8217;altra. Fit pratico, la fodera confortevole avvolge il piede per una calzata naturale e aderente. Lacci classici, ideale su superfici naturali e sintetiche, suola interna ammortizzata.<\/p>\n","protected":false},"excerpt":{"rendered":"<p>Scarpa da calcio a taglio alto mg \u2013 bambino\/a e ragazzo\/a. Se sei agli inizi o giochi solo per divertirti, la scarpa club ti consente di dare il massimo in campo senza rinunciare alla qualit\u00e0. Nike jr. superfly 10 pu\u00f2 aiutarti a mettere in mostra la tua velocit\u00e0 e mettere la palla in rete. Inoltre la tomaia in pelle sintetica offre aderenza per i dribbling ad alta velocit\u00e0. \u00c8 ora di sfrecciare in campo! Morbida al tatto, la tomaia in pelle sintetica presenta piccoli dettagli testurizzati che offrono aderenza per un controllo di palla migliore durante i dribbling ad alta velocit\u00e0. Trazione veloce, i piatti suola in plastica con i tacchetti sagomati sono studiati per i campi in erba naturale e in erba artificiale. \u00c8 versatile per gli atleti che devono spostarsi tra una superficie all&#8217;altra. Fit pratico, la fodera confortevole avvolge il piede per una calzata naturale e aderente. Lacci classici, ideale su superfici naturali e sintetiche, suola interna ammortizzata.<\/p>\n","protected":false},"featured_media":85890,"comment_status":"open","ping_status":"closed","template":"","meta":[],"product_brand":[],"product_cat":[400,616],"product_tag":[],"class_list":{"0":"post-85889","1":"product","2":"type-product","3":"status-publish","4":"has-post-thumbnail","6":"product_cat-sport-it","7":"product_cat-scarpe-da-calcio","10":"first","11":"instock","12":"shipping-taxable","13":"purchasable","14":"product-type-variable"},"_links":{"self":[{"href":"https:\/\/juxtare.store\/it\/wp-json\/wp\/v2\/product\/85889","targetHints":{"allow":["GET"]}}],"collection":[{"href":"https:\/\/juxtare.store\/it\/wp-json\/wp\/v2\/product"}],"about":[{"href":"https:\/\/juxtare.store\/it\/wp-json\/wp\/v2\/types\/product"}],"replies":[{"embeddable":true,"href":"https:\/\/juxtare.store\/it\/wp-json\/wp\/v2\/comments?post=85889"}],"wp:featuredmedia":[{"embeddable":true,"href":"https:\/\/juxtare.store\/it\/wp-json\/wp\/v2\/media\/85890"}],"wp:attachment":[{"href":"https:\/\/juxtare.store\/it\/wp-json\/wp\/v2\/media?parent=85889"}],"wp:term":[{"taxonomy":"product_brand","embeddable":true,"href":"https:\/\/juxtare.store\/it\/wp-json\/wp\/v2\/product_brand?post=85889"},{"taxonomy":"product_cat","embeddable":true,"href":"https:\/\/juxtare.store\/it\/wp-json\/wp\/v2\/product_cat?post=85889"},{"taxonomy":"product_tag","embeddable":true,"href":"https:\/\/juxtare.store\/it\/wp-json\/wp\/v2\/product_tag?post=85889"}],"curies":[{"name":"wp","href":"https:\/\/api.w.org\/{rel}","templated":true}]}}