{"id":85509,"date":"2025-02-18T06:30:22","date_gmt":"2025-02-18T05:30:22","guid":{"rendered":"https:\/\/juxtare.store\/?post_type=product&#038;p=85509"},"modified":"2025-02-18T11:34:28","modified_gmt":"2025-02-18T10:34:28","slug":"felpa-girocollo-nike-sportswear-phoenix-dq5761-133","status":"publish","type":"product","link":"https:\/\/juxtare.store\/it\/prodotto\/felpa-girocollo-nike-sportswear-phoenix-dq5761-133\/","title":{"rendered":"Felpa girocollo Nike sportswear phoenix dq5761-133"},"content":{"rendered":"<p>Basato su stile, comfort e versatilit\u00e0, ecco la nostra interpretazione del loungewear di lusso. La nostra vestibilit\u00e0 pi\u00f9 ampia abbinata a dettagli esagerati (come la tasca oversize e le coste pi\u00f9 alte) assicura che questa felpa Nike sia tutt&#8217;altro che basica. Tutto ci\u00f2 che resta da decidere \u00e8 se abbinarla agli shorts coordinati o ad altri capi del tuo guardaroba.<\/p>\n","protected":false},"excerpt":{"rendered":"<p>Basato su stile, comfort e versatilit\u00e0, ecco la nostra interpretazione del loungewear di lusso. La nostra vestibilit\u00e0 pi\u00f9 ampia abbinata a dettagli esagerati (come la tasca oversize e le coste pi\u00f9 alte) assicura che questa felpa Nike sia tutt&#8217;altro che basica. Tutto ci\u00f2 che resta da decidere \u00e8 se abbinarla agli shorts coordinati o ad altri capi del tuo guardaroba.<\/p>\n","protected":false},"featured_media":85510,"comment_status":"open","ping_status":"closed","template":"","meta":[],"product_brand":[],"product_cat":[412,417],"product_tag":[],"class_list":{"0":"post-85509","1":"product","2":"type-product","3":"status-publish","4":"has-post-thumbnail","6":"product_cat-donna","7":"product_cat-felpe-da-donna","10":"first","11":"instock","12":"shipping-taxable","13":"purchasable","14":"product-type-variable"},"_links":{"self":[{"href":"https:\/\/juxtare.store\/it\/wp-json\/wp\/v2\/product\/85509","targetHints":{"allow":["GET"]}}],"collection":[{"href":"https:\/\/juxtare.store\/it\/wp-json\/wp\/v2\/product"}],"about":[{"href":"https:\/\/juxtare.store\/it\/wp-json\/wp\/v2\/types\/product"}],"replies":[{"embeddable":true,"href":"https:\/\/juxtare.store\/it\/wp-json\/wp\/v2\/comments?post=85509"}],"wp:featuredmedia":[{"embeddable":true,"href":"https:\/\/juxtare.store\/it\/wp-json\/wp\/v2\/media\/85510"}],"wp:attachment":[{"href":"https:\/\/juxtare.store\/it\/wp-json\/wp\/v2\/media?parent=85509"}],"wp:term":[{"taxonomy":"product_brand","embeddable":true,"href":"https:\/\/juxtare.store\/it\/wp-json\/wp\/v2\/product_brand?post=85509"},{"taxonomy":"product_cat","embeddable":true,"href":"https:\/\/juxtare.store\/it\/wp-json\/wp\/v2\/product_cat?post=85509"},{"taxonomy":"product_tag","embeddable":true,"href":"https:\/\/juxtare.store\/it\/wp-json\/wp\/v2\/product_tag?post=85509"}],"curies":[{"name":"wp","href":"https:\/\/api.w.org\/{rel}","templated":true}]}}