{"id":85109,"date":"2025-02-14T06:28:05","date_gmt":"2025-02-14T05:28:05","guid":{"rendered":"https:\/\/juxtare.store\/?post_type=product&#038;p=85109"},"modified":"2025-02-17T13:44:14","modified_gmt":"2025-02-17T12:44:14","slug":"completini-da-calcio-nike-england-2024-2025-stadium-away-fj1590-573","status":"publish","type":"product","link":"https:\/\/juxtare.store\/it\/prodotto\/completini-da-calcio-nike-england-2024-2025-stadium-away-fj1590-573\/","title":{"rendered":"Completini da calcio Nike England 2024\/2025 stadium away fj1590-573"},"content":{"rendered":"<p>Realizzato in tessuto leggero e traspirante, aiuta a mantenere i giovani atleti comodi mentre sfrecciano, corrono o giocano. Il tessuto leggero allontana il sudore dalla pelle dei pi\u00f9 piccoli per una rapida evaporazione, aiutandoli a rimanere asciutti e comodi. Il tessuto in maglia traspirante \u00e8 morbido e liscio. Il design replica conferisce a questo kit Nike dettagli ispirati a ci\u00f2 che indossa la squadra. Dettagli del prodotto: elastico in vita sui pantaloncini. Maglietta\/pantaloncini 100% poliestere. Calzini 59% poliestere, 37% nylon, 4% elastan. Le percentuali dei materiali possono variare. Controllare l&#8217;etichetta per il contenuto effettivo. Colore dark raisin\/sesame. Stile fj1590-573.<\/p>\n","protected":false},"excerpt":{"rendered":"<p>Realizzato in tessuto leggero e traspirante, aiuta a mantenere i giovani atleti comodi mentre sfrecciano, corrono o giocano. Il tessuto leggero allontana il sudore dalla pelle dei pi\u00f9 piccoli per una rapida evaporazione, aiutandoli a rimanere asciutti e comodi. Il tessuto in maglia traspirante \u00e8 morbido e liscio. Il design replica conferisce a questo kit Nike dettagli ispirati a ci\u00f2 che indossa la squadra. Dettagli del prodotto: elastico in vita sui pantaloncini. Maglietta\/pantaloncini 100% poliestere. Calzini 59% poliestere, 37% nylon, 4% elastan. Le percentuali dei materiali possono variare. Controllare l&#8217;etichetta per il contenuto effettivo. Colore dark raisin\/sesame. Stile fj1590-573.<\/p>\n","protected":false},"featured_media":85110,"comment_status":"open","ping_status":"closed","template":"","meta":[],"product_brand":[],"product_cat":[400,402],"product_tag":[],"class_list":{"0":"post-85109","1":"product","2":"type-product","3":"status-publish","4":"has-post-thumbnail","6":"product_cat-sport-it","7":"product_cat-kit-da-calcio","10":"first","11":"instock","12":"shipping-taxable","13":"purchasable","14":"product-type-variable"},"_links":{"self":[{"href":"https:\/\/juxtare.store\/it\/wp-json\/wp\/v2\/product\/85109","targetHints":{"allow":["GET"]}}],"collection":[{"href":"https:\/\/juxtare.store\/it\/wp-json\/wp\/v2\/product"}],"about":[{"href":"https:\/\/juxtare.store\/it\/wp-json\/wp\/v2\/types\/product"}],"replies":[{"embeddable":true,"href":"https:\/\/juxtare.store\/it\/wp-json\/wp\/v2\/comments?post=85109"}],"wp:featuredmedia":[{"embeddable":true,"href":"https:\/\/juxtare.store\/it\/wp-json\/wp\/v2\/media\/85110"}],"wp:attachment":[{"href":"https:\/\/juxtare.store\/it\/wp-json\/wp\/v2\/media?parent=85109"}],"wp:term":[{"taxonomy":"product_brand","embeddable":true,"href":"https:\/\/juxtare.store\/it\/wp-json\/wp\/v2\/product_brand?post=85109"},{"taxonomy":"product_cat","embeddable":true,"href":"https:\/\/juxtare.store\/it\/wp-json\/wp\/v2\/product_cat?post=85109"},{"taxonomy":"product_tag","embeddable":true,"href":"https:\/\/juxtare.store\/it\/wp-json\/wp\/v2\/product_tag?post=85109"}],"curies":[{"name":"wp","href":"https:\/\/api.w.org\/{rel}","templated":true}]}}