{"id":85037,"date":"2025-02-16T06:22:23","date_gmt":"2025-02-16T05:22:23","guid":{"rendered":"https:\/\/juxtare.store\/?post_type=product&#038;p=85037"},"modified":"2025-02-17T13:01:23","modified_gmt":"2025-02-17T12:01:23","slug":"nike-jr-mercurial-vapor-16-club-tf-fq8287-800","status":"publish","type":"product","link":"https:\/\/juxtare.store\/it\/prodotto\/nike-jr-mercurial-vapor-16-club-tf-fq8287-800\/","title":{"rendered":"Nike jr. mercurial vapor 16 club tf fq8287-800"},"content":{"rendered":"<p>Scarpa da calcio Nike a taglio basso tf \u2013 bambini\/ragazzo\/a. Se sei agli inizi o giochi solo per divertirti, la scarpa club ti permette di dare il massimo in campo senza rinunciare alla qualit\u00e0. Nike jr. vapor 16 pu\u00f2 aiutarti a far vedere tutta la tua velocit\u00e0 e mettere la palla in fondo alla rete. Inoltre la tomaia in pelle sintetica offre aderenza per i dribbling ad alta velocit\u00e0. \u00c8 ora di sfrecciare in campo! Morbida al tatto, la tomaia in pelle sintetica presenta piccoli dettagli testurizzati che offrono aderenza per un controllo di palla migliore durante i dribbling ad alta velocit\u00e0. Trazione veloce, suola in gomma resistente per una trazione maggiore su superfici in erba sintetica. Fit pratico, la fodera confortevole avvolge il piede per una calzata naturale e aderente. Lacci classici, ideale su superfici sintetiche pi\u00f9 corte, suola interna ammortizzata.<\/p>\n","protected":false},"excerpt":{"rendered":"<p>Scarpa da calcio Nike a taglio basso tf \u2013 bambini\/ragazzo\/a. Se sei agli inizi o giochi solo per divertirti, la scarpa club ti permette di dare il massimo in campo senza rinunciare alla qualit\u00e0. Nike jr. vapor 16 pu\u00f2 aiutarti a far vedere tutta la tua velocit\u00e0 e mettere la palla in fondo alla rete. Inoltre la tomaia in pelle sintetica offre aderenza per i dribbling ad alta velocit\u00e0. \u00c8 ora di sfrecciare in campo! Morbida al tatto, la tomaia in pelle sintetica presenta piccoli dettagli testurizzati che offrono aderenza per un controllo di palla migliore durante i dribbling ad alta velocit\u00e0. Trazione veloce, suola in gomma resistente per una trazione maggiore su superfici in erba sintetica. Fit pratico, la fodera confortevole avvolge il piede per una calzata naturale e aderente. Lacci classici, ideale su superfici sintetiche pi\u00f9 corte, suola interna ammortizzata.<\/p>\n","protected":false},"featured_media":85038,"comment_status":"open","ping_status":"closed","template":"","meta":[],"product_brand":[],"product_cat":[400,616],"product_tag":[],"class_list":{"0":"post-85037","1":"product","2":"type-product","3":"status-publish","4":"has-post-thumbnail","6":"product_cat-sport-it","7":"product_cat-scarpe-da-calcio","10":"first","11":"instock","12":"shipping-taxable","13":"purchasable","14":"product-type-variable"},"_links":{"self":[{"href":"https:\/\/juxtare.store\/it\/wp-json\/wp\/v2\/product\/85037","targetHints":{"allow":["GET"]}}],"collection":[{"href":"https:\/\/juxtare.store\/it\/wp-json\/wp\/v2\/product"}],"about":[{"href":"https:\/\/juxtare.store\/it\/wp-json\/wp\/v2\/types\/product"}],"replies":[{"embeddable":true,"href":"https:\/\/juxtare.store\/it\/wp-json\/wp\/v2\/comments?post=85037"}],"wp:featuredmedia":[{"embeddable":true,"href":"https:\/\/juxtare.store\/it\/wp-json\/wp\/v2\/media\/85038"}],"wp:attachment":[{"href":"https:\/\/juxtare.store\/it\/wp-json\/wp\/v2\/media?parent=85037"}],"wp:term":[{"taxonomy":"product_brand","embeddable":true,"href":"https:\/\/juxtare.store\/it\/wp-json\/wp\/v2\/product_brand?post=85037"},{"taxonomy":"product_cat","embeddable":true,"href":"https:\/\/juxtare.store\/it\/wp-json\/wp\/v2\/product_cat?post=85037"},{"taxonomy":"product_tag","embeddable":true,"href":"https:\/\/juxtare.store\/it\/wp-json\/wp\/v2\/product_tag?post=85037"}],"curies":[{"name":"wp","href":"https:\/\/api.w.org\/{rel}","templated":true}]}}