{"id":84782,"date":"2025-02-16T06:33:11","date_gmt":"2025-02-16T05:33:11","guid":{"rendered":"https:\/\/juxtare.store\/?post_type=product&#038;p=84782"},"modified":"2025-02-17T11:28:44","modified_gmt":"2025-02-17T10:28:44","slug":"nike-mercurial-vapor-16-academy-mg-fq8374-800","status":"publish","type":"product","link":"https:\/\/juxtare.store\/it\/prodotto\/nike-mercurial-vapor-16-academy-mg-fq8374-800\/","title":{"rendered":"Nike mercurial vapor 16 academy mg fq8374-800"},"content":{"rendered":"<p>Scarpa da calcio Nike a taglio basso mg, vuoi migliorare la tua velocit\u00e0? Abbiamo realizzato questa scarpa academy con un&#8217;unit\u00e0 air zoom migliorata nel tallone per offrirti la sensazione propulsiva necessaria per superare qualsiasi retrovia. Il risultato \u00e8 la mercurial pi\u00f9 reattiva mai realizzata, per darti la possibilit\u00e0 di dettare il ritmo per tutta la partita. Tocco migliorato, la tomaia \u00e8 realizzata in nikeskin con motivo a V integrato per un controllo di palla ideale e un&#8217;autentica sensazione barefoot. Trazione veloce, la struttura di trazione con motivo a onde \u00e8 formata da una serie di tacchetti a cascata, che coinvolge una superficie maggiore dell&#8217;unit\u00e0 air zoom per un&#8217;aderenza sempre ideale. Il tacchetto pi\u00f9 grande ha la stessa altezza dei nostri tradizionali tacchetti medi, quindi la trazione non \u00e8 compromessa. Abbiamo abbinato la trazione a onde con lamelle e tacchetti con motivo a V evoluti per aiutare a fermarti in un attimo durante i cambi di direzione fulminei. Fit aderente, abbiamo aggiornato il mesh elasticizzato rispetto alla generazione precedente con una maglia adattabile che offre flessibilit\u00e0, supporto e avvicina il piede al pallone. Ideale su superfici naturali e sintetiche. Suola interna ammortizzata.<\/p>\n","protected":false},"excerpt":{"rendered":"<p>Scarpa da calcio Nike a taglio basso mg, vuoi migliorare la tua velocit\u00e0? Abbiamo realizzato questa scarpa academy con un&#8217;unit\u00e0 air zoom migliorata nel tallone per offrirti la sensazione propulsiva necessaria per superare qualsiasi retrovia. Il risultato \u00e8 la mercurial pi\u00f9 reattiva mai realizzata, per darti la possibilit\u00e0 di dettare il ritmo per tutta la partita. Tocco migliorato, la tomaia \u00e8 realizzata in nikeskin con motivo a V integrato per un controllo di palla ideale e un&#8217;autentica sensazione barefoot. Trazione veloce, la struttura di trazione con motivo a onde \u00e8 formata da una serie di tacchetti a cascata, che coinvolge una superficie maggiore dell&#8217;unit\u00e0 air zoom per un&#8217;aderenza sempre ideale. Il tacchetto pi\u00f9 grande ha la stessa altezza dei nostri tradizionali tacchetti medi, quindi la trazione non \u00e8 compromessa. Abbiamo abbinato la trazione a onde con lamelle e tacchetti con motivo a V evoluti per aiutare a fermarti in un attimo durante i cambi di direzione fulminei. Fit aderente, abbiamo aggiornato il mesh elasticizzato rispetto alla generazione precedente con una maglia adattabile che offre flessibilit\u00e0, supporto e avvicina il piede al pallone. Ideale su superfici naturali e sintetiche. Suola interna ammortizzata.<\/p>\n","protected":false},"featured_media":84783,"comment_status":"open","ping_status":"closed","template":"","meta":[],"product_brand":[],"product_cat":[400,616],"product_tag":[],"class_list":{"0":"post-84782","1":"product","2":"type-product","3":"status-publish","4":"has-post-thumbnail","6":"product_cat-sport-it","7":"product_cat-scarpe-da-calcio","10":"first","11":"instock","12":"shipping-taxable","13":"purchasable","14":"product-type-variable"},"_links":{"self":[{"href":"https:\/\/juxtare.store\/it\/wp-json\/wp\/v2\/product\/84782","targetHints":{"allow":["GET"]}}],"collection":[{"href":"https:\/\/juxtare.store\/it\/wp-json\/wp\/v2\/product"}],"about":[{"href":"https:\/\/juxtare.store\/it\/wp-json\/wp\/v2\/types\/product"}],"replies":[{"embeddable":true,"href":"https:\/\/juxtare.store\/it\/wp-json\/wp\/v2\/comments?post=84782"}],"wp:featuredmedia":[{"embeddable":true,"href":"https:\/\/juxtare.store\/it\/wp-json\/wp\/v2\/media\/84783"}],"wp:attachment":[{"href":"https:\/\/juxtare.store\/it\/wp-json\/wp\/v2\/media?parent=84782"}],"wp:term":[{"taxonomy":"product_brand","embeddable":true,"href":"https:\/\/juxtare.store\/it\/wp-json\/wp\/v2\/product_brand?post=84782"},{"taxonomy":"product_cat","embeddable":true,"href":"https:\/\/juxtare.store\/it\/wp-json\/wp\/v2\/product_cat?post=84782"},{"taxonomy":"product_tag","embeddable":true,"href":"https:\/\/juxtare.store\/it\/wp-json\/wp\/v2\/product_tag?post=84782"}],"curies":[{"name":"wp","href":"https:\/\/api.w.org\/{rel}","templated":true}]}}