{"id":81399,"date":"2024-10-01T07:23:24","date_gmt":"2024-10-01T05:23:24","guid":{"rendered":"https:\/\/juxtare.store\/?post_type=product&#038;p=81399"},"modified":"2025-01-28T13:43:31","modified_gmt":"2025-01-28T12:43:31","slug":"pantalone-adidas-tiro24-ij7657","status":"publish","type":"product","link":"https:\/\/juxtare.store\/it\/prodotto\/pantalone-adidas-tiro24-ij7657\/","title":{"rendered":"Pantalone Adidas tiro24 ij7657"},"content":{"rendered":"<p>Indossali per andare in palestra o per ricaricare le pile dopo ore sul campo da gioco. Questi pantaloni da allenamento Adidas tiro 24 sono realizzati in morbido tessuto felpato e presentano orli a coste per un comfort imbattibile. Le tasche con zip ti permettono di custodire gli oggetti importanti, cos\u00ec puoi concentrarti solo sul tuo relax. Il cotone di questo prodotto \u00e8 stato reperito tramite better cotton. La filiera del cotone \u00e8 complessa, quindi viene utilizzato il cosiddetto bilancio di massa per la tracciabilit\u00e0 dei volumi. Questo \u00e8 un sistema che consente di sostituire o miscelare better cotton con cotone convenzionale a condizione che volumi equivalenti provengano da better cotton.<\/p>\n","protected":false},"excerpt":{"rendered":"<p>Indossali per andare in palestra o per ricaricare le pile dopo ore sul campo da gioco. Questi pantaloni da allenamento Adidas tiro 24 sono realizzati in morbido tessuto felpato e presentano orli a coste per un comfort imbattibile. Le tasche con zip ti permettono di custodire gli oggetti importanti, cos\u00ec puoi concentrarti solo sul tuo relax. Il cotone di questo prodotto \u00e8 stato reperito tramite better cotton. La filiera del cotone \u00e8 complessa, quindi viene utilizzato il cosiddetto bilancio di massa per la tracciabilit\u00e0 dei volumi. Questo \u00e8 un sistema che consente di sostituire o miscelare better cotton con cotone convenzionale a condizione che volumi equivalenti provengano da better cotton.<\/p>\n","protected":false},"featured_media":81400,"comment_status":"open","ping_status":"closed","template":"","meta":[],"product_brand":[],"product_cat":[412,429],"product_tag":[],"class_list":{"0":"post-81399","1":"product","2":"type-product","3":"status-publish","4":"has-post-thumbnail","6":"product_cat-donna","7":"product_cat-tute-da-donna","10":"first","11":"instock","12":"shipping-taxable","13":"purchasable","14":"product-type-variable"},"_links":{"self":[{"href":"https:\/\/juxtare.store\/it\/wp-json\/wp\/v2\/product\/81399","targetHints":{"allow":["GET"]}}],"collection":[{"href":"https:\/\/juxtare.store\/it\/wp-json\/wp\/v2\/product"}],"about":[{"href":"https:\/\/juxtare.store\/it\/wp-json\/wp\/v2\/types\/product"}],"replies":[{"embeddable":true,"href":"https:\/\/juxtare.store\/it\/wp-json\/wp\/v2\/comments?post=81399"}],"wp:featuredmedia":[{"embeddable":true,"href":"https:\/\/juxtare.store\/it\/wp-json\/wp\/v2\/media\/81400"}],"wp:attachment":[{"href":"https:\/\/juxtare.store\/it\/wp-json\/wp\/v2\/media?parent=81399"}],"wp:term":[{"taxonomy":"product_brand","embeddable":true,"href":"https:\/\/juxtare.store\/it\/wp-json\/wp\/v2\/product_brand?post=81399"},{"taxonomy":"product_cat","embeddable":true,"href":"https:\/\/juxtare.store\/it\/wp-json\/wp\/v2\/product_cat?post=81399"},{"taxonomy":"product_tag","embeddable":true,"href":"https:\/\/juxtare.store\/it\/wp-json\/wp\/v2\/product_tag?post=81399"}],"curies":[{"name":"wp","href":"https:\/\/api.w.org\/{rel}","templated":true}]}}