{"id":81268,"date":"2025-01-05T06:20:56","date_gmt":"2025-01-05T05:20:56","guid":{"rendered":"https:\/\/juxtare.store\/?post_type=product&#038;p=81268"},"modified":"2025-01-27T13:53:32","modified_gmt":"2025-01-27T12:53:32","slug":"pallone-da-calcio-puma-orbita-6ms-084335-05","status":"publish","type":"product","link":"https:\/\/juxtare.store\/it\/prodotto\/pallone-da-calcio-puma-orbita-6ms-084335-05\/","title":{"rendered":"Pallone da calcio Puma orbita 6ms 084335-05"},"content":{"rendered":"<p>In breve, il pallone puma orbita 6 ms \u00e8 una scelta obbligata per gli appassionati di calcio. Con la sua qualit\u00e0 superiore, il design elegante e le prestazioni sul campo, \u00e8 il compagno ideale per tutte le vostre partite e sessioni di allenamento. Aggiungetelo subito al vostro kit da calcio e preparatevi a segnare gol spettacolari!<\/p>\n","protected":false},"excerpt":{"rendered":"<p>In breve, il pallone puma orbita 6 ms \u00e8 una scelta obbligata per gli appassionati di calcio. Con la sua qualit\u00e0 superiore, il design elegante e le prestazioni sul campo, \u00e8 il compagno ideale per tutte le vostre partite e sessioni di allenamento. Aggiungetelo subito al vostro kit da calcio e preparatevi a segnare gol spettacolari!<\/p>\n","protected":false},"featured_media":81269,"comment_status":"open","ping_status":"closed","template":"","meta":[],"product_brand":[],"product_cat":[363,367],"product_tag":[],"class_list":{"0":"post-81268","1":"product","2":"type-product","3":"status-publish","4":"has-post-thumbnail","6":"product_cat-accessori","7":"product_cat-palloni-da-calcio","10":"first","11":"instock","12":"shipping-taxable","13":"purchasable","14":"product-type-variable"},"_links":{"self":[{"href":"https:\/\/juxtare.store\/it\/wp-json\/wp\/v2\/product\/81268","targetHints":{"allow":["GET"]}}],"collection":[{"href":"https:\/\/juxtare.store\/it\/wp-json\/wp\/v2\/product"}],"about":[{"href":"https:\/\/juxtare.store\/it\/wp-json\/wp\/v2\/types\/product"}],"replies":[{"embeddable":true,"href":"https:\/\/juxtare.store\/it\/wp-json\/wp\/v2\/comments?post=81268"}],"wp:featuredmedia":[{"embeddable":true,"href":"https:\/\/juxtare.store\/it\/wp-json\/wp\/v2\/media\/81269"}],"wp:attachment":[{"href":"https:\/\/juxtare.store\/it\/wp-json\/wp\/v2\/media?parent=81268"}],"wp:term":[{"taxonomy":"product_brand","embeddable":true,"href":"https:\/\/juxtare.store\/it\/wp-json\/wp\/v2\/product_brand?post=81268"},{"taxonomy":"product_cat","embeddable":true,"href":"https:\/\/juxtare.store\/it\/wp-json\/wp\/v2\/product_cat?post=81268"},{"taxonomy":"product_tag","embeddable":true,"href":"https:\/\/juxtare.store\/it\/wp-json\/wp\/v2\/product_tag?post=81268"}],"curies":[{"name":"wp","href":"https:\/\/api.w.org\/{rel}","templated":true}]}}