{"id":81167,"date":"2025-01-17T06:22:23","date_gmt":"2025-01-17T05:22:23","guid":{"rendered":"https:\/\/juxtare.store\/?post_type=product&#038;p=81167"},"modified":"2025-01-27T13:16:33","modified_gmt":"2025-01-27T12:16:33","slug":"nike-jr-superfly-10-academy-mercurial-dream-speed-fz1606-300","status":"publish","type":"product","link":"https:\/\/juxtare.store\/it\/prodotto\/nike-jr-superfly-10-academy-mercurial-dream-speed-fz1606-300\/","title":{"rendered":"Nike jr. superfly 10 academy mercurial dream speed fz1606-300"},"content":{"rendered":"<p>Scarpe Nike jr. superfly 10. La tomaia \u00e8 realizzata in nikeskin con chevron incorporati, che aiutano a fornire controllo della palla e ti danno davvero la sensazione di giocare a calcio a piedi nudi. Trazione rapida, il modello di trazione a forma di onda \u00e8 una serie di tacchetti a cascata, quindi coinvolge una maggiore superficie dell&#8217;unit\u00e0 air zoom, offrendo al contempo la giusta quantit\u00e0 di aderenza. Calzata aderente, le linguette di trazione e un cinturino si combinano per un design che elimina la necessit\u00e0 di lacci e ti aiuta a scendere in campo rapidamente. Abbiamo aggiornato la maglia elastica della generazione precedente con una maglia adattabile che offre flessibilit\u00e0, fornisce supporto e ti avvicina alla palla. Un collare dynamic fit avvolge la caviglia in un tessuto morbido ed elastico per una sensazione di sicurezza. Adatte all&#8217;uso su superfici pi\u00f9 lunghe in erba sintetica. Soletta ammortizzata.<\/p>\n","protected":false},"excerpt":{"rendered":"<p>Scarpe Nike jr. superfly 10. La tomaia \u00e8 realizzata in nikeskin con chevron incorporati, che aiutano a fornire controllo della palla e ti danno davvero la sensazione di giocare a calcio a piedi nudi. Trazione rapida, il modello di trazione a forma di onda \u00e8 una serie di tacchetti a cascata, quindi coinvolge una maggiore superficie dell&#8217;unit\u00e0 air zoom, offrendo al contempo la giusta quantit\u00e0 di aderenza. Calzata aderente, le linguette di trazione e un cinturino si combinano per un design che elimina la necessit\u00e0 di lacci e ti aiuta a scendere in campo rapidamente. Abbiamo aggiornato la maglia elastica della generazione precedente con una maglia adattabile che offre flessibilit\u00e0, fornisce supporto e ti avvicina alla palla. Un collare dynamic fit avvolge la caviglia in un tessuto morbido ed elastico per una sensazione di sicurezza. Adatte all&#8217;uso su superfici pi\u00f9 lunghe in erba sintetica. Soletta ammortizzata.<\/p>\n","protected":false},"featured_media":81168,"comment_status":"open","ping_status":"closed","template":"","meta":[],"product_brand":[],"product_cat":[400,616],"product_tag":[],"class_list":{"0":"post-81167","1":"product","2":"type-product","3":"status-publish","4":"has-post-thumbnail","6":"product_cat-sport-it","7":"product_cat-scarpe-da-calcio","10":"first","11":"instock","12":"shipping-taxable","13":"purchasable","14":"product-type-variable"},"_links":{"self":[{"href":"https:\/\/juxtare.store\/it\/wp-json\/wp\/v2\/product\/81167","targetHints":{"allow":["GET"]}}],"collection":[{"href":"https:\/\/juxtare.store\/it\/wp-json\/wp\/v2\/product"}],"about":[{"href":"https:\/\/juxtare.store\/it\/wp-json\/wp\/v2\/types\/product"}],"replies":[{"embeddable":true,"href":"https:\/\/juxtare.store\/it\/wp-json\/wp\/v2\/comments?post=81167"}],"wp:featuredmedia":[{"embeddable":true,"href":"https:\/\/juxtare.store\/it\/wp-json\/wp\/v2\/media\/81168"}],"wp:attachment":[{"href":"https:\/\/juxtare.store\/it\/wp-json\/wp\/v2\/media?parent=81167"}],"wp:term":[{"taxonomy":"product_brand","embeddable":true,"href":"https:\/\/juxtare.store\/it\/wp-json\/wp\/v2\/product_brand?post=81167"},{"taxonomy":"product_cat","embeddable":true,"href":"https:\/\/juxtare.store\/it\/wp-json\/wp\/v2\/product_cat?post=81167"},{"taxonomy":"product_tag","embeddable":true,"href":"https:\/\/juxtare.store\/it\/wp-json\/wp\/v2\/product_tag?post=81167"}],"curies":[{"name":"wp","href":"https:\/\/api.w.org\/{rel}","templated":true}]}}