{"id":81133,"date":"2025-01-17T06:24:09","date_gmt":"2025-01-17T05:24:09","guid":{"rendered":"https:\/\/juxtare.store\/?post_type=product&#038;p=81133"},"modified":"2025-01-27T13:10:35","modified_gmt":"2025-01-27T12:10:35","slug":"nike-phantom-gx-2-academy-fj2549-400","status":"publish","type":"product","link":"https:\/\/juxtare.store\/it\/prodotto\/nike-phantom-gx-2-academy-fj2549-400\/","title":{"rendered":"Nike phantom gx 2 academy fj2549-400"},"content":{"rendered":"<p>Vuoi migliorare le tue performance? Qualunque sia il tuo ruolo in campo (e fuori), con phantom gx 2 academy sei sempre in vantaggio. Tutto il resto dipende da te. Creata pensando ai gol e ai tuoi obiettivi, \u00e8 dotata di tecnologia nikeskin che copre la superficie di battuta, mentre la trazione Nike cyclone 360 accompagna il movimento quando ti affidi alla tua agilit\u00e0. Questa versione integra la trazione anti-clog sul piatto suola per evitare gli accumuli di fango. Sensibilit\u00e0 amplificata. Abbiamo ampliato la zona di tocco nikeskin rispetto alla versione precedente, cos\u00ec il piede si avvicina al pallone per un migliore controllo durante i dribbling e i passaggi su superfici asciutte o bagnate. Copre la superficie di battuta della scarpa, che si estende dal lato dell&#8217;alluce attraverso i lacci fino al mignolo, consentendo un tocco pulito e una migliore sensibilit\u00e0 sulla palla. Trazione rapida, il motivo di trazione Nike cyclone 360 consente di eseguire movimenti rapidi (migliorando l&#8217;agilit\u00e0 nei cambi di direzione) e sicuri (riduce la trazione rotazionale) per scatti fulminei e una sicurezza che diventa essenziale quando la partita entra nel vivo. Fit confortevole, la tomaia morbida offre un comfort costante dal calcio d&#8217;inizio all&#8217;ultimo minuto. Ideale su campi bagnati e fangosi, suola interna ammortizzata.<\/p>\n","protected":false},"excerpt":{"rendered":"<p>Vuoi migliorare le tue performance? Qualunque sia il tuo ruolo in campo (e fuori), con phantom gx 2 academy sei sempre in vantaggio. Tutto il resto dipende da te. Creata pensando ai gol e ai tuoi obiettivi, \u00e8 dotata di tecnologia nikeskin che copre la superficie di battuta, mentre la trazione Nike cyclone 360 accompagna il movimento quando ti affidi alla tua agilit\u00e0. Questa versione integra la trazione anti-clog sul piatto suola per evitare gli accumuli di fango. Sensibilit\u00e0 amplificata. Abbiamo ampliato la zona di tocco nikeskin rispetto alla versione precedente, cos\u00ec il piede si avvicina al pallone per un migliore controllo durante i dribbling e i passaggi su superfici asciutte o bagnate. Copre la superficie di battuta della scarpa, che si estende dal lato dell&#8217;alluce attraverso i lacci fino al mignolo, consentendo un tocco pulito e una migliore sensibilit\u00e0 sulla palla. Trazione rapida, il motivo di trazione Nike cyclone 360 consente di eseguire movimenti rapidi (migliorando l&#8217;agilit\u00e0 nei cambi di direzione) e sicuri (riduce la trazione rotazionale) per scatti fulminei e una sicurezza che diventa essenziale quando la partita entra nel vivo. Fit confortevole, la tomaia morbida offre un comfort costante dal calcio d&#8217;inizio all&#8217;ultimo minuto. Ideale su campi bagnati e fangosi, suola interna ammortizzata.<\/p>\n","protected":false},"featured_media":81134,"comment_status":"open","ping_status":"closed","template":"","meta":[],"product_brand":[],"product_cat":[400,616],"product_tag":[],"class_list":{"0":"post-81133","1":"product","2":"type-product","3":"status-publish","4":"has-post-thumbnail","6":"product_cat-sport-it","7":"product_cat-scarpe-da-calcio","10":"first","11":"instock","12":"shipping-taxable","13":"purchasable","14":"product-type-variable"},"_links":{"self":[{"href":"https:\/\/juxtare.store\/it\/wp-json\/wp\/v2\/product\/81133","targetHints":{"allow":["GET"]}}],"collection":[{"href":"https:\/\/juxtare.store\/it\/wp-json\/wp\/v2\/product"}],"about":[{"href":"https:\/\/juxtare.store\/it\/wp-json\/wp\/v2\/types\/product"}],"replies":[{"embeddable":true,"href":"https:\/\/juxtare.store\/it\/wp-json\/wp\/v2\/comments?post=81133"}],"wp:featuredmedia":[{"embeddable":true,"href":"https:\/\/juxtare.store\/it\/wp-json\/wp\/v2\/media\/81134"}],"wp:attachment":[{"href":"https:\/\/juxtare.store\/it\/wp-json\/wp\/v2\/media?parent=81133"}],"wp:term":[{"taxonomy":"product_brand","embeddable":true,"href":"https:\/\/juxtare.store\/it\/wp-json\/wp\/v2\/product_brand?post=81133"},{"taxonomy":"product_cat","embeddable":true,"href":"https:\/\/juxtare.store\/it\/wp-json\/wp\/v2\/product_cat?post=81133"},{"taxonomy":"product_tag","embeddable":true,"href":"https:\/\/juxtare.store\/it\/wp-json\/wp\/v2\/product_tag?post=81133"}],"curies":[{"name":"wp","href":"https:\/\/api.w.org\/{rel}","templated":true}]}}