{"id":81073,"date":"2025-01-23T06:27:28","date_gmt":"2025-01-23T05:27:28","guid":{"rendered":"https:\/\/juxtare.store\/?post_type=product&#038;p=81073"},"modified":"2025-01-27T12:13:13","modified_gmt":"2025-01-27T11:13:13","slug":"t-shirt-adidas-tiro23-hu1295","status":"publish","type":"product","link":"https:\/\/juxtare.store\/it\/prodotto\/t-shirt-adidas-tiro23-hu1295\/","title":{"rendered":"T-shirt Adidas tiro23 hu1295"},"content":{"rendered":"<p>Prima di dominare in campo, devi sentirti a tuo agio nei tuoi panni. Questa maglia da calcio Adidas \u00e8 realizzata in tessuto elasticizzato per assicurarti una vestibilit\u00e0 aderente e movimenti naturali. Gli inserti bicolore in mesh sui lati migliorano la traspirabilit\u00e0. La tecnologia antiumidit\u00e0 aeroready ti aiuta a mantenere la pelle asciutta dal primo all&#8217;ultimo minuto di gioco. Realizzato integralmente con materiali riciclati, questo prodotto \u00e8 solo una delle nostre azioni concrete per contrastare l&#8217;inquinamento causato dai rifiuti plastici.<\/p>\n","protected":false},"excerpt":{"rendered":"<p>Prima di dominare in campo, devi sentirti a tuo agio nei tuoi panni. Questa maglia da calcio Adidas \u00e8 realizzata in tessuto elasticizzato per assicurarti una vestibilit\u00e0 aderente e movimenti naturali. Gli inserti bicolore in mesh sui lati migliorano la traspirabilit\u00e0. La tecnologia antiumidit\u00e0 aeroready ti aiuta a mantenere la pelle asciutta dal primo all&#8217;ultimo minuto di gioco. Realizzato integralmente con materiali riciclati, questo prodotto \u00e8 solo una delle nostre azioni concrete per contrastare l&#8217;inquinamento causato dai rifiuti plastici.<\/p>\n","protected":false},"featured_media":81074,"comment_status":"open","ping_status":"closed","template":"","meta":[],"product_brand":[],"product_cat":[638],"product_tag":[],"class_list":{"0":"post-81073","1":"product","2":"type-product","3":"status-publish","4":"has-post-thumbnail","6":"product_cat-uncategorized-it","9":"first","10":"instock","11":"shipping-taxable","12":"purchasable","13":"product-type-variable"},"_links":{"self":[{"href":"https:\/\/juxtare.store\/it\/wp-json\/wp\/v2\/product\/81073","targetHints":{"allow":["GET"]}}],"collection":[{"href":"https:\/\/juxtare.store\/it\/wp-json\/wp\/v2\/product"}],"about":[{"href":"https:\/\/juxtare.store\/it\/wp-json\/wp\/v2\/types\/product"}],"replies":[{"embeddable":true,"href":"https:\/\/juxtare.store\/it\/wp-json\/wp\/v2\/comments?post=81073"}],"wp:featuredmedia":[{"embeddable":true,"href":"https:\/\/juxtare.store\/it\/wp-json\/wp\/v2\/media\/81074"}],"wp:attachment":[{"href":"https:\/\/juxtare.store\/it\/wp-json\/wp\/v2\/media?parent=81073"}],"wp:term":[{"taxonomy":"product_brand","embeddable":true,"href":"https:\/\/juxtare.store\/it\/wp-json\/wp\/v2\/product_brand?post=81073"},{"taxonomy":"product_cat","embeddable":true,"href":"https:\/\/juxtare.store\/it\/wp-json\/wp\/v2\/product_cat?post=81073"},{"taxonomy":"product_tag","embeddable":true,"href":"https:\/\/juxtare.store\/it\/wp-json\/wp\/v2\/product_tag?post=81073"}],"curies":[{"name":"wp","href":"https:\/\/api.w.org\/{rel}","templated":true}]}}