{"id":80976,"date":"2025-01-26T06:30:56","date_gmt":"2025-01-26T05:30:56","guid":{"rendered":"https:\/\/juxtare.store\/?post_type=product&#038;p=80976"},"modified":"2025-01-27T11:34:16","modified_gmt":"2025-01-27T10:34:16","slug":"giacca-tuta-adidas-tiro23-hu1313","status":"publish","type":"product","link":"https:\/\/juxtare.store\/it\/prodotto\/giacca-tuta-adidas-tiro23-hu1313\/","title":{"rendered":"Giacca tuta Adidas tiro23 hu1313"},"content":{"rendered":"<p>Per allenamenti di alto livello. Quando hai bisogno di uno strato in pi\u00f9, questa giacca Adidas junior fa parte della collezione tiro 23 competition. La vestibilit\u00e0 aderente assicura la massima libert\u00e0 di movimento quando dai il meglio di te in campo. Gli inserti in mesh e la tecnologia antiumidit\u00e0 aeroready ti aiutano a mantenere la pelle fresca e asciutta, cos\u00ec non dovrai cambiarti prima di tornare a casa. Realizzato integralmente con materiali riciclati, questo prodotto \u00e8 solo una delle nostre azioni concrete per contrastare l&#8217;inquinamento causato dai rifiuti plastici.<\/p>\n","protected":false},"excerpt":{"rendered":"<p>Per allenamenti di alto livello. Quando hai bisogno di uno strato in pi\u00f9, questa giacca Adidas junior fa parte della collezione tiro 23 competition. La vestibilit\u00e0 aderente assicura la massima libert\u00e0 di movimento quando dai il meglio di te in campo. Gli inserti in mesh e la tecnologia antiumidit\u00e0 aeroready ti aiutano a mantenere la pelle fresca e asciutta, cos\u00ec non dovrai cambiarti prima di tornare a casa. Realizzato integralmente con materiali riciclati, questo prodotto \u00e8 solo una delle nostre azioni concrete per contrastare l&#8217;inquinamento causato dai rifiuti plastici.<\/p>\n","protected":false},"featured_media":80977,"comment_status":"open","ping_status":"closed","template":"","meta":[],"product_brand":[],"product_cat":[369,380],"product_tag":[],"class_list":{"0":"post-80976","1":"product","2":"type-product","3":"status-publish","4":"has-post-thumbnail","6":"product_cat-bambini","7":"product_cat-tute-per-bambini","10":"first","11":"instock","12":"shipping-taxable","13":"purchasable","14":"product-type-variable"},"_links":{"self":[{"href":"https:\/\/juxtare.store\/it\/wp-json\/wp\/v2\/product\/80976","targetHints":{"allow":["GET"]}}],"collection":[{"href":"https:\/\/juxtare.store\/it\/wp-json\/wp\/v2\/product"}],"about":[{"href":"https:\/\/juxtare.store\/it\/wp-json\/wp\/v2\/types\/product"}],"replies":[{"embeddable":true,"href":"https:\/\/juxtare.store\/it\/wp-json\/wp\/v2\/comments?post=80976"}],"wp:featuredmedia":[{"embeddable":true,"href":"https:\/\/juxtare.store\/it\/wp-json\/wp\/v2\/media\/80977"}],"wp:attachment":[{"href":"https:\/\/juxtare.store\/it\/wp-json\/wp\/v2\/media?parent=80976"}],"wp:term":[{"taxonomy":"product_brand","embeddable":true,"href":"https:\/\/juxtare.store\/it\/wp-json\/wp\/v2\/product_brand?post=80976"},{"taxonomy":"product_cat","embeddable":true,"href":"https:\/\/juxtare.store\/it\/wp-json\/wp\/v2\/product_cat?post=80976"},{"taxonomy":"product_tag","embeddable":true,"href":"https:\/\/juxtare.store\/it\/wp-json\/wp\/v2\/product_tag?post=80976"}],"curies":[{"name":"wp","href":"https:\/\/api.w.org\/{rel}","templated":true}]}}