{"id":79438,"date":"2025-01-05T06:25:42","date_gmt":"2025-01-05T05:25:42","guid":{"rendered":"https:\/\/juxtare.store\/?post_type=product&#038;p=79438"},"modified":"2025-01-17T06:26:43","modified_gmt":"2025-01-17T05:26:43","slug":"scarpe-da-calcio-nike-jr-vapor-16-club-fg-mg-fq8286-400","status":"publish","type":"product","link":"https:\/\/juxtare.store\/it\/prodotto\/scarpe-da-calcio-nike-jr-vapor-16-club-fg-mg-fq8286-400\/","title":{"rendered":"Scarpe da calcio Nike jr vapor 16 club fg\/mg fq8286 400"},"content":{"rendered":"<p>Se sei agli inizi o giochi solo per divertirti, la scarpa club ti consente di dare il massimo in campo senza rinunciare alla qualit\u00e0. Nike jr. vapor 16 pu\u00f2 aiutarti a far vedere tutta la tua velocit\u00e0 e mettere la palla in fondo alla rete. Inoltre la tomaia in pelle sintetica offre aderenza per i dribbling ad alta velocit\u00e0. \u00c8 ora di sfrecciare in campo!<\/p>\n","protected":false},"excerpt":{"rendered":"<p>Se sei agli inizi o giochi solo per divertirti, la scarpa club ti consente di dare il massimo in campo senza rinunciare alla qualit\u00e0. Nike jr. vapor 16 pu\u00f2 aiutarti a far vedere tutta la tua velocit\u00e0 e mettere la palla in fondo alla rete. Inoltre la tomaia in pelle sintetica offre aderenza per i dribbling ad alta velocit\u00e0. \u00c8 ora di sfrecciare in campo!<\/p>\n","protected":false},"featured_media":79439,"comment_status":"open","ping_status":"closed","template":"","meta":[],"product_brand":[],"product_cat":[400,616],"product_tag":[],"class_list":{"0":"post-79438","1":"product","2":"type-product","3":"status-publish","4":"has-post-thumbnail","6":"product_cat-sport-it","7":"product_cat-scarpe-da-calcio","10":"first","11":"instock","12":"shipping-taxable","13":"purchasable","14":"product-type-variable"},"_links":{"self":[{"href":"https:\/\/juxtare.store\/it\/wp-json\/wp\/v2\/product\/79438","targetHints":{"allow":["GET"]}}],"collection":[{"href":"https:\/\/juxtare.store\/it\/wp-json\/wp\/v2\/product"}],"about":[{"href":"https:\/\/juxtare.store\/it\/wp-json\/wp\/v2\/types\/product"}],"replies":[{"embeddable":true,"href":"https:\/\/juxtare.store\/it\/wp-json\/wp\/v2\/comments?post=79438"}],"wp:featuredmedia":[{"embeddable":true,"href":"https:\/\/juxtare.store\/it\/wp-json\/wp\/v2\/media\/79439"}],"wp:attachment":[{"href":"https:\/\/juxtare.store\/it\/wp-json\/wp\/v2\/media?parent=79438"}],"wp:term":[{"taxonomy":"product_brand","embeddable":true,"href":"https:\/\/juxtare.store\/it\/wp-json\/wp\/v2\/product_brand?post=79438"},{"taxonomy":"product_cat","embeddable":true,"href":"https:\/\/juxtare.store\/it\/wp-json\/wp\/v2\/product_cat?post=79438"},{"taxonomy":"product_tag","embeddable":true,"href":"https:\/\/juxtare.store\/it\/wp-json\/wp\/v2\/product_tag?post=79438"}],"curies":[{"name":"wp","href":"https:\/\/api.w.org\/{rel}","templated":true}]}}