{"id":79419,"date":"2025-01-05T06:26:31","date_gmt":"2025-01-05T05:26:31","guid":{"rendered":"https:\/\/juxtare.store\/?post_type=product&#038;p=79419"},"modified":"2025-01-17T06:27:40","modified_gmt":"2025-01-17T05:27:40","slug":"nike-jr-mercurial-superfly-10-academy-fq8308-400","status":"publish","type":"product","link":"https:\/\/juxtare.store\/it\/prodotto\/nike-jr-mercurial-superfly-10-academy-fq8308-400\/","title":{"rendered":"Nike jr. mercurial superfly 10 academy fq8308-400"},"content":{"rendered":"<p>Vuoi migliorare la tua velocit\u00e0? Abbiamo realizzato questa scarpa academy con un&#8217;unit\u00e0 air zoom migliorata nel tallone per offrirti la sensazione propulsiva necessaria per superare qualsiasi retrovia. Il risultato \u00e8 la mercurial pi\u00f9 reattiva mai realizzata, per darti la possibilit\u00e0 di mettere in mostra la tua velocit\u00e0 e mettere la palla in rete. Scarpa da calcio a taglio alto ag \u2013 bambino\/a e ragazzo\/a . Colore: glacier blue\/blue orbit. Stile: fq8308-400.<\/p>\n","protected":false},"excerpt":{"rendered":"<p>Vuoi migliorare la tua velocit\u00e0? Abbiamo realizzato questa scarpa academy con un&#8217;unit\u00e0 air zoom migliorata nel tallone per offrirti la sensazione propulsiva necessaria per superare qualsiasi retrovia. Il risultato \u00e8 la mercurial pi\u00f9 reattiva mai realizzata, per darti la possibilit\u00e0 di mettere in mostra la tua velocit\u00e0 e mettere la palla in rete. Scarpa da calcio a taglio alto ag \u2013 bambino\/a e ragazzo\/a . Colore: glacier blue\/blue orbit. Stile: fq8308-400.<\/p>\n","protected":false},"featured_media":79420,"comment_status":"open","ping_status":"closed","template":"","meta":[],"product_brand":[],"product_cat":[400,616],"product_tag":[],"class_list":{"0":"post-79419","1":"product","2":"type-product","3":"status-publish","4":"has-post-thumbnail","6":"product_cat-sport-it","7":"product_cat-scarpe-da-calcio","10":"first","11":"instock","12":"shipping-taxable","13":"purchasable","14":"product-type-variable"},"_links":{"self":[{"href":"https:\/\/juxtare.store\/it\/wp-json\/wp\/v2\/product\/79419","targetHints":{"allow":["GET"]}}],"collection":[{"href":"https:\/\/juxtare.store\/it\/wp-json\/wp\/v2\/product"}],"about":[{"href":"https:\/\/juxtare.store\/it\/wp-json\/wp\/v2\/types\/product"}],"replies":[{"embeddable":true,"href":"https:\/\/juxtare.store\/it\/wp-json\/wp\/v2\/comments?post=79419"}],"wp:featuredmedia":[{"embeddable":true,"href":"https:\/\/juxtare.store\/it\/wp-json\/wp\/v2\/media\/79420"}],"wp:attachment":[{"href":"https:\/\/juxtare.store\/it\/wp-json\/wp\/v2\/media?parent=79419"}],"wp:term":[{"taxonomy":"product_brand","embeddable":true,"href":"https:\/\/juxtare.store\/it\/wp-json\/wp\/v2\/product_brand?post=79419"},{"taxonomy":"product_cat","embeddable":true,"href":"https:\/\/juxtare.store\/it\/wp-json\/wp\/v2\/product_cat?post=79419"},{"taxonomy":"product_tag","embeddable":true,"href":"https:\/\/juxtare.store\/it\/wp-json\/wp\/v2\/product_tag?post=79419"}],"curies":[{"name":"wp","href":"https:\/\/api.w.org\/{rel}","templated":true}]}}