{"id":79404,"date":"2025-01-05T06:27:12","date_gmt":"2025-01-05T05:27:12","guid":{"rendered":"https:\/\/juxtare.store\/?post_type=product&#038;p=79404"},"modified":"2025-01-17T06:28:34","modified_gmt":"2025-01-17T05:28:34","slug":"nike-mercurial-zoom-superfly-academy-fg-jr-fq8304-400","status":"publish","type":"product","link":"https:\/\/juxtare.store\/it\/prodotto\/nike-mercurial-zoom-superfly-academy-fg-jr-fq8304-400\/","title":{"rendered":"Nike mercurial zoom superfly academy fg jr fq8304-400"},"content":{"rendered":"<p>Vuoi portare la tua velocit\u00e0 al livello successivo? Queste scarpe Nike academy con un&#8217;unit\u00e0 air zoom migliorata sul tallone, donano una sensazione propulsiva necessaria per sfondare la linea di fondo. Il risultato \u00e8 la mercurial pi\u00f9 reattiva che abbiamo mai realizzato, cos\u00ec puoi dare la massima velocit\u00e0 e mandare la palla in rete. La tomaia \u00e8 realizzata in nikeskin con chevron incorporati che aiuta a fornire controllo di palla e ti d\u00e0 davvero la sensazione di giocare a calcio a piedi nudi. Il modello di trazione ondulato \u00e8 costituito da una serie di tacchetti a cascata, quindi impegna una maggiore superficie dell&#8217;unit\u00e0 air zoom fornendo allo stesso tempo la giusta quantit\u00e0 di presa. Le linguette e il cinturino si uniscono per un design che elimina la necessit\u00e0 dei lacci e ti aiuta a scendere velocemente in campo. La rete elasticizzata \u00e8 stata aggiornata con una maglia adattabile che offre flessibilit\u00e0 e supporto avvicinandoti alla palla. Il collare dynamic fit avvolge la caviglia in un tessuto morbido ed elasticizzato per una calzata sicura. Caratteristiche: ideale per l&#8217;uso su superfici naturali e sintetiche, soletta imbottita, trazione veloce.<\/p>\n","protected":false},"excerpt":{"rendered":"<p>Vuoi portare la tua velocit\u00e0 al livello successivo? Queste scarpe Nike academy con un&#8217;unit\u00e0 air zoom migliorata sul tallone, donano una sensazione propulsiva necessaria per sfondare la linea di fondo. Il risultato \u00e8 la mercurial pi\u00f9 reattiva che abbiamo mai realizzato, cos\u00ec puoi dare la massima velocit\u00e0 e mandare la palla in rete. La tomaia \u00e8 realizzata in nikeskin con chevron incorporati che aiuta a fornire controllo di palla e ti d\u00e0 davvero la sensazione di giocare a calcio a piedi nudi. Il modello di trazione ondulato \u00e8 costituito da una serie di tacchetti a cascata, quindi impegna una maggiore superficie dell&#8217;unit\u00e0 air zoom fornendo allo stesso tempo la giusta quantit\u00e0 di presa. Le linguette e il cinturino si uniscono per un design che elimina la necessit\u00e0 dei lacci e ti aiuta a scendere velocemente in campo. La rete elasticizzata \u00e8 stata aggiornata con una maglia adattabile che offre flessibilit\u00e0 e supporto avvicinandoti alla palla. Il collare dynamic fit avvolge la caviglia in un tessuto morbido ed elasticizzato per una calzata sicura. Caratteristiche: ideale per l&#8217;uso su superfici naturali e sintetiche, soletta imbottita, trazione veloce.<\/p>\n","protected":false},"featured_media":79405,"comment_status":"open","ping_status":"closed","template":"","meta":[],"product_brand":[],"product_cat":[400,616],"product_tag":[],"class_list":{"0":"post-79404","1":"product","2":"type-product","3":"status-publish","4":"has-post-thumbnail","6":"product_cat-sport-it","7":"product_cat-scarpe-da-calcio","10":"first","11":"instock","12":"shipping-taxable","13":"purchasable","14":"product-type-variable"},"_links":{"self":[{"href":"https:\/\/juxtare.store\/it\/wp-json\/wp\/v2\/product\/79404","targetHints":{"allow":["GET"]}}],"collection":[{"href":"https:\/\/juxtare.store\/it\/wp-json\/wp\/v2\/product"}],"about":[{"href":"https:\/\/juxtare.store\/it\/wp-json\/wp\/v2\/types\/product"}],"replies":[{"embeddable":true,"href":"https:\/\/juxtare.store\/it\/wp-json\/wp\/v2\/comments?post=79404"}],"wp:featuredmedia":[{"embeddable":true,"href":"https:\/\/juxtare.store\/it\/wp-json\/wp\/v2\/media\/79405"}],"wp:attachment":[{"href":"https:\/\/juxtare.store\/it\/wp-json\/wp\/v2\/media?parent=79404"}],"wp:term":[{"taxonomy":"product_brand","embeddable":true,"href":"https:\/\/juxtare.store\/it\/wp-json\/wp\/v2\/product_brand?post=79404"},{"taxonomy":"product_cat","embeddable":true,"href":"https:\/\/juxtare.store\/it\/wp-json\/wp\/v2\/product_cat?post=79404"},{"taxonomy":"product_tag","embeddable":true,"href":"https:\/\/juxtare.store\/it\/wp-json\/wp\/v2\/product_tag?post=79404"}],"curies":[{"name":"wp","href":"https:\/\/api.w.org\/{rel}","templated":true}]}}