{"id":79359,"date":"2025-01-05T06:28:50","date_gmt":"2025-01-05T05:28:50","guid":{"rendered":"https:\/\/juxtare.store\/?post_type=product&#038;p=79359"},"modified":"2025-06-05T07:49:36","modified_gmt":"2025-06-05T05:49:36","slug":"giubbini-nike-therma-fit-academy-pro-24-fall-fd7704-010","status":"publish","type":"product","link":"https:\/\/juxtare.store\/it\/prodotto\/giubbini-nike-therma-fit-academy-pro-24-fall-fd7704-010\/","title":{"rendered":"Giubbini Nike therma-fit academy pro 24 fall fd7704-010"},"content":{"rendered":"<p>Massimo comfort anche durante il maltempo con la giacca Nike therma-fit academy pro 24 fall. Il corpo e le maniche sono in tessuto idrorepellente per mantenere asciutta la pelle dei giocatori. Gli inserti con imbottitura in piuma all&#8217;interno dei pannelli li mantengono caldi. Le cuciture elasticizzate lungo l&#8217;orlo inferiore mantengono la giacca pi\u00f9 vicina al corpo per trattenere il calore. Questa giacca \u00e8 realizzata con almeno il 75% di materiale riciclato e la struttura della manica impiega un motivo pi\u00f9 efficiente che riduce lo spreco di materiale. Dettagli del prodotto: la tecnologia Nike therma-fit aiuta a regolare il calore naturale del corpo per mantenere una temperatura ideale nelle giornate fredde. Loose fit per un taglio ampio e oversize. L&#8217;apertura della manica \u00e8 un polsino interno foderato in fleece. Le tasche con zip offrono uno spazio sicuro per riporre i tuoi oggetti. 100% polyester.<\/p>\n","protected":false},"excerpt":{"rendered":"<p>Massimo comfort anche durante il maltempo con la giacca Nike therma-fit academy pro 24 fall. Il corpo e le maniche sono in tessuto idrorepellente per mantenere asciutta la pelle dei giocatori. Gli inserti con imbottitura in piuma all&#8217;interno dei pannelli li mantengono caldi. Le cuciture elasticizzate lungo l&#8217;orlo inferiore mantengono la giacca pi\u00f9 vicina al corpo per trattenere il calore. Questa giacca \u00e8 realizzata con almeno il 75% di materiale riciclato e la struttura della manica impiega un motivo pi\u00f9 efficiente che riduce lo spreco di materiale. Dettagli del prodotto: la tecnologia Nike therma-fit aiuta a regolare il calore naturale del corpo per mantenere una temperatura ideale nelle giornate fredde. Loose fit per un taglio ampio e oversize. L&#8217;apertura della manica \u00e8 un polsino interno foderato in fleece. Le tasche con zip offrono uno spazio sicuro per riporre i tuoi oggetti. 100% polyester.<\/p>\n","protected":false},"featured_media":79360,"comment_status":"open","ping_status":"closed","template":"","meta":[],"product_brand":[],"product_cat":[412,418],"product_tag":[],"class_list":{"0":"post-79359","1":"product","2":"type-product","3":"status-publish","4":"has-post-thumbnail","6":"product_cat-donna","7":"product_cat-giacche-da-donna","10":"first","11":"instock","12":"shipping-taxable","13":"purchasable","14":"product-type-variable"},"_links":{"self":[{"href":"https:\/\/juxtare.store\/it\/wp-json\/wp\/v2\/product\/79359","targetHints":{"allow":["GET"]}}],"collection":[{"href":"https:\/\/juxtare.store\/it\/wp-json\/wp\/v2\/product"}],"about":[{"href":"https:\/\/juxtare.store\/it\/wp-json\/wp\/v2\/types\/product"}],"replies":[{"embeddable":true,"href":"https:\/\/juxtare.store\/it\/wp-json\/wp\/v2\/comments?post=79359"}],"wp:featuredmedia":[{"embeddable":true,"href":"https:\/\/juxtare.store\/it\/wp-json\/wp\/v2\/media\/79360"}],"wp:attachment":[{"href":"https:\/\/juxtare.store\/it\/wp-json\/wp\/v2\/media?parent=79359"}],"wp:term":[{"taxonomy":"product_brand","embeddable":true,"href":"https:\/\/juxtare.store\/it\/wp-json\/wp\/v2\/product_brand?post=79359"},{"taxonomy":"product_cat","embeddable":true,"href":"https:\/\/juxtare.store\/it\/wp-json\/wp\/v2\/product_cat?post=79359"},{"taxonomy":"product_tag","embeddable":true,"href":"https:\/\/juxtare.store\/it\/wp-json\/wp\/v2\/product_tag?post=79359"}],"curies":[{"name":"wp","href":"https:\/\/api.w.org\/{rel}","templated":true}]}}