{"id":78309,"date":"2024-11-21T06:22:31","date_gmt":"2024-11-21T05:22:31","guid":{"rendered":"https:\/\/juxtare.store\/?post_type=product&#038;p=78309"},"modified":"2024-11-25T11:59:06","modified_gmt":"2024-11-25T10:59:06","slug":"bermuda-adidas-seasonal-essentials-iw6360","status":"publish","type":"product","link":"https:\/\/juxtare.store\/it\/prodotto\/bermuda-adidas-seasonal-essentials-iw6360\/","title":{"rendered":"Bermuda Adidas seasonal essentials iw6360"},"content":{"rendered":"<p>Questi pantaloncini Adidas sono realizzati in un tessuto misto morbido e resistente, ideale per le giornate in cui il comfort \u00e8 una priorit\u00e0. Tagliati per una vestibilit\u00e0 regolare e dotati di una morbida cintura in vita, questi pantaloncini sono facili da indossare con una maglietta casual o una camicia rilassata. Che tu sia fuori a esplorare o che tu stia sul divano, le tasche tengono il tuo telefono a portata di mano. Scegliendo materiali riciclati, siamo in grado di riutilizzare materiali che sono gi\u00e0 stati creati, contribuendo a ridurre gli sprechi. Scegliere materiali rinnovabili ci aiuter\u00e0 a smettere di fare affidamento su risorse limitate. I nostri prodotti realizzati con un mix di materiali riciclati e rinnovabili contengono almeno il 70% di questi materiali.<\/p>\n","protected":false},"excerpt":{"rendered":"<p>Questi pantaloncini Adidas sono realizzati in un tessuto misto morbido e resistente, ideale per le giornate in cui il comfort \u00e8 una priorit\u00e0. Tagliati per una vestibilit\u00e0 regolare e dotati di una morbida cintura in vita, questi pantaloncini sono facili da indossare con una maglietta casual o una camicia rilassata. Che tu sia fuori a esplorare o che tu stia sul divano, le tasche tengono il tuo telefono a portata di mano. Scegliendo materiali riciclati, siamo in grado di riutilizzare materiali che sono gi\u00e0 stati creati, contribuendo a ridurre gli sprechi. Scegliere materiali rinnovabili ci aiuter\u00e0 a smettere di fare affidamento su risorse limitate. I nostri prodotti realizzati con un mix di materiali riciclati e rinnovabili contengono almeno il 70% di questi materiali.<\/p>\n","protected":false},"featured_media":78310,"comment_status":"open","ping_status":"closed","template":"","meta":[],"product_brand":[],"product_cat":[382,393],"product_tag":[],"class_list":{"0":"post-78309","1":"product","2":"type-product","3":"status-publish","4":"has-post-thumbnail","6":"product_cat-uomo","7":"product_cat-pantaloncini-da-uomo","10":"first","11":"instock","12":"shipping-taxable","13":"purchasable","14":"product-type-variable"},"_links":{"self":[{"href":"https:\/\/juxtare.store\/it\/wp-json\/wp\/v2\/product\/78309","targetHints":{"allow":["GET"]}}],"collection":[{"href":"https:\/\/juxtare.store\/it\/wp-json\/wp\/v2\/product"}],"about":[{"href":"https:\/\/juxtare.store\/it\/wp-json\/wp\/v2\/types\/product"}],"replies":[{"embeddable":true,"href":"https:\/\/juxtare.store\/it\/wp-json\/wp\/v2\/comments?post=78309"}],"wp:featuredmedia":[{"embeddable":true,"href":"https:\/\/juxtare.store\/it\/wp-json\/wp\/v2\/media\/78310"}],"wp:attachment":[{"href":"https:\/\/juxtare.store\/it\/wp-json\/wp\/v2\/media?parent=78309"}],"wp:term":[{"taxonomy":"product_brand","embeddable":true,"href":"https:\/\/juxtare.store\/it\/wp-json\/wp\/v2\/product_brand?post=78309"},{"taxonomy":"product_cat","embeddable":true,"href":"https:\/\/juxtare.store\/it\/wp-json\/wp\/v2\/product_cat?post=78309"},{"taxonomy":"product_tag","embeddable":true,"href":"https:\/\/juxtare.store\/it\/wp-json\/wp\/v2\/product_tag?post=78309"}],"curies":[{"name":"wp","href":"https:\/\/api.w.org\/{rel}","templated":true}]}}