{"id":78265,"date":"2024-11-21T06:23:55","date_gmt":"2024-11-21T05:23:55","guid":{"rendered":"https:\/\/juxtare.store\/?post_type=product&#038;p=78265"},"modified":"2024-11-25T11:42:32","modified_gmt":"2024-11-25T10:42:32","slug":"pantaloni-adidas-house-of-tiro-fleece-iw0171","status":"publish","type":"product","link":"https:\/\/juxtare.store\/it\/prodotto\/pantaloni-adidas-house-of-tiro-fleece-iw0171\/","title":{"rendered":"Pantaloni Adidas house of tiro fleece iw0171"},"content":{"rendered":"<p>Con questi pantaloni Adidas sei sempre pronto a tutto. La morbida struttura in tessuto felpato e il girovita regolabile con cordino assicurano un comfort eccezionale. Abbinali a una t-shirt per un appeal disinvolto o a una felpa quando hai bisogno di un calore ottimale. Il taglio affusolato sulle gambe con zip alle caviglie ti consente di mettere in mostra le tue sneaker preferite. Perfetti sia per i tuoi look casual che sportivi, questi pantaloni sono sempre la scelta vincente. Scegliere materiali riciclati ci permette di riutilizzare ci\u00f2 che \u00e8 gi\u00e0 stato creato, contribuendo a ridurre gli sprechi e i rifiuti. La scelta di materiali rinnovabili ci aiuter\u00e0 a ridurre la nostra dipendenza dalle risorse limitate. I nostri prodotti realizzati con un mix di materiali riciclati e rinnovabili contengono almeno il 70% di questi materiali sul totale. Tessuto felpato, 70% cotone, 30% poliestere riciclato.<\/p>\n","protected":false},"excerpt":{"rendered":"<p>Con questi pantaloni Adidas sei sempre pronto a tutto. La morbida struttura in tessuto felpato e il girovita regolabile con cordino assicurano un comfort eccezionale. Abbinali a una t-shirt per un appeal disinvolto o a una felpa quando hai bisogno di un calore ottimale. Il taglio affusolato sulle gambe con zip alle caviglie ti consente di mettere in mostra le tue sneaker preferite. Perfetti sia per i tuoi look casual che sportivi, questi pantaloni sono sempre la scelta vincente. Scegliere materiali riciclati ci permette di riutilizzare ci\u00f2 che \u00e8 gi\u00e0 stato creato, contribuendo a ridurre gli sprechi e i rifiuti. La scelta di materiali rinnovabili ci aiuter\u00e0 a ridurre la nostra dipendenza dalle risorse limitate. I nostri prodotti realizzati con un mix di materiali riciclati e rinnovabili contengono almeno il 70% di questi materiali sul totale. Tessuto felpato, 70% cotone, 30% poliestere riciclato.<\/p>\n","protected":false},"featured_media":78266,"comment_status":"open","ping_status":"closed","template":"","meta":[],"product_brand":[],"product_cat":[382,398],"product_tag":[],"class_list":{"0":"post-78265","1":"product","2":"type-product","3":"status-publish","4":"has-post-thumbnail","6":"product_cat-uomo","7":"product_cat-tute-da-uomo","10":"first","11":"instock","12":"shipping-taxable","13":"purchasable","14":"product-type-variable"},"_links":{"self":[{"href":"https:\/\/juxtare.store\/it\/wp-json\/wp\/v2\/product\/78265","targetHints":{"allow":["GET"]}}],"collection":[{"href":"https:\/\/juxtare.store\/it\/wp-json\/wp\/v2\/product"}],"about":[{"href":"https:\/\/juxtare.store\/it\/wp-json\/wp\/v2\/types\/product"}],"replies":[{"embeddable":true,"href":"https:\/\/juxtare.store\/it\/wp-json\/wp\/v2\/comments?post=78265"}],"wp:featuredmedia":[{"embeddable":true,"href":"https:\/\/juxtare.store\/it\/wp-json\/wp\/v2\/media\/78266"}],"wp:attachment":[{"href":"https:\/\/juxtare.store\/it\/wp-json\/wp\/v2\/media?parent=78265"}],"wp:term":[{"taxonomy":"product_brand","embeddable":true,"href":"https:\/\/juxtare.store\/it\/wp-json\/wp\/v2\/product_brand?post=78265"},{"taxonomy":"product_cat","embeddable":true,"href":"https:\/\/juxtare.store\/it\/wp-json\/wp\/v2\/product_cat?post=78265"},{"taxonomy":"product_tag","embeddable":true,"href":"https:\/\/juxtare.store\/it\/wp-json\/wp\/v2\/product_tag?post=78265"}],"curies":[{"name":"wp","href":"https:\/\/api.w.org\/{rel}","templated":true}]}}