{"id":78140,"date":"2024-11-21T06:24:52","date_gmt":"2024-11-21T05:24:52","guid":{"rendered":"https:\/\/juxtare.store\/?post_type=product&#038;p=78140"},"modified":"2024-11-22T14:01:59","modified_gmt":"2024-11-22T13:01:59","slug":"tuta-completa-adidas-basic-3-stripes-tricot-iy6653","status":"publish","type":"product","link":"https:\/\/juxtare.store\/it\/prodotto\/tuta-completa-adidas-basic-3-stripes-tricot-iy6653\/","title":{"rendered":"Tuta completa Adidas basic 3-stripes tricot iy6653"},"content":{"rendered":"<p>Adidas tuta da ginnastica. Realizzata in maglia con elasticit\u00e0 leggera per una completa libert\u00e0 di movimento. Taglio dritto che consente libert\u00e0 di movimento. Fornito di chiusura lampo e colletto alto. Tasche laterali aperte per le mani o gli oggetti essenziali con coulisse sull&#8217;orlo. Lunghezza manica 68 cm e larghezza sotto l&#8217;ascella 56 cm. Lunghezza 74 cm. Larghezza in vita 38 cm e larghezza dei fianchi 51 cm. Altezza della vita 27 cm. Larghezza della gamba all&#8217;orlo 15 cm. Larghezza della gamba 32 cm e lunghezza esterna della gamba 103 cm. Misure per la taglia M.<\/p>\n","protected":false},"excerpt":{"rendered":"<p>Adidas tuta da ginnastica. Realizzata in maglia con elasticit\u00e0 leggera per una completa libert\u00e0 di movimento. Taglio dritto che consente libert\u00e0 di movimento. Fornito di chiusura lampo e colletto alto. Tasche laterali aperte per le mani o gli oggetti essenziali con coulisse sull&#8217;orlo. Lunghezza manica 68 cm e larghezza sotto l&#8217;ascella 56 cm. Lunghezza 74 cm. Larghezza in vita 38 cm e larghezza dei fianchi 51 cm. Altezza della vita 27 cm. Larghezza della gamba all&#8217;orlo 15 cm. Larghezza della gamba 32 cm e lunghezza esterna della gamba 103 cm. Misure per la taglia M.<\/p>\n","protected":false},"featured_media":78141,"comment_status":"open","ping_status":"closed","template":"","meta":[],"product_brand":[],"product_cat":[382,398],"product_tag":[],"class_list":{"0":"post-78140","1":"product","2":"type-product","3":"status-publish","4":"has-post-thumbnail","6":"product_cat-uomo","7":"product_cat-tute-da-uomo","10":"first","11":"instock","12":"shipping-taxable","13":"purchasable","14":"product-type-variable"},"_links":{"self":[{"href":"https:\/\/juxtare.store\/it\/wp-json\/wp\/v2\/product\/78140","targetHints":{"allow":["GET"]}}],"collection":[{"href":"https:\/\/juxtare.store\/it\/wp-json\/wp\/v2\/product"}],"about":[{"href":"https:\/\/juxtare.store\/it\/wp-json\/wp\/v2\/types\/product"}],"replies":[{"embeddable":true,"href":"https:\/\/juxtare.store\/it\/wp-json\/wp\/v2\/comments?post=78140"}],"wp:featuredmedia":[{"embeddable":true,"href":"https:\/\/juxtare.store\/it\/wp-json\/wp\/v2\/media\/78141"}],"wp:attachment":[{"href":"https:\/\/juxtare.store\/it\/wp-json\/wp\/v2\/media?parent=78140"}],"wp:term":[{"taxonomy":"product_brand","embeddable":true,"href":"https:\/\/juxtare.store\/it\/wp-json\/wp\/v2\/product_brand?post=78140"},{"taxonomy":"product_cat","embeddable":true,"href":"https:\/\/juxtare.store\/it\/wp-json\/wp\/v2\/product_cat?post=78140"},{"taxonomy":"product_tag","embeddable":true,"href":"https:\/\/juxtare.store\/it\/wp-json\/wp\/v2\/product_tag?post=78140"}],"curies":[{"name":"wp","href":"https:\/\/api.w.org\/{rel}","templated":true}]}}