{"id":77234,"date":"2024-10-01T07:24:16","date_gmt":"2024-10-01T05:24:16","guid":{"rendered":"https:\/\/juxtare.store\/?post_type=product&#038;p=77234"},"modified":"2024-11-15T11:53:13","modified_gmt":"2024-11-15T10:53:13","slug":"felpa-adidas-tiro24-ir7547","status":"publish","type":"product","link":"https:\/\/juxtare.store\/it\/prodotto\/felpa-adidas-tiro24-ir7547\/","title":{"rendered":"Felpa Adidas tiro24 ir7547"},"content":{"rendered":"<p>Assicurati il massimo comfort a bordo campo. Grazie alla vestibilit\u00e0 ampia e alla struttura in tessuto felpato, questa felpa con cappuccio Adidas \u00e8 ideale per il tragitto da casa al campo da calcio e viceversa. Solleva il cappuccio e regola il cordino per individuare il giusto livello di copertura e isolarti per ritrovare la concentrazione prima della partita o dell&#8217;allenamento. Scegliere materiali riciclati ci permette di riutilizzare ci\u00f2 che \u00e8 gi\u00e0 stato creato. Questo ci aiuta a ridurre gli sprechi e i rifiuti ed a diminuire la nostra dipendenza da risorse limitate. I nostri prodotti realizzati con un mix di materiali riciclati e rinnovabili contengono almeno il 70% di questi materiali sul totale.<\/p>\n","protected":false},"excerpt":{"rendered":"<p>Assicurati il massimo comfort a bordo campo. Grazie alla vestibilit\u00e0 ampia e alla struttura in tessuto felpato, questa felpa con cappuccio Adidas \u00e8 ideale per il tragitto da casa al campo da calcio e viceversa. Solleva il cappuccio e regola il cordino per individuare il giusto livello di copertura e isolarti per ritrovare la concentrazione prima della partita o dell&#8217;allenamento. Scegliere materiali riciclati ci permette di riutilizzare ci\u00f2 che \u00e8 gi\u00e0 stato creato. Questo ci aiuta a ridurre gli sprechi e i rifiuti ed a diminuire la nostra dipendenza da risorse limitate. I nostri prodotti realizzati con un mix di materiali riciclati e rinnovabili contengono almeno il 70% di questi materiali sul totale.<\/p>\n","protected":false},"featured_media":77235,"comment_status":"open","ping_status":"closed","template":"","meta":[],"product_brand":[],"product_cat":[382,388],"product_tag":[],"class_list":{"0":"post-77234","1":"product","2":"type-product","3":"status-publish","4":"has-post-thumbnail","6":"product_cat-uomo","7":"product_cat-felpe-da-uomo","10":"first","11":"instock","12":"shipping-taxable","13":"purchasable","14":"product-type-variable"},"_links":{"self":[{"href":"https:\/\/juxtare.store\/it\/wp-json\/wp\/v2\/product\/77234","targetHints":{"allow":["GET"]}}],"collection":[{"href":"https:\/\/juxtare.store\/it\/wp-json\/wp\/v2\/product"}],"about":[{"href":"https:\/\/juxtare.store\/it\/wp-json\/wp\/v2\/types\/product"}],"replies":[{"embeddable":true,"href":"https:\/\/juxtare.store\/it\/wp-json\/wp\/v2\/comments?post=77234"}],"wp:featuredmedia":[{"embeddable":true,"href":"https:\/\/juxtare.store\/it\/wp-json\/wp\/v2\/media\/77235"}],"wp:attachment":[{"href":"https:\/\/juxtare.store\/it\/wp-json\/wp\/v2\/media?parent=77234"}],"wp:term":[{"taxonomy":"product_brand","embeddable":true,"href":"https:\/\/juxtare.store\/it\/wp-json\/wp\/v2\/product_brand?post=77234"},{"taxonomy":"product_cat","embeddable":true,"href":"https:\/\/juxtare.store\/it\/wp-json\/wp\/v2\/product_cat?post=77234"},{"taxonomy":"product_tag","embeddable":true,"href":"https:\/\/juxtare.store\/it\/wp-json\/wp\/v2\/product_tag?post=77234"}],"curies":[{"name":"wp","href":"https:\/\/api.w.org\/{rel}","templated":true}]}}