{"id":77190,"date":"2024-10-01T07:37:58","date_gmt":"2024-10-01T05:37:58","guid":{"rendered":"https:\/\/juxtare.store\/?post_type=product&#038;p=77190"},"modified":"2024-11-15T11:32:45","modified_gmt":"2024-11-15T10:32:45","slug":"felpa-adidas-entrada22-h57516","status":"publish","type":"product","link":"https:\/\/juxtare.store\/it\/prodotto\/felpa-adidas-entrada22-h57516\/","title":{"rendered":"Felpa Adidas entrada22 h57516"},"content":{"rendered":"<p>Dedicata a chi gioca a calcio a livello amatoriale, la collezione entrada 22 offre tutto quello che ti serve per innalzare il tuo stile e le tue prestazioni in campo. Questa felpa con cappuccio Adidas junior \u00e8 un concentrato di comfort e morbidezza. Solleva il cappuccio e tieni al caldo le mani nella tasca a marsupio quando \u00e8 il momento di prenderti una pausa. Questo prodotto \u00e8 in parte realizzato con materiale riciclato ottenuto da scarti di produzione, come i ritagli di stoffa, e da rifiuti domestici per ridurre l&#8217;impatto ambientale legato alla produzione di materiali vergini.<\/p>\n","protected":false},"excerpt":{"rendered":"<p>Dedicata a chi gioca a calcio a livello amatoriale, la collezione entrada 22 offre tutto quello che ti serve per innalzare il tuo stile e le tue prestazioni in campo. Questa felpa con cappuccio Adidas junior \u00e8 un concentrato di comfort e morbidezza. Solleva il cappuccio e tieni al caldo le mani nella tasca a marsupio quando \u00e8 il momento di prenderti una pausa. Questo prodotto \u00e8 in parte realizzato con materiale riciclato ottenuto da scarti di produzione, come i ritagli di stoffa, e da rifiuti domestici per ridurre l&#8217;impatto ambientale legato alla produzione di materiali vergini.<\/p>\n","protected":false},"featured_media":77191,"comment_status":"open","ping_status":"closed","template":"","meta":[],"product_brand":[],"product_cat":[369,373],"product_tag":[],"class_list":{"0":"post-77190","1":"product","2":"type-product","3":"status-publish","4":"has-post-thumbnail","6":"product_cat-bambini","7":"product_cat-felpe-per-bambini","10":"first","11":"instock","12":"shipping-taxable","13":"purchasable","14":"product-type-variable"},"_links":{"self":[{"href":"https:\/\/juxtare.store\/it\/wp-json\/wp\/v2\/product\/77190","targetHints":{"allow":["GET"]}}],"collection":[{"href":"https:\/\/juxtare.store\/it\/wp-json\/wp\/v2\/product"}],"about":[{"href":"https:\/\/juxtare.store\/it\/wp-json\/wp\/v2\/types\/product"}],"replies":[{"embeddable":true,"href":"https:\/\/juxtare.store\/it\/wp-json\/wp\/v2\/comments?post=77190"}],"wp:featuredmedia":[{"embeddable":true,"href":"https:\/\/juxtare.store\/it\/wp-json\/wp\/v2\/media\/77191"}],"wp:attachment":[{"href":"https:\/\/juxtare.store\/it\/wp-json\/wp\/v2\/media?parent=77190"}],"wp:term":[{"taxonomy":"product_brand","embeddable":true,"href":"https:\/\/juxtare.store\/it\/wp-json\/wp\/v2\/product_brand?post=77190"},{"taxonomy":"product_cat","embeddable":true,"href":"https:\/\/juxtare.store\/it\/wp-json\/wp\/v2\/product_cat?post=77190"},{"taxonomy":"product_tag","embeddable":true,"href":"https:\/\/juxtare.store\/it\/wp-json\/wp\/v2\/product_tag?post=77190"}],"curies":[{"name":"wp","href":"https:\/\/api.w.org\/{rel}","templated":true}]}}